{"id":11517,"date":"2026-03-02T12:00:02","date_gmt":"2026-03-02T12:00:02","guid":{"rendered":"https:\/\/neu.oehm-rehbein.de\/?page_id=11517"},"modified":"2026-03-02T12:04:50","modified_gmt":"2026-03-02T12:04:50","slug":"cookies","status":"publish","type":"page","link":"https:\/\/or-technology.com\/de\/cookies\/","title":{"rendered":"Cookies"},"content":{"rendered":"\n<h1 class=\"wp-block-heading\">Einsatz von Cookies<\/h1>\n\n\n\n<p>F\u00fcr unseren Internetauftritt nutzen wir die Technik der Cookies. Cookies sind kleine Textdateien, die im Rahmen Ihres Besuchs unserer Internetseiten von unserem Webserver an Ihren Browser gesandt und von diesem auf Ihrem Rechner f\u00fcr einen sp\u00e4teren Abruf vorgehalten werden k\u00f6nnen.<\/p>\n\n\n\n<p>Wir setzen nur sog. Session-Cookies (auch als tempor\u00e4re Cookies bezeichnet) ein, also solche, die ausschlie\u00dflich f\u00fcr die Dauer Ihrer Nutzung einer unserer Internetseiten zwischengespeichert werden. Zweck dieser Cookies ist, Ihren Rechner w\u00e4hrend eines Besuchs unseres Internetauftritts beim Wechsel von einer unserer Webseiten zu einer anderen unserer Webseiten weiterhin zu identifizieren und das Ende Ihres Besuchs feststellen zu k\u00f6nnen.<\/p>\n\n\n\n<p>Die Cookies werden gel\u00f6scht, sobald Sie Ihre Browsersitzung beenden.<\/p>\n\n\n\n<p>Ob Cookies gesetzt und abgerufen werden k\u00f6nnen, k\u00f6nnen Sie durch die Einstellungen in Ihrem Browser selbst bestimmen. Sie k\u00f6nnen in Ihrem Browser etwa das Speichern von Cookies g\u00e4nzlich deaktivieren, es auf bestimmte Webseiten beschr\u00e4nken oder Ihren Browser so konfigurieren, dass er Sie automatisch benachrichtigt, sobald ein Cookie gesetzt werden soll und Sie um R\u00fcckmeldung dazu bittet. F\u00fcr den vollen Funktionsumfang unseres Internetauftritts ist es allerdings aus technischen Gr\u00fcnden erforderlich, die genannten Session Cookies zuzulassen.<\/p>\n\n\n\n<p>Eine Erhebung oder Speicherung personenbezogener Daten in Cookies findet in diesem Zusammenhang durch uns nicht statt. Wir setzen auch keine Techniken ein, die durch Cookies anfallende Informationen mit Nutzerdaten verbinden.<\/p>\n","protected":false},"excerpt":{"rendered":"<p>Einsatz von Cookies F\u00fcr unseren Internetauftritt nutzen wir die Technik der Cookies. Cookies sind kleine Textdateien, die im Rahmen Ihres Besuchs unserer Internetseiten von unserem Webserver an Ihren Browser gesandt &#8230;<\/p>\n","protected":false},"author":4,"featured_media":0,"parent":0,"menu_order":0,"comment_status":"closed","ping_status":"closed","template":"","meta":{"_acf_changed":false,"inline_featured_image":false,"footnotes":""},"class_list":["post-11517","page","type-page","status-publish","hentry"],"acf":[],"yoast_head":"<!-- This site is optimized with the Yoast SEO plugin v27.2 - https:\/\/yoast.com\/product\/yoast-seo-wordpress\/ -->\n<title>Cookies - Oehm und Rehbein<\/title>\n<meta name=\"robots\" content=\"index, follow, max-snippet:-1, max-image-preview:large, max-video-preview:-1\" \/>\n<link rel=\"canonical\" href=\"https:\/\/or-technology.com\/de\/cookies\/\" \/>\n<meta property=\"og:locale\" content=\"de_DE\" \/>\n<meta property=\"og:type\" content=\"article\" \/>\n<meta property=\"og:title\" content=\"Cookies - Oehm und Rehbein\" \/>\n<meta property=\"og:description\" content=\"Einsatz von Cookies F\u00fcr unseren Internetauftritt nutzen wir die Technik der Cookies. Cookies sind kleine Textdateien, die im Rahmen Ihres Besuchs unserer Internetseiten von unserem Webserver an Ihren Browser gesandt ...\" \/>\n<meta property=\"og:url\" content=\"https:\/\/or-technology.com\/de\/cookies\/\" \/>\n<meta property=\"og:site_name\" content=\"Oehm und Rehbein\" \/>\n<meta property=\"article:publisher\" content=\"https:\/\/www.facebook.com\/OehmundRehbein\" \/>\n<meta property=\"article:modified_time\" content=\"2026-03-02T12:04:50+00:00\" \/>\n<meta name=\"twitter:card\" content=\"summary_large_image\" \/>\n<script type=\"application\/ld+json\" class=\"yoast-schema-graph\">{\"@context\":\"https:\/\/schema.org\",\"@graph\":[{\"@type\":\"WebPage\",\"@id\":\"https:\/\/or-technology.com\/de\/cookies\/\",\"url\":\"https:\/\/or-technology.com\/de\/cookies\/\",\"name\":\"Cookies - Oehm und Rehbein\",\"isPartOf\":{\"@id\":\"https:\/\/or-technology.com\/de\/#website\"},\"datePublished\":\"2026-03-02T12:00:02+00:00\",\"dateModified\":\"2026-03-02T12:04:50+00:00\",\"breadcrumb\":{\"@id\":\"https:\/\/or-technology.com\/de\/cookies\/#breadcrumb\"},\"inLanguage\":\"de\",\"potentialAction\":[{\"@type\":\"ReadAction\",\"target\":[\"https:\/\/or-technology.com\/de\/cookies\/\"]}]},{\"@type\":\"BreadcrumbList\",\"@id\":\"https:\/\/or-technology.com\/de\/cookies\/#breadcrumb\",\"itemListElement\":[{\"@type\":\"ListItem\",\"position\":1,\"name\":\"Home\",\"item\":\"https:\/\/or-technology.com\/de\/\"},{\"@type\":\"ListItem\",\"position\":2,\"name\":\"Cookies\"}]},{\"@type\":\"WebSite\",\"@id\":\"https:\/\/or-technology.com\/de\/#website\",\"url\":\"https:\/\/or-technology.com\/de\/\",\"name\":\"OR Technology\",\"description\":\"Instant. Diagnostic. Imaging.\",\"publisher\":{\"@id\":\"https:\/\/or-technology.com\/de\/#organization\"},\"potentialAction\":[{\"@type\":\"SearchAction\",\"target\":{\"@type\":\"EntryPoint\",\"urlTemplate\":\"https:\/\/or-technology.com\/de\/?s={search_term_string}\"},\"query-input\":{\"@type\":\"PropertyValueSpecification\",\"valueRequired\":true,\"valueName\":\"search_term_string\"}}],\"inLanguage\":\"de\"},{\"@type\":\"Organization\",\"@id\":\"https:\/\/or-technology.com\/de\/#organization\",\"name\":\"OR Technology\",\"alternateName\":\"OR Technology\",\"url\":\"https:\/\/or-technology.com\/de\/\",\"logo\":{\"@type\":\"ImageObject\",\"inLanguage\":\"de\",\"@id\":\"https:\/\/or-technology.com\/de\/#\/schema\/logo\/image\/\",\"url\":\"https:\/\/or-technology.com\/wp-content\/uploads\/2026\/03\/Logo-und-Slogan-EN-blau-verkurzt.svg\",\"contentUrl\":\"https:\/\/or-technology.com\/wp-content\/uploads\/2026\/03\/Logo-und-Slogan-EN-blau-verkurzt.svg\",\"width\":\"1024\",\"height\":\"1024\",\"caption\":\"OR Technology\"},\"image\":{\"@id\":\"https:\/\/or-technology.com\/de\/#\/schema\/logo\/image\/\"},\"sameAs\":[\"https:\/\/www.facebook.com\/OehmundRehbein\",\"https:\/\/www.instagram.com\/or.technology\/\",\"https:\/\/de.linkedin.com\/company\/oehm-und-rehbein-gmbh\",\"https:\/\/www.youtube.com\/@ORTechnology\"]}]}<\/script>\n<!-- \/ Yoast SEO plugin. -->","yoast_head_json":{"title":"Cookies - Oehm und Rehbein","robots":{"index":"index","follow":"follow","max-snippet":"max-snippet:-1","max-image-preview":"max-image-preview:large","max-video-preview":"max-video-preview:-1"},"canonical":"https:\/\/or-technology.com\/de\/cookies\/","og_locale":"de_DE","og_type":"article","og_title":"Cookies - Oehm und Rehbein","og_description":"Einsatz von Cookies F\u00fcr unseren Internetauftritt nutzen wir die Technik der Cookies. Cookies sind kleine Textdateien, die im Rahmen Ihres Besuchs unserer Internetseiten von unserem Webserver an Ihren Browser gesandt ...","og_url":"https:\/\/or-technology.com\/de\/cookies\/","og_site_name":"Oehm und Rehbein","article_publisher":"https:\/\/www.facebook.com\/OehmundRehbein","article_modified_time":"2026-03-02T12:04:50+00:00","twitter_card":"summary_large_image","schema":{"@context":"https:\/\/schema.org","@graph":[{"@type":"WebPage","@id":"https:\/\/or-technology.com\/de\/cookies\/","url":"https:\/\/or-technology.com\/de\/cookies\/","name":"Cookies - Oehm und Rehbein","isPartOf":{"@id":"https:\/\/or-technology.com\/de\/#website"},"datePublished":"2026-03-02T12:00:02+00:00","dateModified":"2026-03-02T12:04:50+00:00","breadcrumb":{"@id":"https:\/\/or-technology.com\/de\/cookies\/#breadcrumb"},"inLanguage":"de","potentialAction":[{"@type":"ReadAction","target":["https:\/\/or-technology.com\/de\/cookies\/"]}]},{"@type":"BreadcrumbList","@id":"https:\/\/or-technology.com\/de\/cookies\/#breadcrumb","itemListElement":[{"@type":"ListItem","position":1,"name":"Home","item":"https:\/\/or-technology.com\/de\/"},{"@type":"ListItem","position":2,"name":"Cookies"}]},{"@type":"WebSite","@id":"https:\/\/or-technology.com\/de\/#website","url":"https:\/\/or-technology.com\/de\/","name":"OR Technology","description":"Instant. Diagnostic. Imaging.","publisher":{"@id":"https:\/\/or-technology.com\/de\/#organization"},"potentialAction":[{"@type":"SearchAction","target":{"@type":"EntryPoint","urlTemplate":"https:\/\/or-technology.com\/de\/?s={search_term_string}"},"query-input":{"@type":"PropertyValueSpecification","valueRequired":true,"valueName":"search_term_string"}}],"inLanguage":"de"},{"@type":"Organization","@id":"https:\/\/or-technology.com\/de\/#organization","name":"OR Technology","alternateName":"OR Technology","url":"https:\/\/or-technology.com\/de\/","logo":{"@type":"ImageObject","inLanguage":"de","@id":"https:\/\/or-technology.com\/de\/#\/schema\/logo\/image\/","url":"https:\/\/or-technology.com\/wp-content\/uploads\/2026\/03\/Logo-und-Slogan-EN-blau-verkurzt.svg","contentUrl":"https:\/\/or-technology.com\/wp-content\/uploads\/2026\/03\/Logo-und-Slogan-EN-blau-verkurzt.svg","width":"1024","height":"1024","caption":"OR Technology"},"image":{"@id":"https:\/\/or-technology.com\/de\/#\/schema\/logo\/image\/"},"sameAs":["https:\/\/www.facebook.com\/OehmundRehbein","https:\/\/www.instagram.com\/or.technology\/","https:\/\/de.linkedin.com\/company\/oehm-und-rehbein-gmbh","https:\/\/www.youtube.com\/@ORTechnology"]}]}},"_links":{"self":[{"href":"https:\/\/or-technology.com\/de\/wp-json\/wp\/v2\/pages\/11517","targetHints":{"allow":["GET"]}}],"collection":[{"href":"https:\/\/or-technology.com\/de\/wp-json\/wp\/v2\/pages"}],"about":[{"href":"https:\/\/or-technology.com\/de\/wp-json\/wp\/v2\/types\/page"}],"author":[{"embeddable":true,"href":"https:\/\/or-technology.com\/de\/wp-json\/wp\/v2\/users\/4"}],"replies":[{"embeddable":true,"href":"https:\/\/or-technology.com\/de\/wp-json\/wp\/v2\/comments?post=11517"}],"version-history":[{"count":1,"href":"https:\/\/or-technology.com\/de\/wp-json\/wp\/v2\/pages\/11517\/revisions"}],"predecessor-version":[{"id":11518,"href":"https:\/\/or-technology.com\/de\/wp-json\/wp\/v2\/pages\/11517\/revisions\/11518"}],"wp:attachment":[{"href":"https:\/\/or-technology.com\/de\/wp-json\/wp\/v2\/media?parent=11517"}],"curies":[{"name":"wp","href":"https:\/\/api.w.org\/{rel}","templated":true}]}}