{"id":1881,"date":"2025-05-16T10:34:01","date_gmt":"2025-05-16T10:34:01","guid":{"rendered":"https:\/\/wp.azde2.ork1.de\/?page_id=1881"},"modified":"2026-03-31T09:50:53","modified_gmt":"2026-03-31T09:50:53","slug":"newsroom","status":"publish","type":"page","link":"https:\/\/or-technology.com\/de\/newsroom\/","title":{"rendered":"Newsroom"},"content":{"rendered":"\r\n<div id=\"news_banner\" >\r\n    <div class=\"img\"><img decoding=\"async\" width=\"741\" height=\"556\" data-src=\"https:\/\/or-technology.com\/wp-content\/uploads\/2025\/05\/news_banner_img.png\" class=\"attachment- size- lazyload\" alt=\"\" data-srcset=\"https:\/\/or-technology.com\/wp-content\/uploads\/2025\/05\/news_banner_img.png 741w, https:\/\/or-technology.com\/wp-content\/uploads\/2025\/05\/news_banner_img-300x225.png 300w, https:\/\/or-technology.com\/wp-content\/uploads\/2025\/05\/news_banner_img-24x18.png 24w, https:\/\/or-technology.com\/wp-content\/uploads\/2025\/05\/news_banner_img-36x27.png 36w, https:\/\/or-technology.com\/wp-content\/uploads\/2025\/05\/news_banner_img-48x36.png 48w\" data-sizes=\"(max-width: 741px) 100vw, 741px\" src=\"data:image\/svg+xml;base64,PHN2ZyB3aWR0aD0iMSIgaGVpZ2h0PSIxIiB4bWxucz0iaHR0cDovL3d3dy53My5vcmcvMjAwMC9zdmciPjwvc3ZnPg==\" style=\"--smush-placeholder-width: 741px; --smush-placeholder-aspect-ratio: 741\/556;\" \/><\/div>\r\n    <div class=\"logo_img\"><img decoding=\"async\" width=\"1087\" height=\"470\" data-src=\"https:\/\/or-technology.com\/wp-content\/uploads\/2025\/11\/Logo-Slogan-DE.webp\" class=\"attachment- size- lazyload\" alt=\"\" data-srcset=\"https:\/\/or-technology.com\/wp-content\/uploads\/2025\/11\/Logo-Slogan-DE.webp 1087w, https:\/\/or-technology.com\/wp-content\/uploads\/2025\/11\/Logo-Slogan-DE-300x130.webp 300w, https:\/\/or-technology.com\/wp-content\/uploads\/2025\/11\/Logo-Slogan-DE-1024x443.webp 1024w, https:\/\/or-technology.com\/wp-content\/uploads\/2025\/11\/Logo-Slogan-DE-768x332.webp 768w, https:\/\/or-technology.com\/wp-content\/uploads\/2025\/11\/Logo-Slogan-DE-24x10.webp 24w, https:\/\/or-technology.com\/wp-content\/uploads\/2025\/11\/Logo-Slogan-DE-36x16.webp 36w, https:\/\/or-technology.com\/wp-content\/uploads\/2025\/11\/Logo-Slogan-DE-48x21.webp 48w\" data-sizes=\"(max-width: 1087px) 100vw, 1087px\" src=\"data:image\/svg+xml;base64,PHN2ZyB3aWR0aD0iMSIgaGVpZ2h0PSIxIiB4bWxucz0iaHR0cDovL3d3dy53My5vcmcvMjAwMC9zdmciPjwvc3ZnPg==\" style=\"--smush-placeholder-width: 1087px; --smush-placeholder-aspect-ratio: 1087\/470;\" \/><\/div>\r\n    <div class=\"high_to_low\"><\/div>\r\n<\/div>\r\n\n\n\r\n<div class=\"news_section\"  >\r\n    <div class=\"container\">\r\n        <h1>Newsroom<\/h1>\r\n\r\n        \r\n        <div class=\"news_block\">\r\n                            <div class=\"img\"><img decoding=\"async\" width=\"1000\" height=\"655\" data-src=\"https:\/\/or-technology.com\/wp-content\/uploads\/2026\/02\/PM-Hallmarq-Join-Forces-DE.jpg\" class=\"attachment-post-thumbnail size-post-thumbnail wp-post-image lazyload\" alt=\"\" data-srcset=\"https:\/\/or-technology.com\/wp-content\/uploads\/2026\/02\/PM-Hallmarq-Join-Forces-DE.jpg 1000w, https:\/\/or-technology.com\/wp-content\/uploads\/2026\/02\/PM-Hallmarq-Join-Forces-DE-300x197.jpg 300w, https:\/\/or-technology.com\/wp-content\/uploads\/2026\/02\/PM-Hallmarq-Join-Forces-DE-768x503.jpg 768w, https:\/\/or-technology.com\/wp-content\/uploads\/2026\/02\/PM-Hallmarq-Join-Forces-DE-24x16.jpg 24w, https:\/\/or-technology.com\/wp-content\/uploads\/2026\/02\/PM-Hallmarq-Join-Forces-DE-36x24.jpg 36w, https:\/\/or-technology.com\/wp-content\/uploads\/2026\/02\/PM-Hallmarq-Join-Forces-DE-48x31.jpg 48w\" data-sizes=\"(max-width: 1000px) 100vw, 1000px\" src=\"data:image\/svg+xml;base64,PHN2ZyB3aWR0aD0iMSIgaGVpZ2h0PSIxIiB4bWxucz0iaHR0cDovL3d3dy53My5vcmcvMjAwMC9zdmciPjwvc3ZnPg==\" style=\"--smush-placeholder-width: 1000px; --smush-placeholder-aspect-ratio: 1000\/655;\" \/><\/div>\r\n                        \r\n            <div class=\"desc\">\r\n                <p class=\"heading-5\">12.02.2026<\/p>\r\n                \r\n                <p class=\"heading-4\">\r\n                    <a href=\"https:\/\/or-technology.com\/de\/news\/or-technology-und-hallmarq-buendeln-kraefte-zum-aufbau-einer-globalen-multimodality-imaging-gruppe\/\">\r\n                        OR Technology und Hallmarq b\u00fcndeln Kr\u00e4fte zum Aufbau einer globalen Multimodality-Imaging-Gruppe                    <\/a>\r\n                <\/p>\r\n\r\n                <p>Rostock, Deutschland \/ Guildford, UK; 12. Februar 2026 \u2014 OR Technology und Hallmarq Veterinary Imaging schlie\u00dfen sich zu einer neuen internationalen Unternehmensgruppe zusammen mit dem Ziel, einen global f\u00fchrenden Anbieter &#8230;<\/p>\n\t\t\t\t<br \/>\r\n\t\t\t\t<a href=\"https:\/\/or-technology.com\/de\/news\/or-technology-und-hallmarq-buendeln-kraefte-zum-aufbau-einer-globalen-multimodality-imaging-gruppe\/\" class=\"btn\">Read more<\/a>\r\n            <\/div>\r\n        <\/div>\r\n\r\n\t        \r\n        <div class=\"news_block\">\r\n                        \r\n            <div class=\"desc\">\r\n                <p class=\"heading-5\">01.02.2026<\/p>\r\n                \r\n                <p class=\"heading-4\">\r\n                    <a href=\"https:\/\/or-technology.com\/de\/news\/world-health-expo-whx-dubai-2026-wir-sind-dabei\/\">\r\n                        World Health Expo (WHX) Dubai 2026 \u2013 Wir sind dabei                    <\/a>\r\n                <\/p>\r\n\r\n                <p>Vom 9. bis 12. Februar 2026 ist unser Team auf der World Health Expo (WHX) Dubai, ehemals Arab Health, in den Vereinigten Arabischen Emiraten vertreten. Wir laden unsere Kunden und &#8230;<\/p>\n\t\t\t\t<br \/>\r\n\t\t\t\t<a href=\"https:\/\/or-technology.com\/de\/news\/world-health-expo-whx-dubai-2026-wir-sind-dabei\/\" class=\"btn\">Read more<\/a>\r\n            <\/div>\r\n        <\/div>\r\n\r\n\t        \r\n        <div class=\"news_block\">\r\n                        \r\n            <div class=\"desc\">\r\n                <p class=\"heading-5\">07.01.2026<\/p>\r\n                \r\n                <p class=\"heading-4\">\r\n                    <a href=\"https:\/\/or-technology.com\/de\/news\/13-leipziger-tieraerztekongresses\/\">\r\n                        13. Leipziger Tier\u00e4rztekongresses                    <\/a>\r\n                <\/p>\r\n\r\n                <p>Vom 15. bis 17. Januar findet die Vetexpo im Rahmen des 13. Leipziger Tier\u00e4rztekongresses auf der Messe Leipzig statt. Wir laden Sie herzlich ein, die neuesten Entwicklungen von OR 4VET &#8230;<\/p>\n\t\t\t\t<br \/>\r\n\t\t\t\t<a href=\"https:\/\/or-technology.com\/de\/news\/13-leipziger-tieraerztekongresses\/\" class=\"btn\">Read more<\/a>\r\n            <\/div>\r\n        <\/div>\r\n\r\n\t        \r\n        <div class=\"news_block\">\r\n                        \r\n            <div class=\"desc\">\r\n                <p class=\"heading-5\">19.12.2025<\/p>\r\n                \r\n                <p class=\"heading-4\">\r\n                    <a href=\"https:\/\/or-technology.com\/de\/news\/zum-jahresausklang\/\">\r\n                        Zum Jahresausklang                    <\/a>\r\n                <\/p>\r\n\r\n                <p>Die&nbsp;OR Technology Group&nbsp;blickt auf ein erfolgreiches Jahr 2025 zur\u00fcck. Trotz eines anspruchsvollen Marktumfelds konnten wir unsere internationale Pr\u00e4senz weiter ausbauen \u2013 unter anderem durch die&nbsp;\u00dcbernahme der VetEquip Ltd. in Irland. &#8230;<\/p>\n\t\t\t\t<br \/>\r\n\t\t\t\t<a href=\"https:\/\/or-technology.com\/de\/news\/zum-jahresausklang\/\" class=\"btn\">Read more<\/a>\r\n            <\/div>\r\n        <\/div>\r\n\r\n\t        \r\n        <div class=\"news_block\">\r\n                            <div class=\"img\"><img decoding=\"async\" width=\"1000\" height=\"655\" data-src=\"https:\/\/or-technology.com\/wp-content\/uploads\/2025\/10\/pm-leoIII-compact.webp\" class=\"attachment-post-thumbnail size-post-thumbnail wp-post-image lazyload\" alt=\"\" data-srcset=\"https:\/\/or-technology.com\/wp-content\/uploads\/2025\/10\/pm-leoIII-compact.webp 1000w, https:\/\/or-technology.com\/wp-content\/uploads\/2025\/10\/pm-leoIII-compact-300x197.webp 300w, https:\/\/or-technology.com\/wp-content\/uploads\/2025\/10\/pm-leoIII-compact-768x503.webp 768w, https:\/\/or-technology.com\/wp-content\/uploads\/2025\/10\/pm-leoIII-compact-24x16.webp 24w, https:\/\/or-technology.com\/wp-content\/uploads\/2025\/10\/pm-leoIII-compact-36x24.webp 36w, https:\/\/or-technology.com\/wp-content\/uploads\/2025\/10\/pm-leoIII-compact-48x31.webp 48w\" data-sizes=\"(max-width: 1000px) 100vw, 1000px\" src=\"data:image\/svg+xml;base64,PHN2ZyB3aWR0aD0iMSIgaGVpZ2h0PSIxIiB4bWxucz0iaHR0cDovL3d3dy53My5vcmcvMjAwMC9zdmciPjwvc3ZnPg==\" style=\"--smush-placeholder-width: 1000px; --smush-placeholder-aspect-ratio: 1000\/655;\" \/><\/div>\r\n                        \r\n            <div class=\"desc\">\r\n                <p class=\"heading-5\">15.10.2025<\/p>\r\n                \r\n                <p class=\"heading-4\">\r\n                    <a href=\"https:\/\/or-technology.com\/de\/news\/neue-mobile-rontgenlosung-fur-die-pferdemedizin\/\">\r\n                        Neue mobile R\u00f6ntgenl\u00f6sung f\u00fcr die Pferdemedizin                    <\/a>\r\n                <\/p>\r\n\r\n                <p>Mit dem neuen Leonardo DR compact III erweitert Oehm und Rehbein sein Portfolio mobiler R\u00f6ntgenl\u00f6sungen f\u00fcr die Pferdemedizin. Das Koffersystem ist leicht zu transportieren und in k\u00fcrzester Zeit einsatzbereit \u2013 &#8230;<\/p>\n\t\t\t\t<br \/>\r\n\t\t\t\t<a href=\"https:\/\/or-technology.com\/de\/news\/neue-mobile-rontgenlosung-fur-die-pferdemedizin\/\" class=\"btn\">Read more<\/a>\r\n            <\/div>\r\n        <\/div>\r\n\r\n\t        \r\n        <div class=\"news_block\">\r\n                            <div class=\"img\"><img decoding=\"async\" width=\"1000\" height=\"655\" data-src=\"https:\/\/or-technology.com\/wp-content\/uploads\/2025\/10\/pm-vetEquip-Ltd-now-part-of-the-or-group.webp\" class=\"attachment-post-thumbnail size-post-thumbnail wp-post-image lazyload\" alt=\"\" data-srcset=\"https:\/\/or-technology.com\/wp-content\/uploads\/2025\/10\/pm-vetEquip-Ltd-now-part-of-the-or-group.webp 1000w, https:\/\/or-technology.com\/wp-content\/uploads\/2025\/10\/pm-vetEquip-Ltd-now-part-of-the-or-group-300x197.webp 300w, https:\/\/or-technology.com\/wp-content\/uploads\/2025\/10\/pm-vetEquip-Ltd-now-part-of-the-or-group-768x503.webp 768w, https:\/\/or-technology.com\/wp-content\/uploads\/2025\/10\/pm-vetEquip-Ltd-now-part-of-the-or-group-24x16.webp 24w, https:\/\/or-technology.com\/wp-content\/uploads\/2025\/10\/pm-vetEquip-Ltd-now-part-of-the-or-group-36x24.webp 36w, https:\/\/or-technology.com\/wp-content\/uploads\/2025\/10\/pm-vetEquip-Ltd-now-part-of-the-or-group-48x31.webp 48w\" data-sizes=\"(max-width: 1000px) 100vw, 1000px\" src=\"data:image\/svg+xml;base64,PHN2ZyB3aWR0aD0iMSIgaGVpZ2h0PSIxIiB4bWxucz0iaHR0cDovL3d3dy53My5vcmcvMjAwMC9zdmciPjwvc3ZnPg==\" style=\"--smush-placeholder-width: 1000px; --smush-placeholder-aspect-ratio: 1000\/655;\" \/><\/div>\r\n                        \r\n            <div class=\"desc\">\r\n                <p class=\"heading-5\">13.10.2025<\/p>\r\n                \r\n                <p class=\"heading-4\">\r\n                    <a href=\"https:\/\/or-technology.com\/de\/news\/or-technology-group-starkt-prasenz-in-europa-durch-ubernahme-von-vetequip-ltd\/\">\r\n                        OR Technology Group st\u00e4rkt Pr\u00e4senz in Europa durch \u00dcbernahme von VetEquip Ltd.                    <\/a>\r\n                <\/p>\r\n\r\n                <p>OR Technology Group st\u00e4rkt Marktpr\u00e4senz Die OR Technology Group gibt bekannt, dass sie VetEquip Ltd., einen f\u00fchrenden irischen Anbieter von veterin\u00e4rmedizinischen Ger\u00e4ten, Dienstleistungen und Support, \u00fcbernommen hat. Diese strategische Akquisition &#8230;<\/p>\n\t\t\t\t<br \/>\r\n\t\t\t\t<a href=\"https:\/\/or-technology.com\/de\/news\/or-technology-group-starkt-prasenz-in-europa-durch-ubernahme-von-vetequip-ltd\/\" class=\"btn\">Read more<\/a>\r\n            <\/div>\r\n        <\/div>\r\n\r\n\t        \r\n        <div class=\"news_block\">\r\n                        \r\n            <div class=\"desc\">\r\n                <p class=\"heading-5\">01.10.2025<\/p>\r\n                \r\n                <p class=\"heading-4\">\r\n                    <a href=\"https:\/\/or-technology.com\/de\/news\/or-4vet-feiert-einjahriges-jubilaum-mit-geburtstagsaktion-fur-praxisteams\/\">\r\n                        OR 4Vet feiert einj\u00e4hriges Jubil\u00e4um mit Geburtstagsaktion f\u00fcr Praxisteams                    <\/a>\r\n                <\/p>\r\n\r\n                <p>1 Jahr OR 4Vet: Feiern Sie mit, seien Sie dabei! OR 4Vet, die Veterin\u00e4rmarke der Oehm und Rehbein GmbH, feiert ihr einj\u00e4hriges Bestehen.Seit dem Start im Herbst 2024 hat sich &#8230;<\/p>\n\t\t\t\t<br \/>\r\n\t\t\t\t<a href=\"https:\/\/or-technology.com\/de\/news\/or-4vet-feiert-einjahriges-jubilaum-mit-geburtstagsaktion-fur-praxisteams\/\" class=\"btn\">Read more<\/a>\r\n            <\/div>\r\n        <\/div>\r\n\r\n\t        \r\n        <div class=\"news_block\">\r\n                            <div class=\"img\"><img decoding=\"async\" width=\"1000\" height=\"655\" data-src=\"https:\/\/or-technology.com\/wp-content\/uploads\/2025\/10\/pm-Leo-Compact-Part-1-Pferd-auf-Tisch2.webp\" class=\"attachment-post-thumbnail size-post-thumbnail wp-post-image lazyload\" alt=\"\" data-srcset=\"https:\/\/or-technology.com\/wp-content\/uploads\/2025\/10\/pm-Leo-Compact-Part-1-Pferd-auf-Tisch2.webp 1000w, https:\/\/or-technology.com\/wp-content\/uploads\/2025\/10\/pm-Leo-Compact-Part-1-Pferd-auf-Tisch2-300x197.webp 300w, https:\/\/or-technology.com\/wp-content\/uploads\/2025\/10\/pm-Leo-Compact-Part-1-Pferd-auf-Tisch2-768x503.webp 768w, https:\/\/or-technology.com\/wp-content\/uploads\/2025\/10\/pm-Leo-Compact-Part-1-Pferd-auf-Tisch2-24x16.webp 24w, https:\/\/or-technology.com\/wp-content\/uploads\/2025\/10\/pm-Leo-Compact-Part-1-Pferd-auf-Tisch2-36x24.webp 36w, https:\/\/or-technology.com\/wp-content\/uploads\/2025\/10\/pm-Leo-Compact-Part-1-Pferd-auf-Tisch2-48x31.webp 48w\" data-sizes=\"(max-width: 1000px) 100vw, 1000px\" src=\"data:image\/svg+xml;base64,PHN2ZyB3aWR0aD0iMSIgaGVpZ2h0PSIxIiB4bWxucz0iaHR0cDovL3d3dy53My5vcmcvMjAwMC9zdmciPjwvc3ZnPg==\" style=\"--smush-placeholder-width: 1000px; --smush-placeholder-aspect-ratio: 1000\/655;\" \/><\/div>\r\n                        \r\n            <div class=\"desc\">\r\n                <p class=\"heading-5\">01.10.2025<\/p>\r\n                \r\n                <p class=\"heading-4\">\r\n                    <a href=\"https:\/\/or-technology.com\/de\/news\/etwas-neues-fur-die-pferdebildgebung-kommt\/\">\r\n                        Etwas Neues f\u00fcr die Pferdebildgebung kommt \u2026                    <\/a>\r\n                <\/p>\r\n\r\n                <p>Mehr Workflow. Mehr Bildqualit\u00e4t \u2013 der n\u00e4chste Schritt in der Pferdemedizin. Stay tuned! Ein Pferd auf einem R\u00f6ntgentisch? Das passt nicht wirklich \u2013 oder?Darum denken wir die Bildgebung f\u00fcr die &#8230;<\/p>\n\t\t\t\t<br \/>\r\n\t\t\t\t<a href=\"https:\/\/or-technology.com\/de\/news\/etwas-neues-fur-die-pferdebildgebung-kommt\/\" class=\"btn\">Read more<\/a>\r\n            <\/div>\r\n        <\/div>\r\n\r\n\t        \r\n        <div class=\"news_block\">\r\n                        \r\n            <div class=\"desc\">\r\n                <p class=\"heading-5\">19.09.2025<\/p>\r\n                \r\n                <p class=\"heading-4\">\r\n                    <a href=\"https:\/\/or-technology.com\/de\/news\/unser-amadeo-m-dr-mini-bei-jp-performance-im-einsatz\/\">\r\n                        Unser Amadeo M-DR mini bei JP Performance im Einsatz                    <\/a>\r\n                <\/p>\r\n\r\n                <p>Unser mobiles R\u00f6ntgenger\u00e4t Amadeo M-DR mini hat k\u00fcrzlich einen ganz besonderen Auftritt gehabt: Im Rahmen eines Crashtests bei JP Performance wurde es genutzt, um einen Dummy unmittelbar nach dem Test &#8230;<\/p>\n\t\t\t\t<br \/>\r\n\t\t\t\t<a href=\"https:\/\/or-technology.com\/de\/news\/unser-amadeo-m-dr-mini-bei-jp-performance-im-einsatz\/\" class=\"btn\">Read more<\/a>\r\n            <\/div>\r\n        <\/div>\r\n\r\n\t        \r\n        <div class=\"news_block\">\r\n                        \r\n            <div class=\"desc\">\r\n                <p class=\"heading-5\">24.07.2025<\/p>\r\n                \r\n                <p class=\"heading-4\">\r\n                    <a href=\"https:\/\/or-technology.com\/de\/news\/oehm-und-rehbein-erneut-als-top-ausbildungsbetrieb-2025-ausgezeichnet\/\">\r\n                        Oehm und Rehbein erneut als \u201eTop Ausbildungsbetrieb 2025\u201c ausgezeichnet                    <\/a>\r\n                <\/p>\r\n\r\n                <p>Ein starkes Zeichen f\u00fcr unsere Ausbildungsqualit\u00e4t: Oehm und Rehbein wurde auch 2025 wieder mit dem begehrten Preis \u201eTop Ausbildungsbetrieb\u201c ausgezeichnet. Damit wird unser kontinuierliches Engagement f\u00fcr die Ausbildung junger Menschen &#8230;<\/p>\n\t\t\t\t<br \/>\r\n\t\t\t\t<a href=\"https:\/\/or-technology.com\/de\/news\/oehm-und-rehbein-erneut-als-top-ausbildungsbetrieb-2025-ausgezeichnet\/\" class=\"btn\">Read more<\/a>\r\n            <\/div>\r\n        <\/div>\r\n\r\n\t<div class=\"pagination\"><span aria-current=\"page\" class=\"page-numbers current\">1<\/span>\n<a class=\"page-numbers\" href=\"https:\/\/or-technology.com\/de\/wp-json\/wp\/v2\/pages\/1881\/page\/2\/\">2<\/a>\n<a class=\"page-numbers\" href=\"https:\/\/or-technology.com\/de\/wp-json\/wp\/v2\/pages\/1881\/page\/3\/\">3<\/a>\n<a class=\"next page-numbers\" href=\"https:\/\/or-technology.com\/de\/wp-json\/wp\/v2\/pages\/1881\/page\/2\/\">Weiter &raquo;<\/a><\/div>\t\t\r\n    <\/div>\r\n<\/div>\r\n","protected":false},"excerpt":{"rendered":"<p>Ein starkes Zeichen f\u00fcr unsere Ausbildungsqualit\u00e4t: Oehm und Rehbein wurde auch 2025 wieder mit dem begehrten Preis \u201eTop Ausbildungsbetrieb\u201c ausgezeichnet. Damit wird unser kontinuierliches Engagement f\u00fcr die Ausbildung junger Menschen &#8230;<\/p>\n","protected":false},"author":2,"featured_media":0,"parent":0,"menu_order":0,"comment_status":"closed","ping_status":"closed","template":"","meta":{"_acf_changed":false,"inline_featured_image":false,"footnotes":""},"class_list":["post-1881","page","type-page","status-publish","hentry"],"acf":[],"yoast_head":"<!-- This site is optimized with the Yoast SEO plugin v27.2 - https:\/\/yoast.com\/product\/yoast-seo-wordpress\/ -->\n<title>Oehm und Rehbein \u2013 Neuigkeiten, Innovationen &amp; Highlights<\/title>\n<meta name=\"description\" content=\"Bleiben Sie auf dem Laufenden mit den neuesten News von Oehm und Rehbein \u2013 von Bildgebungsl\u00f6sungen bis zu spannenden globalen Projekten.\" \/>\n<meta name=\"robots\" content=\"index, follow, max-snippet:-1, max-image-preview:large, max-video-preview:-1\" \/>\n<link rel=\"canonical\" href=\"https:\/\/or-technology.com\/de\/newsroom\/\" \/>\n<meta property=\"og:locale\" content=\"de_DE\" \/>\n<meta property=\"og:type\" content=\"article\" \/>\n<meta property=\"og:title\" content=\"Oehm und Rehbein \u2013 Neuigkeiten, Innovationen &amp; Highlights\" \/>\n<meta property=\"og:description\" content=\"Bleiben Sie auf dem Laufenden mit den neuesten News von Oehm und Rehbein \u2013 von Bildgebungsl\u00f6sungen bis zu spannenden globalen Projekten.\" \/>\n<meta property=\"og:url\" content=\"https:\/\/or-technology.com\/de\/newsroom\/\" \/>\n<meta property=\"og:site_name\" content=\"Oehm und Rehbein\" \/>\n<meta property=\"article:publisher\" content=\"https:\/\/www.facebook.com\/OehmundRehbein\" \/>\n<meta property=\"article:modified_time\" content=\"2026-03-31T09:50:53+00:00\" \/>\n<meta name=\"twitter:card\" content=\"summary_large_image\" \/>\n<script type=\"application\/ld+json\" class=\"yoast-schema-graph\">{\"@context\":\"https:\/\/schema.org\",\"@graph\":[{\"@type\":\"WebPage\",\"@id\":\"https:\/\/or-technology.com\/de\/newsroom\/\",\"url\":\"https:\/\/or-technology.com\/de\/newsroom\/\",\"name\":\"Oehm und Rehbein \u2013 Neuigkeiten, Innovationen & Highlights\",\"isPartOf\":{\"@id\":\"https:\/\/or-technology.com\/de\/#website\"},\"datePublished\":\"2025-05-16T10:34:01+00:00\",\"dateModified\":\"2026-03-31T09:50:53+00:00\",\"description\":\"Bleiben Sie auf dem Laufenden mit den neuesten News von Oehm und Rehbein \u2013 von Bildgebungsl\u00f6sungen bis zu spannenden globalen Projekten.\",\"breadcrumb\":{\"@id\":\"https:\/\/or-technology.com\/de\/newsroom\/#breadcrumb\"},\"inLanguage\":\"de\",\"potentialAction\":[{\"@type\":\"ReadAction\",\"target\":[\"https:\/\/or-technology.com\/de\/newsroom\/\"]}]},{\"@type\":\"BreadcrumbList\",\"@id\":\"https:\/\/or-technology.com\/de\/newsroom\/#breadcrumb\",\"itemListElement\":[{\"@type\":\"ListItem\",\"position\":1,\"name\":\"Home\",\"item\":\"https:\/\/or-technology.com\/de\/\"},{\"@type\":\"ListItem\",\"position\":2,\"name\":\"Newsroom\"}]},{\"@type\":\"WebSite\",\"@id\":\"https:\/\/or-technology.com\/de\/#website\",\"url\":\"https:\/\/or-technology.com\/de\/\",\"name\":\"OR Technology\",\"description\":\"Instant. Diagnostic. Imaging.\",\"publisher\":{\"@id\":\"https:\/\/or-technology.com\/de\/#organization\"},\"potentialAction\":[{\"@type\":\"SearchAction\",\"target\":{\"@type\":\"EntryPoint\",\"urlTemplate\":\"https:\/\/or-technology.com\/de\/?s={search_term_string}\"},\"query-input\":{\"@type\":\"PropertyValueSpecification\",\"valueRequired\":true,\"valueName\":\"search_term_string\"}}],\"inLanguage\":\"de\"},{\"@type\":\"Organization\",\"@id\":\"https:\/\/or-technology.com\/de\/#organization\",\"name\":\"OR Technology\",\"alternateName\":\"OR Technology\",\"url\":\"https:\/\/or-technology.com\/de\/\",\"logo\":{\"@type\":\"ImageObject\",\"inLanguage\":\"de\",\"@id\":\"https:\/\/or-technology.com\/de\/#\/schema\/logo\/image\/\",\"url\":\"https:\/\/or-technology.com\/wp-content\/uploads\/2026\/03\/Logo-und-Slogan-EN-blau-verkurzt.svg\",\"contentUrl\":\"https:\/\/or-technology.com\/wp-content\/uploads\/2026\/03\/Logo-und-Slogan-EN-blau-verkurzt.svg\",\"width\":\"1024\",\"height\":\"1024\",\"caption\":\"OR Technology\"},\"image\":{\"@id\":\"https:\/\/or-technology.com\/de\/#\/schema\/logo\/image\/\"},\"sameAs\":[\"https:\/\/www.facebook.com\/OehmundRehbein\",\"https:\/\/www.instagram.com\/or.technology\/\",\"https:\/\/de.linkedin.com\/company\/oehm-und-rehbein-gmbh\",\"https:\/\/www.youtube.com\/@ORTechnology\"]}]}<\/script>\n<!-- \/ Yoast SEO plugin. -->","yoast_head_json":{"title":"Oehm und Rehbein \u2013 Neuigkeiten, Innovationen & Highlights","description":"Bleiben Sie auf dem Laufenden mit den neuesten News von Oehm und Rehbein \u2013 von Bildgebungsl\u00f6sungen bis zu spannenden globalen Projekten.","robots":{"index":"index","follow":"follow","max-snippet":"max-snippet:-1","max-image-preview":"max-image-preview:large","max-video-preview":"max-video-preview:-1"},"canonical":"https:\/\/or-technology.com\/de\/newsroom\/","og_locale":"de_DE","og_type":"article","og_title":"Oehm und Rehbein \u2013 Neuigkeiten, Innovationen & Highlights","og_description":"Bleiben Sie auf dem Laufenden mit den neuesten News von Oehm und Rehbein \u2013 von Bildgebungsl\u00f6sungen bis zu spannenden globalen Projekten.","og_url":"https:\/\/or-technology.com\/de\/newsroom\/","og_site_name":"Oehm und Rehbein","article_publisher":"https:\/\/www.facebook.com\/OehmundRehbein","article_modified_time":"2026-03-31T09:50:53+00:00","twitter_card":"summary_large_image","schema":{"@context":"https:\/\/schema.org","@graph":[{"@type":"WebPage","@id":"https:\/\/or-technology.com\/de\/newsroom\/","url":"https:\/\/or-technology.com\/de\/newsroom\/","name":"Oehm und Rehbein \u2013 Neuigkeiten, Innovationen & Highlights","isPartOf":{"@id":"https:\/\/or-technology.com\/de\/#website"},"datePublished":"2025-05-16T10:34:01+00:00","dateModified":"2026-03-31T09:50:53+00:00","description":"Bleiben Sie auf dem Laufenden mit den neuesten News von Oehm und Rehbein \u2013 von Bildgebungsl\u00f6sungen bis zu spannenden globalen Projekten.","breadcrumb":{"@id":"https:\/\/or-technology.com\/de\/newsroom\/#breadcrumb"},"inLanguage":"de","potentialAction":[{"@type":"ReadAction","target":["https:\/\/or-technology.com\/de\/newsroom\/"]}]},{"@type":"BreadcrumbList","@id":"https:\/\/or-technology.com\/de\/newsroom\/#breadcrumb","itemListElement":[{"@type":"ListItem","position":1,"name":"Home","item":"https:\/\/or-technology.com\/de\/"},{"@type":"ListItem","position":2,"name":"Newsroom"}]},{"@type":"WebSite","@id":"https:\/\/or-technology.com\/de\/#website","url":"https:\/\/or-technology.com\/de\/","name":"OR Technology","description":"Instant. Diagnostic. Imaging.","publisher":{"@id":"https:\/\/or-technology.com\/de\/#organization"},"potentialAction":[{"@type":"SearchAction","target":{"@type":"EntryPoint","urlTemplate":"https:\/\/or-technology.com\/de\/?s={search_term_string}"},"query-input":{"@type":"PropertyValueSpecification","valueRequired":true,"valueName":"search_term_string"}}],"inLanguage":"de"},{"@type":"Organization","@id":"https:\/\/or-technology.com\/de\/#organization","name":"OR Technology","alternateName":"OR Technology","url":"https:\/\/or-technology.com\/de\/","logo":{"@type":"ImageObject","inLanguage":"de","@id":"https:\/\/or-technology.com\/de\/#\/schema\/logo\/image\/","url":"https:\/\/or-technology.com\/wp-content\/uploads\/2026\/03\/Logo-und-Slogan-EN-blau-verkurzt.svg","contentUrl":"https:\/\/or-technology.com\/wp-content\/uploads\/2026\/03\/Logo-und-Slogan-EN-blau-verkurzt.svg","width":"1024","height":"1024","caption":"OR Technology"},"image":{"@id":"https:\/\/or-technology.com\/de\/#\/schema\/logo\/image\/"},"sameAs":["https:\/\/www.facebook.com\/OehmundRehbein","https:\/\/www.instagram.com\/or.technology\/","https:\/\/de.linkedin.com\/company\/oehm-und-rehbein-gmbh","https:\/\/www.youtube.com\/@ORTechnology"]}]}},"_links":{"self":[{"href":"https:\/\/or-technology.com\/de\/wp-json\/wp\/v2\/pages\/1881","targetHints":{"allow":["GET"]}}],"collection":[{"href":"https:\/\/or-technology.com\/de\/wp-json\/wp\/v2\/pages"}],"about":[{"href":"https:\/\/or-technology.com\/de\/wp-json\/wp\/v2\/types\/page"}],"author":[{"embeddable":true,"href":"https:\/\/or-technology.com\/de\/wp-json\/wp\/v2\/users\/2"}],"replies":[{"embeddable":true,"href":"https:\/\/or-technology.com\/de\/wp-json\/wp\/v2\/comments?post=1881"}],"version-history":[{"count":10,"href":"https:\/\/or-technology.com\/de\/wp-json\/wp\/v2\/pages\/1881\/revisions"}],"predecessor-version":[{"id":11306,"href":"https:\/\/or-technology.com\/de\/wp-json\/wp\/v2\/pages\/1881\/revisions\/11306"}],"wp:attachment":[{"href":"https:\/\/or-technology.com\/de\/wp-json\/wp\/v2\/media?parent=1881"}],"curies":[{"name":"wp","href":"https:\/\/api.w.org\/{rel}","templated":true}]}}