{"id":7642,"date":"2025-06-30T11:08:04","date_gmt":"2025-06-30T11:08:04","guid":{"rendered":"https:\/\/wp.azde2.ork1.de\/?page_id=7642"},"modified":"2026-03-12T08:05:34","modified_gmt":"2026-03-12T08:05:34","slug":"technische-aenderungen","status":"publish","type":"page","link":"https:\/\/or-technology.com\/de\/technische-aenderungen\/","title":{"rendered":"Technische \u00c4nderungen"},"content":{"rendered":"    <div class=\"testimonials_section\"  >\r\n        <div class=\"container\">\r\n            <div class=\"top_center_info\">\r\n                <h2><\/h2>\r\n                <p style=\"text-align: left;\"><strong>Technische \u00c4nderungen vorbehalten.<\/strong><br \/>\nDer Herausgeber ist um Richtigkeit und Aktualit\u00e4t der bereitgestellten Informationen bem\u00fcht. Die Angaben \u00fcber technische Inhalte basieren jedoch auf den aktuellen Erkenntnissen und unterliegen der st\u00e4ndigen Weiterentwicklung. Der Herausgeber \u00fcbernimmt deshalb allein auf Basis dieser Angaben auf der Oehm und Rehbein-Website keine Gew\u00e4hr f\u00fcr die Aktualit\u00e4t, Richtigkeit und Vollst\u00e4ndigkeit der bereitgestellten Informationen.<br \/>\nAlle dargestellten Logos, Bilder und Grafiken sind Eigentum der entsprechenden Firmen und unterliegen dem Copyright der entsprechenden Lizenzgeber. S\u00e4mtliche auf diesen Seiten dargestellten Fotos, Logos und Texte, die Eigenentwicklungen von uns sind oder von uns aufbereitet wurden, d\u00fcrfen nicht ohne unser Einverst\u00e4ndnis kopiert oder anderweitig genutzt werden. Alle Rechte vorbehalten.<\/p>\n            <\/div>\r\n            <div class=\"testimonials_section_inner\">\r\n                <div class=\"row\">\r\n                                    <\/div>\r\n            <\/div>\r\n                    <\/div>\r\n    <\/div>\r\n","protected":false},"excerpt":{"rendered":"<p>Technische \u00c4nderungen vorbehalten. Der Herausgeber ist um Richtigkeit und Aktualit\u00e4t der bereitgestellten Informationen bem\u00fcht. Die Angaben \u00fcber technische Inhalte basieren jedoch auf den aktuellen Erkenntnissen und unterliegen der st\u00e4ndigen Weiterentwicklung. &#8230;<\/p>\n","protected":false},"author":5,"featured_media":0,"parent":0,"menu_order":0,"comment_status":"closed","ping_status":"closed","template":"","meta":{"_acf_changed":false,"inline_featured_image":false,"footnotes":""},"class_list":["post-7642","page","type-page","status-publish","hentry"],"acf":[],"yoast_head":"<!-- This site is optimized with the Yoast SEO plugin v27.2 - https:\/\/yoast.com\/product\/yoast-seo-wordpress\/ -->\n<title>Technische \u00c4nderungen - Oehm und Rehbein<\/title>\n<meta name=\"robots\" content=\"index, follow, max-snippet:-1, max-image-preview:large, max-video-preview:-1\" \/>\n<link rel=\"canonical\" href=\"https:\/\/or-technology.com\/de\/technische-aenderungen\/\" \/>\n<meta property=\"og:locale\" content=\"de_DE\" \/>\n<meta property=\"og:type\" content=\"article\" \/>\n<meta property=\"og:title\" content=\"Technische \u00c4nderungen - Oehm und Rehbein\" \/>\n<meta property=\"og:description\" content=\"Technische \u00c4nderungen vorbehalten. Der Herausgeber ist um Richtigkeit und Aktualit\u00e4t der bereitgestellten Informationen bem\u00fcht. Die Angaben \u00fcber technische Inhalte basieren jedoch auf den aktuellen Erkenntnissen und unterliegen der st\u00e4ndigen Weiterentwicklung. ...\" \/>\n<meta property=\"og:url\" content=\"https:\/\/or-technology.com\/de\/technische-aenderungen\/\" \/>\n<meta property=\"og:site_name\" content=\"Oehm und Rehbein\" \/>\n<meta property=\"article:publisher\" content=\"https:\/\/www.facebook.com\/OehmundRehbein\" \/>\n<meta property=\"article:modified_time\" content=\"2026-03-12T08:05:34+00:00\" \/>\n<meta name=\"twitter:card\" content=\"summary_large_image\" \/>\n<script type=\"application\/ld+json\" class=\"yoast-schema-graph\">{\"@context\":\"https:\/\/schema.org\",\"@graph\":[{\"@type\":\"WebPage\",\"@id\":\"https:\/\/or-technology.com\/de\/technische-aenderungen\/\",\"url\":\"https:\/\/or-technology.com\/de\/technische-aenderungen\/\",\"name\":\"Technische \u00c4nderungen - Oehm und Rehbein\",\"isPartOf\":{\"@id\":\"https:\/\/or-technology.com\/de\/#website\"},\"datePublished\":\"2025-06-30T11:08:04+00:00\",\"dateModified\":\"2026-03-12T08:05:34+00:00\",\"breadcrumb\":{\"@id\":\"https:\/\/or-technology.com\/de\/technische-aenderungen\/#breadcrumb\"},\"inLanguage\":\"de\",\"potentialAction\":[{\"@type\":\"ReadAction\",\"target\":[\"https:\/\/or-technology.com\/de\/technische-aenderungen\/\"]}]},{\"@type\":\"BreadcrumbList\",\"@id\":\"https:\/\/or-technology.com\/de\/technische-aenderungen\/#breadcrumb\",\"itemListElement\":[{\"@type\":\"ListItem\",\"position\":1,\"name\":\"Home\",\"item\":\"https:\/\/or-technology.com\/de\/\"},{\"@type\":\"ListItem\",\"position\":2,\"name\":\"Technische \u00c4nderungen\"}]},{\"@type\":\"WebSite\",\"@id\":\"https:\/\/or-technology.com\/de\/#website\",\"url\":\"https:\/\/or-technology.com\/de\/\",\"name\":\"OR Technology\",\"description\":\"Instant. Diagnostic. Imaging.\",\"publisher\":{\"@id\":\"https:\/\/or-technology.com\/de\/#organization\"},\"potentialAction\":[{\"@type\":\"SearchAction\",\"target\":{\"@type\":\"EntryPoint\",\"urlTemplate\":\"https:\/\/or-technology.com\/de\/?s={search_term_string}\"},\"query-input\":{\"@type\":\"PropertyValueSpecification\",\"valueRequired\":true,\"valueName\":\"search_term_string\"}}],\"inLanguage\":\"de\"},{\"@type\":\"Organization\",\"@id\":\"https:\/\/or-technology.com\/de\/#organization\",\"name\":\"OR Technology\",\"alternateName\":\"OR Technology\",\"url\":\"https:\/\/or-technology.com\/de\/\",\"logo\":{\"@type\":\"ImageObject\",\"inLanguage\":\"de\",\"@id\":\"https:\/\/or-technology.com\/de\/#\/schema\/logo\/image\/\",\"url\":\"https:\/\/or-technology.com\/wp-content\/uploads\/2026\/03\/Logo-und-Slogan-EN-blau-verkurzt.svg\",\"contentUrl\":\"https:\/\/or-technology.com\/wp-content\/uploads\/2026\/03\/Logo-und-Slogan-EN-blau-verkurzt.svg\",\"width\":\"1024\",\"height\":\"1024\",\"caption\":\"OR Technology\"},\"image\":{\"@id\":\"https:\/\/or-technology.com\/de\/#\/schema\/logo\/image\/\"},\"sameAs\":[\"https:\/\/www.facebook.com\/OehmundRehbein\",\"https:\/\/www.instagram.com\/or.technology\/\",\"https:\/\/de.linkedin.com\/company\/oehm-und-rehbein-gmbh\",\"https:\/\/www.youtube.com\/@ORTechnology\"]}]}<\/script>\n<!-- \/ Yoast SEO plugin. -->","yoast_head_json":{"title":"Technische \u00c4nderungen - Oehm und Rehbein","robots":{"index":"index","follow":"follow","max-snippet":"max-snippet:-1","max-image-preview":"max-image-preview:large","max-video-preview":"max-video-preview:-1"},"canonical":"https:\/\/or-technology.com\/de\/technische-aenderungen\/","og_locale":"de_DE","og_type":"article","og_title":"Technische \u00c4nderungen - Oehm und Rehbein","og_description":"Technische \u00c4nderungen vorbehalten. Der Herausgeber ist um Richtigkeit und Aktualit\u00e4t der bereitgestellten Informationen bem\u00fcht. Die Angaben \u00fcber technische Inhalte basieren jedoch auf den aktuellen Erkenntnissen und unterliegen der st\u00e4ndigen Weiterentwicklung. ...","og_url":"https:\/\/or-technology.com\/de\/technische-aenderungen\/","og_site_name":"Oehm und Rehbein","article_publisher":"https:\/\/www.facebook.com\/OehmundRehbein","article_modified_time":"2026-03-12T08:05:34+00:00","twitter_card":"summary_large_image","schema":{"@context":"https:\/\/schema.org","@graph":[{"@type":"WebPage","@id":"https:\/\/or-technology.com\/de\/technische-aenderungen\/","url":"https:\/\/or-technology.com\/de\/technische-aenderungen\/","name":"Technische \u00c4nderungen - Oehm und Rehbein","isPartOf":{"@id":"https:\/\/or-technology.com\/de\/#website"},"datePublished":"2025-06-30T11:08:04+00:00","dateModified":"2026-03-12T08:05:34+00:00","breadcrumb":{"@id":"https:\/\/or-technology.com\/de\/technische-aenderungen\/#breadcrumb"},"inLanguage":"de","potentialAction":[{"@type":"ReadAction","target":["https:\/\/or-technology.com\/de\/technische-aenderungen\/"]}]},{"@type":"BreadcrumbList","@id":"https:\/\/or-technology.com\/de\/technische-aenderungen\/#breadcrumb","itemListElement":[{"@type":"ListItem","position":1,"name":"Home","item":"https:\/\/or-technology.com\/de\/"},{"@type":"ListItem","position":2,"name":"Technische \u00c4nderungen"}]},{"@type":"WebSite","@id":"https:\/\/or-technology.com\/de\/#website","url":"https:\/\/or-technology.com\/de\/","name":"OR Technology","description":"Instant. Diagnostic. Imaging.","publisher":{"@id":"https:\/\/or-technology.com\/de\/#organization"},"potentialAction":[{"@type":"SearchAction","target":{"@type":"EntryPoint","urlTemplate":"https:\/\/or-technology.com\/de\/?s={search_term_string}"},"query-input":{"@type":"PropertyValueSpecification","valueRequired":true,"valueName":"search_term_string"}}],"inLanguage":"de"},{"@type":"Organization","@id":"https:\/\/or-technology.com\/de\/#organization","name":"OR Technology","alternateName":"OR Technology","url":"https:\/\/or-technology.com\/de\/","logo":{"@type":"ImageObject","inLanguage":"de","@id":"https:\/\/or-technology.com\/de\/#\/schema\/logo\/image\/","url":"https:\/\/or-technology.com\/wp-content\/uploads\/2026\/03\/Logo-und-Slogan-EN-blau-verkurzt.svg","contentUrl":"https:\/\/or-technology.com\/wp-content\/uploads\/2026\/03\/Logo-und-Slogan-EN-blau-verkurzt.svg","width":"1024","height":"1024","caption":"OR Technology"},"image":{"@id":"https:\/\/or-technology.com\/de\/#\/schema\/logo\/image\/"},"sameAs":["https:\/\/www.facebook.com\/OehmundRehbein","https:\/\/www.instagram.com\/or.technology\/","https:\/\/de.linkedin.com\/company\/oehm-und-rehbein-gmbh","https:\/\/www.youtube.com\/@ORTechnology"]}]}},"_links":{"self":[{"href":"https:\/\/or-technology.com\/de\/wp-json\/wp\/v2\/pages\/7642","targetHints":{"allow":["GET"]}}],"collection":[{"href":"https:\/\/or-technology.com\/de\/wp-json\/wp\/v2\/pages"}],"about":[{"href":"https:\/\/or-technology.com\/de\/wp-json\/wp\/v2\/types\/page"}],"author":[{"embeddable":true,"href":"https:\/\/or-technology.com\/de\/wp-json\/wp\/v2\/users\/5"}],"replies":[{"embeddable":true,"href":"https:\/\/or-technology.com\/de\/wp-json\/wp\/v2\/comments?post=7642"}],"version-history":[{"count":3,"href":"https:\/\/or-technology.com\/de\/wp-json\/wp\/v2\/pages\/7642\/revisions"}],"predecessor-version":[{"id":12015,"href":"https:\/\/or-technology.com\/de\/wp-json\/wp\/v2\/pages\/7642\/revisions\/12015"}],"wp:attachment":[{"href":"https:\/\/or-technology.com\/de\/wp-json\/wp\/v2\/media?parent=7642"}],"curies":[{"name":"wp","href":"https:\/\/api.w.org\/{rel}","templated":true}]}}