{"id":7700,"date":"2025-06-30T10:35:11","date_gmt":"2025-06-30T10:35:11","guid":{"rendered":"https:\/\/wp.azde2.ork1.de\/impressum\/"},"modified":"2026-03-31T12:19:29","modified_gmt":"2026-03-31T12:19:29","slug":"impressum","status":"publish","type":"page","link":"https:\/\/or-technology.com\/de\/impressum\/","title":{"rendered":"Impressum"},"content":{"rendered":"    <div class=\"testimonials_section\"  style=\" margin-top:20px;\" >\r\n        <div class=\"container\">\r\n            <div class=\"top_center_info\">\r\n                <h2><\/h2>\r\n                <h1 style=\"text-align: left;\">Impressum<\/h1>\n<h2 style=\"text-align: left;\">Firmensitz Rostock<\/h2>\n<p style=\"text-align: left;\">Oehm und Rehbein GmbH<br \/>\nNeptunallee 7c<br \/>\n18057 Rostock, Germany<\/p>\n<p style=\"text-align: left;\">Telefon\/Zentrale: +49 381 36 600 500<br \/>\nSupport anfragen: +49 381 36 600 800<\/p>\n<p style=\"text-align: left;\">Telefax: +49 381 36 600 555<br \/>\nE-Mail: <a href=\"mailto:info@oehm-rehbein.de\">info@oehm-rehbein.de<\/a><\/p>\n<h2 style=\"text-align: left;\">Weitere Daten<\/h2>\n<p style=\"text-align: left;\">Ust.-ID-Nr.: DE-227731719<br \/>\nGesch\u00e4ftsf\u00fchrer: Tim Thurn, Michael Rieger<br \/>\nSitz und Registergericht:<br \/>\nHRB 8923, Amtsgericht Rostock<br \/>\nWEEE-Reg.-Nr. DE 83119876<\/p>\n<h2 style=\"text-align: left;\">Bildnachweise<\/h2>\n<p style=\"text-align: left;\">Soweit nicht anders angegeben, sind die auf dieser Website verwendeten Bilder urheberrechtlich gesch\u00fctzt. Nutzungsrechte an Bildmaterial externer Anbieter (z. B. Adobe Stock, iStock, fotolia) wurden ordnungsgem\u00e4\u00df erworben.<\/p>\n<p style=\"text-align: left;\">Produktfotografie: Bernd Hagedorn, Rostock \u2013 <a href=\"https:\/\/fotostudio-hagedorn.de\/\" target=\"_blanc\">fotostudio-hagedorn.de<\/a><\/p>\n<p style=\"text-align: left;\">Einzelne Produktabbildungen wurden uns von den jeweiligen Herstellern der dargestellten Systeme zur Verf\u00fcgung gestellt und werden mit deren Zustimmung verwendet.<\/p>\n            <\/div>\r\n            <div class=\"testimonials_section_inner\">\r\n                <div class=\"row\">\r\n                                    <\/div>\r\n            <\/div>\r\n                    <\/div>\r\n    <\/div>\r\n","protected":false},"excerpt":{"rendered":"<p>Impressum Firmensitz Rostock Oehm und Rehbein GmbH Neptunallee 7c 18057 Rostock, Germany Telefon\/Zentrale: +49 381 36 600 500 Support anfragen: +49 381 36 600 800 Telefax: +49 381 36 600 &#8230;<\/p>\n","protected":false},"author":4,"featured_media":0,"parent":0,"menu_order":0,"comment_status":"closed","ping_status":"closed","template":"","meta":{"_acf_changed":false,"inline_featured_image":false,"footnotes":""},"class_list":["post-7700","page","type-page","status-publish","hentry"],"acf":[],"yoast_head":"<!-- This site is optimized with the Yoast SEO plugin v27.2 - https:\/\/yoast.com\/product\/yoast-seo-wordpress\/ -->\n<title>Oehm und Rehbein \u2013 Impressum<\/title>\n<meta name=\"description\" content=\"Rechtliche Informationen zu Oehm und Rehbein GmbH, einschlie\u00dflich Firmendetails, Kontaktinformationen und gesetzlicher Vorschriften.\" \/>\n<meta name=\"robots\" content=\"index, follow, max-snippet:-1, max-image-preview:large, max-video-preview:-1\" \/>\n<link rel=\"canonical\" href=\"https:\/\/or-technology.com\/de\/impressum\/\" \/>\n<meta property=\"og:locale\" content=\"de_DE\" \/>\n<meta property=\"og:type\" content=\"article\" \/>\n<meta property=\"og:title\" content=\"Oehm und Rehbein \u2013 Impressum\" \/>\n<meta property=\"og:description\" content=\"Rechtliche Informationen zu Oehm und Rehbein GmbH, einschlie\u00dflich Firmendetails, Kontaktinformationen und gesetzlicher Vorschriften.\" \/>\n<meta property=\"og:url\" content=\"https:\/\/or-technology.com\/de\/impressum\/\" \/>\n<meta property=\"og:site_name\" content=\"Oehm und Rehbein\" \/>\n<meta property=\"article:publisher\" content=\"https:\/\/www.facebook.com\/OehmundRehbein\" \/>\n<meta property=\"article:modified_time\" content=\"2026-03-31T12:19:29+00:00\" \/>\n<meta name=\"twitter:card\" content=\"summary_large_image\" \/>\n<script type=\"application\/ld+json\" class=\"yoast-schema-graph\">{\"@context\":\"https:\/\/schema.org\",\"@graph\":[{\"@type\":\"WebPage\",\"@id\":\"https:\/\/or-technology.com\/de\/impressum\/\",\"url\":\"https:\/\/or-technology.com\/de\/impressum\/\",\"name\":\"Oehm und Rehbein \u2013 Impressum\",\"isPartOf\":{\"@id\":\"https:\/\/or-technology.com\/de\/#website\"},\"datePublished\":\"2025-06-30T10:35:11+00:00\",\"dateModified\":\"2026-03-31T12:19:29+00:00\",\"description\":\"Rechtliche Informationen zu Oehm und Rehbein GmbH, einschlie\u00dflich Firmendetails, Kontaktinformationen und gesetzlicher Vorschriften.\",\"breadcrumb\":{\"@id\":\"https:\/\/or-technology.com\/de\/impressum\/#breadcrumb\"},\"inLanguage\":\"de\",\"potentialAction\":[{\"@type\":\"ReadAction\",\"target\":[\"https:\/\/or-technology.com\/de\/impressum\/\"]}]},{\"@type\":\"BreadcrumbList\",\"@id\":\"https:\/\/or-technology.com\/de\/impressum\/#breadcrumb\",\"itemListElement\":[{\"@type\":\"ListItem\",\"position\":1,\"name\":\"Home\",\"item\":\"https:\/\/or-technology.com\/de\/\"},{\"@type\":\"ListItem\",\"position\":2,\"name\":\"Impressum\"}]},{\"@type\":\"WebSite\",\"@id\":\"https:\/\/or-technology.com\/de\/#website\",\"url\":\"https:\/\/or-technology.com\/de\/\",\"name\":\"OR Technology\",\"description\":\"Instant. Diagnostic. Imaging.\",\"publisher\":{\"@id\":\"https:\/\/or-technology.com\/de\/#organization\"},\"potentialAction\":[{\"@type\":\"SearchAction\",\"target\":{\"@type\":\"EntryPoint\",\"urlTemplate\":\"https:\/\/or-technology.com\/de\/?s={search_term_string}\"},\"query-input\":{\"@type\":\"PropertyValueSpecification\",\"valueRequired\":true,\"valueName\":\"search_term_string\"}}],\"inLanguage\":\"de\"},{\"@type\":\"Organization\",\"@id\":\"https:\/\/or-technology.com\/de\/#organization\",\"name\":\"OR Technology\",\"alternateName\":\"OR Technology\",\"url\":\"https:\/\/or-technology.com\/de\/\",\"logo\":{\"@type\":\"ImageObject\",\"inLanguage\":\"de\",\"@id\":\"https:\/\/or-technology.com\/de\/#\/schema\/logo\/image\/\",\"url\":\"https:\/\/or-technology.com\/wp-content\/uploads\/2026\/03\/Logo-und-Slogan-EN-blau-verkurzt.svg\",\"contentUrl\":\"https:\/\/or-technology.com\/wp-content\/uploads\/2026\/03\/Logo-und-Slogan-EN-blau-verkurzt.svg\",\"width\":\"1024\",\"height\":\"1024\",\"caption\":\"OR Technology\"},\"image\":{\"@id\":\"https:\/\/or-technology.com\/de\/#\/schema\/logo\/image\/\"},\"sameAs\":[\"https:\/\/www.facebook.com\/OehmundRehbein\",\"https:\/\/www.instagram.com\/or.technology\/\",\"https:\/\/de.linkedin.com\/company\/oehm-und-rehbein-gmbh\",\"https:\/\/www.youtube.com\/@ORTechnology\"]}]}<\/script>\n<!-- \/ Yoast SEO plugin. -->","yoast_head_json":{"title":"Oehm und Rehbein \u2013 Impressum","description":"Rechtliche Informationen zu Oehm und Rehbein GmbH, einschlie\u00dflich Firmendetails, Kontaktinformationen und gesetzlicher Vorschriften.","robots":{"index":"index","follow":"follow","max-snippet":"max-snippet:-1","max-image-preview":"max-image-preview:large","max-video-preview":"max-video-preview:-1"},"canonical":"https:\/\/or-technology.com\/de\/impressum\/","og_locale":"de_DE","og_type":"article","og_title":"Oehm und Rehbein \u2013 Impressum","og_description":"Rechtliche Informationen zu Oehm und Rehbein GmbH, einschlie\u00dflich Firmendetails, Kontaktinformationen und gesetzlicher Vorschriften.","og_url":"https:\/\/or-technology.com\/de\/impressum\/","og_site_name":"Oehm und Rehbein","article_publisher":"https:\/\/www.facebook.com\/OehmundRehbein","article_modified_time":"2026-03-31T12:19:29+00:00","twitter_card":"summary_large_image","schema":{"@context":"https:\/\/schema.org","@graph":[{"@type":"WebPage","@id":"https:\/\/or-technology.com\/de\/impressum\/","url":"https:\/\/or-technology.com\/de\/impressum\/","name":"Oehm und Rehbein \u2013 Impressum","isPartOf":{"@id":"https:\/\/or-technology.com\/de\/#website"},"datePublished":"2025-06-30T10:35:11+00:00","dateModified":"2026-03-31T12:19:29+00:00","description":"Rechtliche Informationen zu Oehm und Rehbein GmbH, einschlie\u00dflich Firmendetails, Kontaktinformationen und gesetzlicher Vorschriften.","breadcrumb":{"@id":"https:\/\/or-technology.com\/de\/impressum\/#breadcrumb"},"inLanguage":"de","potentialAction":[{"@type":"ReadAction","target":["https:\/\/or-technology.com\/de\/impressum\/"]}]},{"@type":"BreadcrumbList","@id":"https:\/\/or-technology.com\/de\/impressum\/#breadcrumb","itemListElement":[{"@type":"ListItem","position":1,"name":"Home","item":"https:\/\/or-technology.com\/de\/"},{"@type":"ListItem","position":2,"name":"Impressum"}]},{"@type":"WebSite","@id":"https:\/\/or-technology.com\/de\/#website","url":"https:\/\/or-technology.com\/de\/","name":"OR Technology","description":"Instant. Diagnostic. Imaging.","publisher":{"@id":"https:\/\/or-technology.com\/de\/#organization"},"potentialAction":[{"@type":"SearchAction","target":{"@type":"EntryPoint","urlTemplate":"https:\/\/or-technology.com\/de\/?s={search_term_string}"},"query-input":{"@type":"PropertyValueSpecification","valueRequired":true,"valueName":"search_term_string"}}],"inLanguage":"de"},{"@type":"Organization","@id":"https:\/\/or-technology.com\/de\/#organization","name":"OR Technology","alternateName":"OR Technology","url":"https:\/\/or-technology.com\/de\/","logo":{"@type":"ImageObject","inLanguage":"de","@id":"https:\/\/or-technology.com\/de\/#\/schema\/logo\/image\/","url":"https:\/\/or-technology.com\/wp-content\/uploads\/2026\/03\/Logo-und-Slogan-EN-blau-verkurzt.svg","contentUrl":"https:\/\/or-technology.com\/wp-content\/uploads\/2026\/03\/Logo-und-Slogan-EN-blau-verkurzt.svg","width":"1024","height":"1024","caption":"OR Technology"},"image":{"@id":"https:\/\/or-technology.com\/de\/#\/schema\/logo\/image\/"},"sameAs":["https:\/\/www.facebook.com\/OehmundRehbein","https:\/\/www.instagram.com\/or.technology\/","https:\/\/de.linkedin.com\/company\/oehm-und-rehbein-gmbh","https:\/\/www.youtube.com\/@ORTechnology"]}]}},"_links":{"self":[{"href":"https:\/\/or-technology.com\/de\/wp-json\/wp\/v2\/pages\/7700","targetHints":{"allow":["GET"]}}],"collection":[{"href":"https:\/\/or-technology.com\/de\/wp-json\/wp\/v2\/pages"}],"about":[{"href":"https:\/\/or-technology.com\/de\/wp-json\/wp\/v2\/types\/page"}],"author":[{"embeddable":true,"href":"https:\/\/or-technology.com\/de\/wp-json\/wp\/v2\/users\/4"}],"replies":[{"embeddable":true,"href":"https:\/\/or-technology.com\/de\/wp-json\/wp\/v2\/comments?post=7700"}],"version-history":[{"count":11,"href":"https:\/\/or-technology.com\/de\/wp-json\/wp\/v2\/pages\/7700\/revisions"}],"predecessor-version":[{"id":11672,"href":"https:\/\/or-technology.com\/de\/wp-json\/wp\/v2\/pages\/7700\/revisions\/11672"}],"wp:attachment":[{"href":"https:\/\/or-technology.com\/de\/wp-json\/wp\/v2\/media?parent=7700"}],"curies":[{"name":"wp","href":"https:\/\/api.w.org\/{rel}","templated":true}]}}