{"id":2179,"date":"2025-05-16T09:49:54","date_gmt":"2025-05-16T09:49:54","guid":{"rendered":"https:\/\/wp.azde2.ork1.de\/exhibitions\/"},"modified":"2026-03-31T09:57:17","modified_gmt":"2026-03-31T09:57:17","slug":"ferias","status":"publish","type":"page","link":"https:\/\/or-technology.com\/es\/ferias\/","title":{"rendered":"Ferias"},"content":{"rendered":"\r\n    <div id=\"banner_slider\">\r\n        <div class=\"swiper-container\" >\r\n            <div class=\"swiper-wrapper\">\r\n                                    <div class=\"swiper-slide\">\r\n                        <div class=\"img\">\r\n                            <img decoding=\"async\" width=\"1920\" height=\"700\" data-src=\"https:\/\/or-technology.com\/wp-content\/uploads\/2025\/05\/Property-1Variant2.jpg\" class=\"attachment- size- lazyload\" alt=\"\" data-srcset=\"https:\/\/or-technology.com\/wp-content\/uploads\/2025\/05\/Property-1Variant2.jpg 1920w, https:\/\/or-technology.com\/wp-content\/uploads\/2025\/05\/Property-1Variant2-300x109.jpg 300w, https:\/\/or-technology.com\/wp-content\/uploads\/2025\/05\/Property-1Variant2-1024x373.jpg 1024w, https:\/\/or-technology.com\/wp-content\/uploads\/2025\/05\/Property-1Variant2-768x280.jpg 768w, https:\/\/or-technology.com\/wp-content\/uploads\/2025\/05\/Property-1Variant2-1536x560.jpg 1536w, https:\/\/or-technology.com\/wp-content\/uploads\/2025\/05\/Property-1Variant2-24x9.jpg 24w, https:\/\/or-technology.com\/wp-content\/uploads\/2025\/05\/Property-1Variant2-36x13.jpg 36w, https:\/\/or-technology.com\/wp-content\/uploads\/2025\/05\/Property-1Variant2-48x18.jpg 48w\" data-sizes=\"(max-width: 1920px) 100vw, 1920px\" src=\"data:image\/svg+xml;base64,PHN2ZyB3aWR0aD0iMSIgaGVpZ2h0PSIxIiB4bWxucz0iaHR0cDovL3d3dy53My5vcmcvMjAwMC9zdmciPjwvc3ZnPg==\" style=\"--smush-placeholder-width: 1920px; --smush-placeholder-aspect-ratio: 1920\/700;\" \/>                        <\/div>\r\n                    <\/div>\r\n                                    <div class=\"swiper-slide\">\r\n                        <div class=\"img\">\r\n                            <img decoding=\"async\" width=\"1920\" height=\"700\" data-src=\"https:\/\/or-technology.com\/wp-content\/uploads\/2025\/06\/exhibition-001.webp\" class=\"attachment- size- lazyload\" alt=\"\" data-srcset=\"https:\/\/or-technology.com\/wp-content\/uploads\/2025\/06\/exhibition-001.webp 1920w, https:\/\/or-technology.com\/wp-content\/uploads\/2025\/06\/exhibition-001-300x109.webp 300w, https:\/\/or-technology.com\/wp-content\/uploads\/2025\/06\/exhibition-001-1024x373.webp 1024w, https:\/\/or-technology.com\/wp-content\/uploads\/2025\/06\/exhibition-001-768x280.webp 768w, https:\/\/or-technology.com\/wp-content\/uploads\/2025\/06\/exhibition-001-1536x560.webp 1536w, https:\/\/or-technology.com\/wp-content\/uploads\/2025\/06\/exhibition-001-24x9.webp 24w, https:\/\/or-technology.com\/wp-content\/uploads\/2025\/06\/exhibition-001-36x13.webp 36w, https:\/\/or-technology.com\/wp-content\/uploads\/2025\/06\/exhibition-001-48x18.webp 48w\" data-sizes=\"(max-width: 1920px) 100vw, 1920px\" src=\"data:image\/svg+xml;base64,PHN2ZyB3aWR0aD0iMSIgaGVpZ2h0PSIxIiB4bWxucz0iaHR0cDovL3d3dy53My5vcmcvMjAwMC9zdmciPjwvc3ZnPg==\" style=\"--smush-placeholder-width: 1920px; --smush-placeholder-aspect-ratio: 1920\/700;\" \/>                        <\/div>\r\n                    <\/div>\r\n                                    <div class=\"swiper-slide\">\r\n                        <div class=\"img\">\r\n                            <img decoding=\"async\" width=\"2560\" height=\"1154\" data-src=\"https:\/\/or-technology.com\/wp-content\/uploads\/2026\/03\/exhibition-003-neu.webp\" class=\"attachment- size- lazyload\" alt=\"\" data-srcset=\"https:\/\/or-technology.com\/wp-content\/uploads\/2026\/03\/exhibition-003-neu.webp 2560w, https:\/\/or-technology.com\/wp-content\/uploads\/2026\/03\/exhibition-003-neu-300x135.webp 300w, https:\/\/or-technology.com\/wp-content\/uploads\/2026\/03\/exhibition-003-neu-1024x462.webp 1024w, https:\/\/or-technology.com\/wp-content\/uploads\/2026\/03\/exhibition-003-neu-768x346.webp 768w, https:\/\/or-technology.com\/wp-content\/uploads\/2026\/03\/exhibition-003-neu-1536x692.webp 1536w, https:\/\/or-technology.com\/wp-content\/uploads\/2026\/03\/exhibition-003-neu-2048x923.webp 2048w, https:\/\/or-technology.com\/wp-content\/uploads\/2026\/03\/exhibition-003-neu-24x11.webp 24w, https:\/\/or-technology.com\/wp-content\/uploads\/2026\/03\/exhibition-003-neu-36x16.webp 36w, https:\/\/or-technology.com\/wp-content\/uploads\/2026\/03\/exhibition-003-neu-48x22.webp 48w\" data-sizes=\"(max-width: 2560px) 100vw, 2560px\" src=\"data:image\/svg+xml;base64,PHN2ZyB3aWR0aD0iMSIgaGVpZ2h0PSIxIiB4bWxucz0iaHR0cDovL3d3dy53My5vcmcvMjAwMC9zdmciPjwvc3ZnPg==\" style=\"--smush-placeholder-width: 2560px; --smush-placeholder-aspect-ratio: 2560\/1154;\" \/>                        <\/div>\r\n                    <\/div>\r\n                            <\/div>\r\n            <div class=\"swiper-pagination\"><\/div>\r\n        <\/div>\r\n        <div class=\"high_to_low\"><\/div>\r\n    <\/div>\r\n  \r\n\r\n  \n\n\r\n<div class=\"measure_section\"  >\r\n    <div class=\"container\">\r\n        <div class=\"top_center_info\">\r\n            <h1><strong>Ferias \u2013 <\/strong>Conozca a OR Technology<\/h1>\r\n            <p>Aqu\u00ed encontrar\u00e1 las ferias y congresos donde podr\u00e1 encontrarnos en los pr\u00f3ximos meses. <br\/>Esperamos verle all\u00ed.<\/p>\r\n            <div class=\"measure_table\">\r\n                <table cellpading=\"0\" cellspacing=\"0\">\r\n                    <tr>\r\n                    \t\t                        <th>Fecha<\/th>\r\n                        \t                        <th>Feria \/ Congreso<\/th>\r\n                        \t                        <th>Stand<\/th>\r\n                        \t                        <th>Ciudad<\/th>\r\n                        \t                        <th>Pa\u00eds<\/th>\r\n                                            <\/tr>\r\n                                            <tr>\r\n                            <td data-th=\"Datum\">12.03.26<\/td>\r\n                            <td data-th=\"Messe \/ Kongress\"><a href=\"https:\/\/pro.avef.info\/en\/7-focus-2026\">Jour de Roissy \u2013 ahora: Jornada Focus AVEF<\/a><\/td>\r\n                            <td data-th=\"Stand\"><\/td>\r\n                            <td data-th=\"Stadt\">Marne-la-Vall\u00e9e<\/td>\r\n                            <td data-th=\"Land\">Francia<\/td>\r\n                        <\/tr>\r\n                                            <tr>\r\n                            <td data-th=\"Datum\">09.07. \u2013 11.07.26<\/td>\r\n                            <td data-th=\"Messe \/ Kongress\"><a href=\"https:\/\/www.ecvs.org\/annual-scientific-meeting\/2026.php\">35\u00aa reuni\u00f3n cient\u00edfica anual de la ECVS<\/a><\/td>\r\n                            <td data-th=\"Stand\">31<\/td>\r\n                            <td data-th=\"Stadt\">Liverpool<\/td>\r\n                            <td data-th=\"Land\">Reino Unido<\/td>\r\n                        <\/tr>\r\n                                            <tr>\r\n                            <td data-th=\"Datum\">18.09. \u2013 19.09.26<\/td>\r\n                            <td data-th=\"Messe \/ Kongress\"><a href=\"https:\/\/www.vet-austria.at\/besucher\/\">Vet Austria<\/a><\/td>\r\n                            <td data-th=\"Stand\"><\/td>\r\n                            <td data-th=\"Stadt\">Salzburgo<\/td>\r\n                            <td data-th=\"Land\">Austria<\/td>\r\n                        <\/tr>\r\n                                            <tr>\r\n                            <td data-th=\"Datum\">20.11. \u2013 21.11.26<\/td>\r\n                            <td data-th=\"Messe \/ Kongress\">Feria BPT de medicina veterinaria<\/td>\r\n                            <td data-th=\"Stand\"><\/td>\r\n                            <td data-th=\"Stadt\">Hannover<\/td>\r\n                            <td data-th=\"Land\">Alemania<\/td>\r\n                        <\/tr>\r\n                                            <tr>\r\n                            <td data-th=\"Datum\">15.01. &#8211; 17.01.26<\/td>\r\n                            <td data-th=\"Messe \/ Kongress\">Vetexpo \u2013 Congreso veterinario de Leipzig<\/td>\r\n                            <td data-th=\"Stand\"><\/td>\r\n                            <td data-th=\"Stadt\">Leipzig<\/td>\r\n                            <td data-th=\"Land\">Alemania<\/td>\r\n                        <\/tr>\r\n                                            <tr>\r\n                            <td data-th=\"Datum\">23.01. &#8211; 24.01.26<\/td>\r\n                            <td data-th=\"Messe \/ Kongress\">20. Veterinary Sport Horse Congress; Jumping Amsterdam<\/td>\r\n                            <td data-th=\"Stand\">16<\/td>\r\n                            <td data-th=\"Stadt\">Amstedam<\/td>\r\n                            <td data-th=\"Land\">Netherlands<\/td>\r\n                        <\/tr>\r\n                                            <tr>\r\n                            <td data-th=\"Datum\">09.02. &#8211; 12.02.26<\/td>\r\n                            <td data-th=\"Messe \/ Kongress\">WHX Dubai (ehemals Arab Health)<\/td>\r\n                            <td data-th=\"Stand\">N21.A50<\/td>\r\n                            <td data-th=\"Stadt\">Dubai<\/td>\r\n                            <td data-th=\"Land\">UAE<\/td>\r\n                        <\/tr>\r\n                                            <tr>\r\n                            <td data-th=\"Datum\">19.02.26<\/td>\r\n                            <td data-th=\"Messe \/ Kongress\">La journ\u00e9e des chefs de centre \u00e9quins <\/td>\r\n                            <td data-th=\"Stand\"><\/td>\r\n                            <td data-th=\"Stadt\">Haras du Pin<\/td>\r\n                            <td data-th=\"Land\">France<\/td>\r\n                        <\/tr>\r\n                                            <tr>\r\n                            <td data-th=\"Datum\">26.02. &#8211; 01.03.26<\/td>\r\n                            <td data-th=\"Messe \/ Kongress\">BPT-intensiv Kleintier<\/td>\r\n                            <td data-th=\"Stand\">C09<\/td>\r\n                            <td data-th=\"Stadt\">Bielefeld<\/td>\r\n                            <td data-th=\"Land\">Germany<\/td>\r\n                        <\/tr>\r\n                                    <\/table>\r\n            <\/div>\r\n        <\/div>\r\n    <\/div>\r\n<\/div>\r\n\n\n\n<style>\ntr.messe-aktuell td { background: rgba(255,140,0,0.25) !important; }\ntr.messe-aktuell + tr.messe-aktuell td { border-top: 1px solid rgba(255,140,0,0.4) !important; }\ntr.messe-vergangen { opacity: 0.45 !important; filter: grayscale(70%) !important; }\n<\/style>\n<script>\nwindow.addEventListener(\"load\", function(){\nconst tbody = document.querySelector(\"table tbody\");\nif(!tbody) return;\n\nconst now = new Date();\nconst todayN = now.getFullYear()*10000 + (now.getMonth()+1)*100 + now.getDate();\nconst yestN  = todayN - 1;\nconst tomN   = todayN + 1;\n\nfunction toN(d,m,y){ return y*10000 + m*100 + d; }\n\nfunction parseRange(txt){\n  const reEnd = \/(\\d\\d)\\.(\\d\\d)\\.(\\d\\d)\/g;\n  const ends=[]; let m;\n  while((m=reEnd.exec(txt))!==null){\n    ends.push(toN(parseInt(m[1]),parseInt(m[2]),2000+parseInt(m[3])));\n  }\n  if(!ends.length) return null;\n  const end = ends[ends.length-1];\n  const s = \/(\\d\\d)\\.(\\d\\d)\\.\/.exec(txt);\n  const endY = Math.floor(end\/10000);\n  const start = s ? toN(parseInt(s[1]),parseInt(s[2]),endY) : end;\n  return {start, end};\n}\n\nconst current=[], future=[], past=[];\n\ntbody.querySelectorAll(\"tr\").forEach(r=>{\n  const tds = r.querySelectorAll(\"td\");\n  if(!tds.length) return;\n  const range = parseRange(tds[0].textContent.trim());\n  if(!range) return;\n  const {start, end} = range;\n\n  if(end >= yestN && start <= tomN){\n    current.push({row:r, end});\n  } else if(start > tomN){\n    future.push({row:r, start});\n  } else {\n    past.push({row:r, end});\n  }\n});\n\ncurrent.sort((a,b)=>b.end-a.end);\nfuture.sort((a,b)=>a.start-b.start);\npast.sort((a,b)=>b.end-a.end);\n\ntbody.querySelectorAll(\"tr td[colspan]\").forEach(td=>td.closest(\"tr\").remove());\n\ncurrent.forEach(e=>{ e.row.classList.add(\"messe-aktuell\"); tbody.appendChild(e.row); });\nfuture.forEach(e=>tbody.appendChild(e.row));\nif(past.length){\n  const sep=document.createElement(\"tr\");\n  sep.innerHTML='<td colspan=\"5\" style=\"padding:14px 28px;background:#e8eef3;font-weight:600;color:#0b3954;border-top:2px solid #d4dde6;\">Ferias pasadas<\/td>';\n  tbody.appendChild(sep);\n  past.forEach(e=>{ e.row.classList.add(\"messe-vergangen\"); tbody.appendChild(e.row); });\n}\n});\n<\/script>\n\n\n\n<p><\/p>\n","protected":false},"excerpt":{"rendered":"<p>Ferias \u2013 Conozca a OR Technology Aqu\u00ed encontrar\u00e1 las ferias y congresos donde podr\u00e1 encontrarnos en los pr\u00f3ximos meses. Esperamos verle all\u00ed. Fecha Feria \/ Congreso Stand Ciudad Pa\u00eds 12.03.26 &#8230;<\/p>\n","protected":false},"author":2,"featured_media":0,"parent":0,"menu_order":0,"comment_status":"closed","ping_status":"closed","template":"","meta":{"_acf_changed":false,"inline_featured_image":false,"footnotes":""},"class_list":["post-2179","page","type-page","status-publish","hentry"],"acf":[],"yoast_head":"<!-- This site is optimized with the Yoast SEO plugin v27.2 - https:\/\/yoast.com\/product\/yoast-seo-wordpress\/ -->\n<title>Ferias de OR Technology \u2013 Pr\u00f3ximos eventos y exposiciones<\/title>\n<meta name=\"description\" content=\"Consulte nuestro calendario de exposiciones y planifique su visita para ver nuestros sistemas de imagen en vivo.\" \/>\n<meta name=\"robots\" content=\"index, follow, max-snippet:-1, max-image-preview:large, max-video-preview:-1\" \/>\n<link rel=\"canonical\" href=\"https:\/\/or-technology.com\/es\/ferias\/\" \/>\n<meta property=\"og:locale\" content=\"es_ES\" \/>\n<meta property=\"og:type\" content=\"article\" \/>\n<meta property=\"og:title\" content=\"Ferias de OR Technology \u2013 Pr\u00f3ximos eventos y exposiciones\" \/>\n<meta property=\"og:description\" content=\"Consulte nuestro calendario de exposiciones y planifique su visita para ver nuestros sistemas de imagen en vivo.\" \/>\n<meta property=\"og:url\" content=\"https:\/\/or-technology.com\/es\/ferias\/\" \/>\n<meta property=\"og:site_name\" content=\"OR Technology\" \/>\n<meta property=\"article:publisher\" content=\"https:\/\/www.facebook.com\/OehmundRehbein\" \/>\n<meta property=\"article:modified_time\" content=\"2026-03-31T09:57:17+00:00\" \/>\n<meta name=\"twitter:card\" content=\"summary_large_image\" \/>\n<script type=\"application\/ld+json\" class=\"yoast-schema-graph\">{\"@context\":\"https:\/\/schema.org\",\"@graph\":[{\"@type\":\"WebPage\",\"@id\":\"https:\/\/or-technology.com\/es\/ferias\/\",\"url\":\"https:\/\/or-technology.com\/es\/ferias\/\",\"name\":\"Ferias de OR Technology \u2013 Pr\u00f3ximos eventos y exposiciones\",\"isPartOf\":{\"@id\":\"https:\/\/or-technology.com\/es\/#website\"},\"datePublished\":\"2025-05-16T09:49:54+00:00\",\"dateModified\":\"2026-03-31T09:57:17+00:00\",\"description\":\"Consulte nuestro calendario de exposiciones y planifique su visita para ver nuestros sistemas de imagen en vivo.\",\"breadcrumb\":{\"@id\":\"https:\/\/or-technology.com\/es\/ferias\/#breadcrumb\"},\"inLanguage\":\"es\",\"potentialAction\":[{\"@type\":\"ReadAction\",\"target\":[\"https:\/\/or-technology.com\/es\/ferias\/\"]}]},{\"@type\":\"BreadcrumbList\",\"@id\":\"https:\/\/or-technology.com\/es\/ferias\/#breadcrumb\",\"itemListElement\":[{\"@type\":\"ListItem\",\"position\":1,\"name\":\"Home\",\"item\":\"https:\/\/or-technology.com\/es\/\"},{\"@type\":\"ListItem\",\"position\":2,\"name\":\"Ferias\"}]},{\"@type\":\"WebSite\",\"@id\":\"https:\/\/or-technology.com\/es\/#website\",\"url\":\"https:\/\/or-technology.com\/es\/\",\"name\":\"OR Technology\",\"description\":\"Instant. Diagnostic. Imaging.\",\"publisher\":{\"@id\":\"https:\/\/or-technology.com\/es\/#organization\"},\"potentialAction\":[{\"@type\":\"SearchAction\",\"target\":{\"@type\":\"EntryPoint\",\"urlTemplate\":\"https:\/\/or-technology.com\/es\/?s={search_term_string}\"},\"query-input\":{\"@type\":\"PropertyValueSpecification\",\"valueRequired\":true,\"valueName\":\"search_term_string\"}}],\"inLanguage\":\"es\"},{\"@type\":\"Organization\",\"@id\":\"https:\/\/or-technology.com\/es\/#organization\",\"name\":\"OR Technology\",\"alternateName\":\"OR Technology\",\"url\":\"https:\/\/or-technology.com\/es\/\",\"logo\":{\"@type\":\"ImageObject\",\"inLanguage\":\"es\",\"@id\":\"https:\/\/or-technology.com\/es\/#\/schema\/logo\/image\/\",\"url\":\"https:\/\/or-technology.com\/wp-content\/uploads\/2026\/03\/Logo-und-Slogan-EN-blau-verkurzt.svg\",\"contentUrl\":\"https:\/\/or-technology.com\/wp-content\/uploads\/2026\/03\/Logo-und-Slogan-EN-blau-verkurzt.svg\",\"width\":\"1024\",\"height\":\"1024\",\"caption\":\"OR Technology\"},\"image\":{\"@id\":\"https:\/\/or-technology.com\/es\/#\/schema\/logo\/image\/\"},\"sameAs\":[\"https:\/\/www.facebook.com\/OehmundRehbein\",\"https:\/\/www.instagram.com\/or.technology\/\",\"https:\/\/de.linkedin.com\/company\/oehm-und-rehbein-gmbh\",\"https:\/\/www.youtube.com\/@ORTechnology\"]}]}<\/script>\n<!-- \/ Yoast SEO plugin. -->","yoast_head_json":{"title":"Ferias de OR Technology \u2013 Pr\u00f3ximos eventos y exposiciones","description":"Consulte nuestro calendario de exposiciones y planifique su visita para ver nuestros sistemas de imagen en vivo.","robots":{"index":"index","follow":"follow","max-snippet":"max-snippet:-1","max-image-preview":"max-image-preview:large","max-video-preview":"max-video-preview:-1"},"canonical":"https:\/\/or-technology.com\/es\/ferias\/","og_locale":"es_ES","og_type":"article","og_title":"Ferias de OR Technology \u2013 Pr\u00f3ximos eventos y exposiciones","og_description":"Consulte nuestro calendario de exposiciones y planifique su visita para ver nuestros sistemas de imagen en vivo.","og_url":"https:\/\/or-technology.com\/es\/ferias\/","og_site_name":"OR Technology","article_publisher":"https:\/\/www.facebook.com\/OehmundRehbein","article_modified_time":"2026-03-31T09:57:17+00:00","twitter_card":"summary_large_image","schema":{"@context":"https:\/\/schema.org","@graph":[{"@type":"WebPage","@id":"https:\/\/or-technology.com\/es\/ferias\/","url":"https:\/\/or-technology.com\/es\/ferias\/","name":"Ferias de OR Technology \u2013 Pr\u00f3ximos eventos y exposiciones","isPartOf":{"@id":"https:\/\/or-technology.com\/es\/#website"},"datePublished":"2025-05-16T09:49:54+00:00","dateModified":"2026-03-31T09:57:17+00:00","description":"Consulte nuestro calendario de exposiciones y planifique su visita para ver nuestros sistemas de imagen en vivo.","breadcrumb":{"@id":"https:\/\/or-technology.com\/es\/ferias\/#breadcrumb"},"inLanguage":"es","potentialAction":[{"@type":"ReadAction","target":["https:\/\/or-technology.com\/es\/ferias\/"]}]},{"@type":"BreadcrumbList","@id":"https:\/\/or-technology.com\/es\/ferias\/#breadcrumb","itemListElement":[{"@type":"ListItem","position":1,"name":"Home","item":"https:\/\/or-technology.com\/es\/"},{"@type":"ListItem","position":2,"name":"Ferias"}]},{"@type":"WebSite","@id":"https:\/\/or-technology.com\/es\/#website","url":"https:\/\/or-technology.com\/es\/","name":"OR Technology","description":"Instant. Diagnostic. Imaging.","publisher":{"@id":"https:\/\/or-technology.com\/es\/#organization"},"potentialAction":[{"@type":"SearchAction","target":{"@type":"EntryPoint","urlTemplate":"https:\/\/or-technology.com\/es\/?s={search_term_string}"},"query-input":{"@type":"PropertyValueSpecification","valueRequired":true,"valueName":"search_term_string"}}],"inLanguage":"es"},{"@type":"Organization","@id":"https:\/\/or-technology.com\/es\/#organization","name":"OR Technology","alternateName":"OR Technology","url":"https:\/\/or-technology.com\/es\/","logo":{"@type":"ImageObject","inLanguage":"es","@id":"https:\/\/or-technology.com\/es\/#\/schema\/logo\/image\/","url":"https:\/\/or-technology.com\/wp-content\/uploads\/2026\/03\/Logo-und-Slogan-EN-blau-verkurzt.svg","contentUrl":"https:\/\/or-technology.com\/wp-content\/uploads\/2026\/03\/Logo-und-Slogan-EN-blau-verkurzt.svg","width":"1024","height":"1024","caption":"OR Technology"},"image":{"@id":"https:\/\/or-technology.com\/es\/#\/schema\/logo\/image\/"},"sameAs":["https:\/\/www.facebook.com\/OehmundRehbein","https:\/\/www.instagram.com\/or.technology\/","https:\/\/de.linkedin.com\/company\/oehm-und-rehbein-gmbh","https:\/\/www.youtube.com\/@ORTechnology"]}]}},"_links":{"self":[{"href":"https:\/\/or-technology.com\/es\/wp-json\/wp\/v2\/pages\/2179","targetHints":{"allow":["GET"]}}],"collection":[{"href":"https:\/\/or-technology.com\/es\/wp-json\/wp\/v2\/pages"}],"about":[{"href":"https:\/\/or-technology.com\/es\/wp-json\/wp\/v2\/types\/page"}],"author":[{"embeddable":true,"href":"https:\/\/or-technology.com\/es\/wp-json\/wp\/v2\/users\/2"}],"replies":[{"embeddable":true,"href":"https:\/\/or-technology.com\/es\/wp-json\/wp\/v2\/comments?post=2179"}],"version-history":[{"count":59,"href":"https:\/\/or-technology.com\/es\/wp-json\/wp\/v2\/pages\/2179\/revisions"}],"predecessor-version":[{"id":12796,"href":"https:\/\/or-technology.com\/es\/wp-json\/wp\/v2\/pages\/2179\/revisions\/12796"}],"wp:attachment":[{"href":"https:\/\/or-technology.com\/es\/wp-json\/wp\/v2\/media?parent=2179"}],"curies":[{"name":"wp","href":"https:\/\/api.w.org\/{rel}","templated":true}]}}