{"id":7682,"date":"2025-05-16T10:34:01","date_gmt":"2025-05-16T10:34:01","guid":{"rendered":"https:\/\/wp.azde2.ork1.de\/newsroom\/"},"modified":"2026-03-31T09:52:05","modified_gmt":"2026-03-31T09:52:05","slug":"centro-de-noticias","status":"publish","type":"page","link":"https:\/\/or-technology.com\/es\/centro-de-noticias\/","title":{"rendered":"Centro de noticias"},"content":{"rendered":"\r\n<div id=\"news_banner\" >\r\n    <div class=\"img\"><img decoding=\"async\" width=\"741\" height=\"556\" data-src=\"https:\/\/or-technology.com\/wp-content\/uploads\/2025\/05\/news_banner_img.png\" class=\"attachment- size- lazyload\" alt=\"\" data-srcset=\"https:\/\/or-technology.com\/wp-content\/uploads\/2025\/05\/news_banner_img.png 741w, https:\/\/or-technology.com\/wp-content\/uploads\/2025\/05\/news_banner_img-300x225.png 300w, https:\/\/or-technology.com\/wp-content\/uploads\/2025\/05\/news_banner_img-24x18.png 24w, https:\/\/or-technology.com\/wp-content\/uploads\/2025\/05\/news_banner_img-36x27.png 36w, https:\/\/or-technology.com\/wp-content\/uploads\/2025\/05\/news_banner_img-48x36.png 48w\" data-sizes=\"(max-width: 741px) 100vw, 741px\" src=\"data:image\/svg+xml;base64,PHN2ZyB3aWR0aD0iMSIgaGVpZ2h0PSIxIiB4bWxucz0iaHR0cDovL3d3dy53My5vcmcvMjAwMC9zdmciPjwvc3ZnPg==\" style=\"--smush-placeholder-width: 741px; --smush-placeholder-aspect-ratio: 741\/556;\" \/><\/div>\r\n    <div class=\"logo_img\"><img decoding=\"async\" width=\"1\" height=\"1\" data-src=\"https:\/\/or-technology.com\/wp-content\/uploads\/2025\/11\/or-technology-logo-slogan-w-en.svg\" class=\"attachment- size- lazyload\" alt=\"Logo OR Technology\" src=\"data:image\/svg+xml;base64,PHN2ZyB3aWR0aD0iMSIgaGVpZ2h0PSIxIiB4bWxucz0iaHR0cDovL3d3dy53My5vcmcvMjAwMC9zdmciPjwvc3ZnPg==\" style=\"--smush-placeholder-width: 1px; --smush-placeholder-aspect-ratio: 1\/1;\" \/><\/div>\r\n    <div class=\"high_to_low\"><\/div>\r\n<\/div>\r\n\n\n\r\n<div class=\"news_section\"  >\r\n    <div class=\"container\">\r\n        <h1>Sala de prensa<\/h1>\r\n\r\n        \r\n        <div class=\"news_block\">\r\n                            <div class=\"img\"><img decoding=\"async\" width=\"1000\" height=\"655\" data-src=\"https:\/\/or-technology.com\/wp-content\/uploads\/2026\/02\/PM-Hallmarq-Join-Forces-DE.jpg\" class=\"attachment-post-thumbnail size-post-thumbnail wp-post-image lazyload\" alt=\"\" data-srcset=\"https:\/\/or-technology.com\/wp-content\/uploads\/2026\/02\/PM-Hallmarq-Join-Forces-DE.jpg 1000w, https:\/\/or-technology.com\/wp-content\/uploads\/2026\/02\/PM-Hallmarq-Join-Forces-DE-300x197.jpg 300w, https:\/\/or-technology.com\/wp-content\/uploads\/2026\/02\/PM-Hallmarq-Join-Forces-DE-768x503.jpg 768w, https:\/\/or-technology.com\/wp-content\/uploads\/2026\/02\/PM-Hallmarq-Join-Forces-DE-24x16.jpg 24w, https:\/\/or-technology.com\/wp-content\/uploads\/2026\/02\/PM-Hallmarq-Join-Forces-DE-36x24.jpg 36w, https:\/\/or-technology.com\/wp-content\/uploads\/2026\/02\/PM-Hallmarq-Join-Forces-DE-48x31.jpg 48w\" data-sizes=\"(max-width: 1000px) 100vw, 1000px\" src=\"data:image\/svg+xml;base64,PHN2ZyB3aWR0aD0iMSIgaGVpZ2h0PSIxIiB4bWxucz0iaHR0cDovL3d3dy53My5vcmcvMjAwMC9zdmciPjwvc3ZnPg==\" style=\"--smush-placeholder-width: 1000px; --smush-placeholder-aspect-ratio: 1000\/655;\" \/><\/div>\r\n                        \r\n            <div class=\"desc\">\r\n                <p class=\"heading-5\">12.02.2026<\/p>\r\n                \r\n                <p class=\"heading-4\">\r\n                    <a href=\"https:\/\/or-technology.com\/es\/news\/or-technology-und-hallmarq-buendeln-ihre-kraefte-zum-aufbau-einer-globalen-multimodalitaets-bildgebungsgruppe\/\">\r\n                        OR Technology y Hallmarq unen fuerzas para crear un grupo global de imagen multimodal                    <\/a>\r\n                <\/p>\r\n\r\n                <p>OR Technology y Hallmarq Veterinary Imaging han unido fuerzas para formar un nuevo grupo internacional con la ambici\u00f3n de convertirse en un actor global en el \u00e1mbito de la imagen &#8230;<\/p>\n\t\t\t\t<br \/>\r\n\t\t\t\t<a href=\"https:\/\/or-technology.com\/es\/news\/or-technology-und-hallmarq-buendeln-ihre-kraefte-zum-aufbau-einer-globalen-multimodalitaets-bildgebungsgruppe\/\" class=\"btn\">Read more<\/a>\r\n            <\/div>\r\n        <\/div>\r\n\r\n\t        \r\n        <div class=\"news_block\">\r\n                        \r\n            <div class=\"desc\">\r\n                <p class=\"heading-5\">01.02.2026<\/p>\r\n                \r\n                <p class=\"heading-4\">\r\n                    <a href=\"https:\/\/or-technology.com\/es\/news\/world-health-expo-whx-dubai-2026-estaremos-presentes\/\">\r\n                        World Health Expo (WHX) Dubai 2026 \u2013 Estaremos presentes                    <\/a>\r\n                <\/p>\r\n\r\n                <p>Del 9 al 12 de febrero de 2026, nuestro equipo estar\u00e1 presente en la World Health Expo (WHX) Dubai, anteriormente Arab Health, en los Emiratos \u00c1rabes Unidos. Invitamos cordialmente a &#8230;<\/p>\n\t\t\t\t<br \/>\r\n\t\t\t\t<a href=\"https:\/\/or-technology.com\/es\/news\/world-health-expo-whx-dubai-2026-estaremos-presentes\/\" class=\"btn\">Read more<\/a>\r\n            <\/div>\r\n        <\/div>\r\n\r\n\t        \r\n        <div class=\"news_block\">\r\n                        \r\n            <div class=\"desc\">\r\n                <p class=\"heading-5\">07.01.2026<\/p>\r\n                \r\n                <p class=\"heading-4\">\r\n                    <a href=\"https:\/\/or-technology.com\/es\/news\/13-leipziger-tieraerztekongresses\/\">\r\n                        13.\u00ba Congreso Veterinario de Leipzig                    <\/a>\r\n                <\/p>\r\n\r\n                <p>Del 15 al 17 de enero se celebrar\u00e1 Vetexpo en el marco del 13.\u00ba Congreso Veterinario de Leipzig en la Feria de Leipzig. Le invitamos cordialmente a conocer las \u00faltimas &#8230;<\/p>\n\t\t\t\t<br \/>\r\n\t\t\t\t<a href=\"https:\/\/or-technology.com\/es\/news\/13-leipziger-tieraerztekongresses\/\" class=\"btn\">Read more<\/a>\r\n            <\/div>\r\n        <\/div>\r\n\r\n\t        \r\n        <div class=\"news_block\">\r\n                        \r\n            <div class=\"desc\">\r\n                <p class=\"heading-5\">19.12.2025<\/p>\r\n                \r\n                <p class=\"heading-4\">\r\n                    <a href=\"https:\/\/or-technology.com\/es\/news\/al-cierre-del-ano\/\">\r\n                        Al cierre del a\u00f1o                    <\/a>\r\n                <\/p>\r\n\r\n                <p>El grupo OR Technology hace balance de un exitoso a\u00f1o 2025. A pesar de un entorno de mercado exigente, logramos seguir ampliando nuestra presencia internacional, entre otros, mediante la adquisici\u00f3n &#8230;<\/p>\n\t\t\t\t<br \/>\r\n\t\t\t\t<a href=\"https:\/\/or-technology.com\/es\/news\/al-cierre-del-ano\/\" class=\"btn\">Read more<\/a>\r\n            <\/div>\r\n        <\/div>\r\n\r\n\t        \r\n        <div class=\"news_block\">\r\n                            <div class=\"img\"><img decoding=\"async\" width=\"1000\" height=\"655\" data-src=\"https:\/\/or-technology.com\/wp-content\/uploads\/2025\/10\/pm-leoIII-compact.webp\" class=\"attachment-post-thumbnail size-post-thumbnail wp-post-image lazyload\" alt=\"\" data-srcset=\"https:\/\/or-technology.com\/wp-content\/uploads\/2025\/10\/pm-leoIII-compact.webp 1000w, https:\/\/or-technology.com\/wp-content\/uploads\/2025\/10\/pm-leoIII-compact-300x197.webp 300w, https:\/\/or-technology.com\/wp-content\/uploads\/2025\/10\/pm-leoIII-compact-768x503.webp 768w, https:\/\/or-technology.com\/wp-content\/uploads\/2025\/10\/pm-leoIII-compact-24x16.webp 24w, https:\/\/or-technology.com\/wp-content\/uploads\/2025\/10\/pm-leoIII-compact-36x24.webp 36w, https:\/\/or-technology.com\/wp-content\/uploads\/2025\/10\/pm-leoIII-compact-48x31.webp 48w\" data-sizes=\"(max-width: 1000px) 100vw, 1000px\" src=\"data:image\/svg+xml;base64,PHN2ZyB3aWR0aD0iMSIgaGVpZ2h0PSIxIiB4bWxucz0iaHR0cDovL3d3dy53My5vcmcvMjAwMC9zdmciPjwvc3ZnPg==\" style=\"--smush-placeholder-width: 1000px; --smush-placeholder-aspect-ratio: 1000\/655;\" \/><\/div>\r\n                        \r\n            <div class=\"desc\">\r\n                <p class=\"heading-5\">15.10.2025<\/p>\r\n                \r\n                <p class=\"heading-4\">\r\n                    <a href=\"https:\/\/or-technology.com\/es\/news\/neue-mobile-rontgenlosung-fur-die-pferdemedizin\/\">\r\n                        Nueva soluci\u00f3n m\u00f3vil de rayos X para la medicina equina                    <\/a>\r\n                <\/p>\r\n\r\n                <p>Con el nuevo Leonardo DR compact III, Oehm und Rehbein ampl\u00eda su portafolio de soluciones m\u00f3viles de rayos X para la medicina equina. El sistema en malet\u00edn es f\u00e1cil de &#8230;<\/p>\n\t\t\t\t<br \/>\r\n\t\t\t\t<a href=\"https:\/\/or-technology.com\/es\/news\/neue-mobile-rontgenlosung-fur-die-pferdemedizin\/\" class=\"btn\">Read more<\/a>\r\n            <\/div>\r\n        <\/div>\r\n\r\n\t        \r\n        <div class=\"news_block\">\r\n                            <div class=\"img\"><img decoding=\"async\" width=\"1000\" height=\"655\" data-src=\"https:\/\/or-technology.com\/wp-content\/uploads\/2025\/10\/pm-vetEquip-Ltd-now-part-of-the-or-group.webp\" class=\"attachment-post-thumbnail size-post-thumbnail wp-post-image lazyload\" alt=\"\" data-srcset=\"https:\/\/or-technology.com\/wp-content\/uploads\/2025\/10\/pm-vetEquip-Ltd-now-part-of-the-or-group.webp 1000w, https:\/\/or-technology.com\/wp-content\/uploads\/2025\/10\/pm-vetEquip-Ltd-now-part-of-the-or-group-300x197.webp 300w, https:\/\/or-technology.com\/wp-content\/uploads\/2025\/10\/pm-vetEquip-Ltd-now-part-of-the-or-group-768x503.webp 768w, https:\/\/or-technology.com\/wp-content\/uploads\/2025\/10\/pm-vetEquip-Ltd-now-part-of-the-or-group-24x16.webp 24w, https:\/\/or-technology.com\/wp-content\/uploads\/2025\/10\/pm-vetEquip-Ltd-now-part-of-the-or-group-36x24.webp 36w, https:\/\/or-technology.com\/wp-content\/uploads\/2025\/10\/pm-vetEquip-Ltd-now-part-of-the-or-group-48x31.webp 48w\" data-sizes=\"(max-width: 1000px) 100vw, 1000px\" src=\"data:image\/svg+xml;base64,PHN2ZyB3aWR0aD0iMSIgaGVpZ2h0PSIxIiB4bWxucz0iaHR0cDovL3d3dy53My5vcmcvMjAwMC9zdmciPjwvc3ZnPg==\" style=\"--smush-placeholder-width: 1000px; --smush-placeholder-aspect-ratio: 1000\/655;\" \/><\/div>\r\n                        \r\n            <div class=\"desc\">\r\n                <p class=\"heading-5\">13.10.2025<\/p>\r\n                \r\n                <p class=\"heading-4\">\r\n                    <a href=\"https:\/\/or-technology.com\/es\/news\/or-technology-group-starkt-prasenz-in-europa-durch-ubernahme-von-vetequip-ltd\/\">\r\n                        OR Technology Group refuerza su presencia en Europa con la adquisici\u00f3n de VetEquip Ltd.                    <\/a>\r\n                <\/p>\r\n\r\n                <p>OR Technology Group refuerza su presencia en el mercado OR Technology Group anuncia la adquisici\u00f3n de VetEquip Ltd., un proveedor l\u00edder irland\u00e9s de equipos, servicios y soporte veterinario. Esta adquisici\u00f3n &#8230;<\/p>\n\t\t\t\t<br \/>\r\n\t\t\t\t<a href=\"https:\/\/or-technology.com\/es\/news\/or-technology-group-starkt-prasenz-in-europa-durch-ubernahme-von-vetequip-ltd\/\" class=\"btn\">Read more<\/a>\r\n            <\/div>\r\n        <\/div>\r\n\r\n\t        \r\n        <div class=\"news_block\">\r\n                        \r\n            <div class=\"desc\">\r\n                <p class=\"heading-5\">01.10.2025<\/p>\r\n                \r\n                <p class=\"heading-4\">\r\n                    <a href=\"https:\/\/or-technology.com\/es\/news\/or-4vet-feiert-einjahriges-jubilaum-mit-geburtstagsaktion-fur-praxisteams\/\">\r\n                        OR 4Vet celebra su primer aniversario con una campa\u00f1a de cumplea\u00f1os para equipos de cl\u00ednicas                    <\/a>\r\n                <\/p>\r\n\r\n                <p>1 a\u00f1o de OR 4Vet: \u00a1celebre con nosotros y participe! OR 4Vet, la marca veterinaria de OR Technology, celebra su primer aniversario.Desde su lanzamiento en oto\u00f1o de 2024, OR 4Vet &#8230;<\/p>\n\t\t\t\t<br \/>\r\n\t\t\t\t<a href=\"https:\/\/or-technology.com\/es\/news\/or-4vet-feiert-einjahriges-jubilaum-mit-geburtstagsaktion-fur-praxisteams\/\" class=\"btn\">Read more<\/a>\r\n            <\/div>\r\n        <\/div>\r\n\r\n\t        \r\n        <div class=\"news_block\">\r\n                            <div class=\"img\"><img decoding=\"async\" width=\"1000\" height=\"655\" data-src=\"https:\/\/or-technology.com\/wp-content\/uploads\/2025\/10\/pm-Leo-Compact-Part-1-Pferd-auf-Tisch2.webp\" class=\"attachment-post-thumbnail size-post-thumbnail wp-post-image lazyload\" alt=\"\" data-srcset=\"https:\/\/or-technology.com\/wp-content\/uploads\/2025\/10\/pm-Leo-Compact-Part-1-Pferd-auf-Tisch2.webp 1000w, https:\/\/or-technology.com\/wp-content\/uploads\/2025\/10\/pm-Leo-Compact-Part-1-Pferd-auf-Tisch2-300x197.webp 300w, https:\/\/or-technology.com\/wp-content\/uploads\/2025\/10\/pm-Leo-Compact-Part-1-Pferd-auf-Tisch2-768x503.webp 768w, https:\/\/or-technology.com\/wp-content\/uploads\/2025\/10\/pm-Leo-Compact-Part-1-Pferd-auf-Tisch2-24x16.webp 24w, https:\/\/or-technology.com\/wp-content\/uploads\/2025\/10\/pm-Leo-Compact-Part-1-Pferd-auf-Tisch2-36x24.webp 36w, https:\/\/or-technology.com\/wp-content\/uploads\/2025\/10\/pm-Leo-Compact-Part-1-Pferd-auf-Tisch2-48x31.webp 48w\" data-sizes=\"(max-width: 1000px) 100vw, 1000px\" src=\"data:image\/svg+xml;base64,PHN2ZyB3aWR0aD0iMSIgaGVpZ2h0PSIxIiB4bWxucz0iaHR0cDovL3d3dy53My5vcmcvMjAwMC9zdmciPjwvc3ZnPg==\" style=\"--smush-placeholder-width: 1000px; --smush-placeholder-aspect-ratio: 1000\/655;\" \/><\/div>\r\n                        \r\n            <div class=\"desc\">\r\n                <p class=\"heading-5\">01.10.2025<\/p>\r\n                \r\n                <p class=\"heading-4\">\r\n                    <a href=\"https:\/\/or-technology.com\/es\/news\/etwas-neues-fur-die-pferdebildgebung-kommt\/\">\r\n                        Algo nuevo llega a la imagenolog\u00eda equina \u2026                    <\/a>\r\n                <\/p>\r\n\r\n                <p>M\u00e1s eficiencia. M\u00e1s calidad de imagen \u2013 el siguiente paso en la medicina equina. \u00a1Mant\u00e9ngase atento! \u00bfUn caballo sobre una mesa de rayos X? No encaja del todo, \u00bfverdad?Por eso &#8230;<\/p>\n\t\t\t\t<br \/>\r\n\t\t\t\t<a href=\"https:\/\/or-technology.com\/es\/news\/etwas-neues-fur-die-pferdebildgebung-kommt\/\" class=\"btn\">Read more<\/a>\r\n            <\/div>\r\n        <\/div>\r\n\r\n\t        \r\n        <div class=\"news_block\">\r\n                        \r\n            <div class=\"desc\">\r\n                <p class=\"heading-5\">19.09.2025<\/p>\r\n                \r\n                <p class=\"heading-4\">\r\n                    <a href=\"https:\/\/or-technology.com\/es\/news\/unser-amadeo-m-dr-mini-bei-jp-performance-im-einsatz\/\">\r\n                        Nuestro Amadeo M-DR mini en uso en JP Performance                    <\/a>\r\n                <\/p>\r\n\r\n                <p>Nuestro equipo m\u00f3vil de rayos X Amadeo M-DR mini tuvo recientemente una aparici\u00f3n muy especial: como parte de una prueba de choque en JP Performance, se utiliz\u00f3 para examinar un &#8230;<\/p>\n\t\t\t\t<br \/>\r\n\t\t\t\t<a href=\"https:\/\/or-technology.com\/es\/news\/unser-amadeo-m-dr-mini-bei-jp-performance-im-einsatz\/\" class=\"btn\">Read more<\/a>\r\n            <\/div>\r\n        <\/div>\r\n\r\n\t        \r\n        <div class=\"news_block\">\r\n                        \r\n            <div class=\"desc\">\r\n                <p class=\"heading-5\">13.05.2025<\/p>\r\n                \r\n                <p class=\"heading-4\">\r\n                    <a href=\"https:\/\/or-technology.com\/es\/news\/neuer-investor-der-oehm-und-rehbein-gruppe\/\">\r\n                        Nuevo inversor del Grupo Oehm y Rehbein                    <\/a>\r\n                <\/p>\r\n\r\n                <p>El Grupo Oehm y Rehbein se complace en anunciar un cambio significativo en su estructura accionarial: el anterior accionista mayoritario, Rigeto, ha transferido la totalidad de su participaci\u00f3n a NORD &#8230;<\/p>\n\t\t\t\t<br \/>\r\n\t\t\t\t<a href=\"https:\/\/or-technology.com\/es\/news\/neuer-investor-der-oehm-und-rehbein-gruppe\/\" class=\"btn\">Read more<\/a>\r\n            <\/div>\r\n        <\/div>\r\n\r\n\t<div class=\"pagination\"><span aria-current=\"page\" class=\"page-numbers current\">1<\/span>\n<a class=\"page-numbers\" href=\"https:\/\/or-technology.com\/es\/wp-json\/wp\/v2\/pages\/7682\/page\/2\/\">2<\/a>\n<a class=\"next page-numbers\" href=\"https:\/\/or-technology.com\/es\/wp-json\/wp\/v2\/pages\/7682\/page\/2\/\">Siguiente &raquo;<\/a><\/div>\t\t\r\n    <\/div>\r\n<\/div>\r\n","protected":false},"excerpt":{"rendered":"<p>El Grupo Oehm y Rehbein se complace en anunciar un cambio significativo en su estructura accionarial: el anterior accionista mayoritario, Rigeto, ha transferido la totalidad de su participaci\u00f3n a NORD &#8230;<\/p>\n","protected":false},"author":2,"featured_media":0,"parent":0,"menu_order":0,"comment_status":"closed","ping_status":"closed","template":"","meta":{"_acf_changed":false,"inline_featured_image":false,"footnotes":""},"class_list":["post-7682","page","type-page","status-publish","hentry"],"acf":[],"yoast_head":"<!-- This site is optimized with the Yoast SEO plugin v27.2 - https:\/\/yoast.com\/product\/yoast-seo-wordpress\/ -->\n<title>Sala de prensa de OR Technology \u2013 Noticias, innovaciones y novedades<\/title>\n<meta name=\"description\" content=\"Mant\u00e9ngase al d\u00eda con las \u00faltimas noticias, innovaciones y logros globales de OR Technology, desde soluciones de imagen hasta proyectos internacionales destacados.\" \/>\n<meta name=\"robots\" content=\"index, follow, max-snippet:-1, max-image-preview:large, max-video-preview:-1\" \/>\n<link rel=\"canonical\" href=\"https:\/\/or-technology.com\/es\/centro-de-noticias\/\" \/>\n<meta property=\"og:locale\" content=\"es_ES\" \/>\n<meta property=\"og:type\" content=\"article\" \/>\n<meta property=\"og:title\" content=\"Sala de prensa de OR Technology \u2013 Noticias, innovaciones y novedades\" \/>\n<meta property=\"og:description\" content=\"Mant\u00e9ngase al d\u00eda con las \u00faltimas noticias, innovaciones y logros globales de OR Technology, desde soluciones de imagen hasta proyectos internacionales destacados.\" \/>\n<meta property=\"og:url\" content=\"https:\/\/or-technology.com\/es\/centro-de-noticias\/\" \/>\n<meta property=\"og:site_name\" content=\"OR Technology\" \/>\n<meta property=\"article:publisher\" content=\"https:\/\/www.facebook.com\/OehmundRehbein\" \/>\n<meta property=\"article:modified_time\" content=\"2026-03-31T09:52:05+00:00\" \/>\n<meta name=\"twitter:card\" content=\"summary_large_image\" \/>\n<script type=\"application\/ld+json\" class=\"yoast-schema-graph\">{\"@context\":\"https:\/\/schema.org\",\"@graph\":[{\"@type\":\"WebPage\",\"@id\":\"https:\/\/or-technology.com\/es\/centro-de-noticias\/\",\"url\":\"https:\/\/or-technology.com\/es\/centro-de-noticias\/\",\"name\":\"Sala de prensa de OR Technology \u2013 Noticias, innovaciones y novedades\",\"isPartOf\":{\"@id\":\"https:\/\/or-technology.com\/es\/#website\"},\"datePublished\":\"2025-05-16T10:34:01+00:00\",\"dateModified\":\"2026-03-31T09:52:05+00:00\",\"description\":\"Mant\u00e9ngase al d\u00eda con las \u00faltimas noticias, innovaciones y logros globales de OR Technology, desde soluciones de imagen hasta proyectos internacionales destacados.\",\"breadcrumb\":{\"@id\":\"https:\/\/or-technology.com\/es\/centro-de-noticias\/#breadcrumb\"},\"inLanguage\":\"es\",\"potentialAction\":[{\"@type\":\"ReadAction\",\"target\":[\"https:\/\/or-technology.com\/es\/centro-de-noticias\/\"]}]},{\"@type\":\"BreadcrumbList\",\"@id\":\"https:\/\/or-technology.com\/es\/centro-de-noticias\/#breadcrumb\",\"itemListElement\":[{\"@type\":\"ListItem\",\"position\":1,\"name\":\"Home\",\"item\":\"https:\/\/or-technology.com\/es\/\"},{\"@type\":\"ListItem\",\"position\":2,\"name\":\"Centro de noticias\"}]},{\"@type\":\"WebSite\",\"@id\":\"https:\/\/or-technology.com\/es\/#website\",\"url\":\"https:\/\/or-technology.com\/es\/\",\"name\":\"OR Technology\",\"description\":\"Instant. Diagnostic. Imaging.\",\"publisher\":{\"@id\":\"https:\/\/or-technology.com\/es\/#organization\"},\"potentialAction\":[{\"@type\":\"SearchAction\",\"target\":{\"@type\":\"EntryPoint\",\"urlTemplate\":\"https:\/\/or-technology.com\/es\/?s={search_term_string}\"},\"query-input\":{\"@type\":\"PropertyValueSpecification\",\"valueRequired\":true,\"valueName\":\"search_term_string\"}}],\"inLanguage\":\"es\"},{\"@type\":\"Organization\",\"@id\":\"https:\/\/or-technology.com\/es\/#organization\",\"name\":\"OR Technology\",\"alternateName\":\"OR Technology\",\"url\":\"https:\/\/or-technology.com\/es\/\",\"logo\":{\"@type\":\"ImageObject\",\"inLanguage\":\"es\",\"@id\":\"https:\/\/or-technology.com\/es\/#\/schema\/logo\/image\/\",\"url\":\"https:\/\/or-technology.com\/wp-content\/uploads\/2026\/03\/Logo-und-Slogan-EN-blau-verkurzt.svg\",\"contentUrl\":\"https:\/\/or-technology.com\/wp-content\/uploads\/2026\/03\/Logo-und-Slogan-EN-blau-verkurzt.svg\",\"width\":\"1024\",\"height\":\"1024\",\"caption\":\"OR Technology\"},\"image\":{\"@id\":\"https:\/\/or-technology.com\/es\/#\/schema\/logo\/image\/\"},\"sameAs\":[\"https:\/\/www.facebook.com\/OehmundRehbein\",\"https:\/\/www.instagram.com\/or.technology\/\",\"https:\/\/de.linkedin.com\/company\/oehm-und-rehbein-gmbh\",\"https:\/\/www.youtube.com\/@ORTechnology\"]}]}<\/script>\n<!-- \/ Yoast SEO plugin. -->","yoast_head_json":{"title":"Sala de prensa de OR Technology \u2013 Noticias, innovaciones y novedades","description":"Mant\u00e9ngase al d\u00eda con las \u00faltimas noticias, innovaciones y logros globales de OR Technology, desde soluciones de imagen hasta proyectos internacionales destacados.","robots":{"index":"index","follow":"follow","max-snippet":"max-snippet:-1","max-image-preview":"max-image-preview:large","max-video-preview":"max-video-preview:-1"},"canonical":"https:\/\/or-technology.com\/es\/centro-de-noticias\/","og_locale":"es_ES","og_type":"article","og_title":"Sala de prensa de OR Technology \u2013 Noticias, innovaciones y novedades","og_description":"Mant\u00e9ngase al d\u00eda con las \u00faltimas noticias, innovaciones y logros globales de OR Technology, desde soluciones de imagen hasta proyectos internacionales destacados.","og_url":"https:\/\/or-technology.com\/es\/centro-de-noticias\/","og_site_name":"OR Technology","article_publisher":"https:\/\/www.facebook.com\/OehmundRehbein","article_modified_time":"2026-03-31T09:52:05+00:00","twitter_card":"summary_large_image","schema":{"@context":"https:\/\/schema.org","@graph":[{"@type":"WebPage","@id":"https:\/\/or-technology.com\/es\/centro-de-noticias\/","url":"https:\/\/or-technology.com\/es\/centro-de-noticias\/","name":"Sala de prensa de OR Technology \u2013 Noticias, innovaciones y novedades","isPartOf":{"@id":"https:\/\/or-technology.com\/es\/#website"},"datePublished":"2025-05-16T10:34:01+00:00","dateModified":"2026-03-31T09:52:05+00:00","description":"Mant\u00e9ngase al d\u00eda con las \u00faltimas noticias, innovaciones y logros globales de OR Technology, desde soluciones de imagen hasta proyectos internacionales destacados.","breadcrumb":{"@id":"https:\/\/or-technology.com\/es\/centro-de-noticias\/#breadcrumb"},"inLanguage":"es","potentialAction":[{"@type":"ReadAction","target":["https:\/\/or-technology.com\/es\/centro-de-noticias\/"]}]},{"@type":"BreadcrumbList","@id":"https:\/\/or-technology.com\/es\/centro-de-noticias\/#breadcrumb","itemListElement":[{"@type":"ListItem","position":1,"name":"Home","item":"https:\/\/or-technology.com\/es\/"},{"@type":"ListItem","position":2,"name":"Centro de noticias"}]},{"@type":"WebSite","@id":"https:\/\/or-technology.com\/es\/#website","url":"https:\/\/or-technology.com\/es\/","name":"OR Technology","description":"Instant. Diagnostic. Imaging.","publisher":{"@id":"https:\/\/or-technology.com\/es\/#organization"},"potentialAction":[{"@type":"SearchAction","target":{"@type":"EntryPoint","urlTemplate":"https:\/\/or-technology.com\/es\/?s={search_term_string}"},"query-input":{"@type":"PropertyValueSpecification","valueRequired":true,"valueName":"search_term_string"}}],"inLanguage":"es"},{"@type":"Organization","@id":"https:\/\/or-technology.com\/es\/#organization","name":"OR Technology","alternateName":"OR Technology","url":"https:\/\/or-technology.com\/es\/","logo":{"@type":"ImageObject","inLanguage":"es","@id":"https:\/\/or-technology.com\/es\/#\/schema\/logo\/image\/","url":"https:\/\/or-technology.com\/wp-content\/uploads\/2026\/03\/Logo-und-Slogan-EN-blau-verkurzt.svg","contentUrl":"https:\/\/or-technology.com\/wp-content\/uploads\/2026\/03\/Logo-und-Slogan-EN-blau-verkurzt.svg","width":"1024","height":"1024","caption":"OR Technology"},"image":{"@id":"https:\/\/or-technology.com\/es\/#\/schema\/logo\/image\/"},"sameAs":["https:\/\/www.facebook.com\/OehmundRehbein","https:\/\/www.instagram.com\/or.technology\/","https:\/\/de.linkedin.com\/company\/oehm-und-rehbein-gmbh","https:\/\/www.youtube.com\/@ORTechnology"]}]}},"_links":{"self":[{"href":"https:\/\/or-technology.com\/es\/wp-json\/wp\/v2\/pages\/7682","targetHints":{"allow":["GET"]}}],"collection":[{"href":"https:\/\/or-technology.com\/es\/wp-json\/wp\/v2\/pages"}],"about":[{"href":"https:\/\/or-technology.com\/es\/wp-json\/wp\/v2\/types\/page"}],"author":[{"embeddable":true,"href":"https:\/\/or-technology.com\/es\/wp-json\/wp\/v2\/users\/2"}],"replies":[{"embeddable":true,"href":"https:\/\/or-technology.com\/es\/wp-json\/wp\/v2\/comments?post=7682"}],"version-history":[{"count":7,"href":"https:\/\/or-technology.com\/es\/wp-json\/wp\/v2\/pages\/7682\/revisions"}],"predecessor-version":[{"id":11309,"href":"https:\/\/or-technology.com\/es\/wp-json\/wp\/v2\/pages\/7682\/revisions\/11309"}],"wp:attachment":[{"href":"https:\/\/or-technology.com\/es\/wp-json\/wp\/v2\/media?parent=7682"}],"curies":[{"name":"wp","href":"https:\/\/api.w.org\/{rel}","templated":true}]}}