{"id":7684,"date":"2025-06-30T10:35:11","date_gmt":"2025-06-30T10:35:11","guid":{"rendered":"https:\/\/wp.azde2.ork1.de\/impressum\/"},"modified":"2026-03-31T12:20:06","modified_gmt":"2026-03-31T12:20:06","slug":"aviso-legal","status":"publish","type":"page","link":"https:\/\/or-technology.com\/es\/aviso-legal\/","title":{"rendered":"Aviso legal"},"content":{"rendered":"    <div class=\"testimonials_section\"  style=\" margin-top:20px;\" >\r\n        <div class=\"container\">\r\n            <div class=\"top_center_info\">\r\n                <h2><\/h2>\r\n                <h1 style=\"text-align: left;\">Aviso legal<\/h1>\n<h2 style=\"text-align: left;\">Sede social: Rostock<\/h2>\n<p style=\"text-align: left;\">OR Technology<br \/>\nNeptunallee 7c<br \/>\n18057 Rostock, Alemania<\/p>\n<p style=\"text-align: left;\">Tel\u00e9fono \/ Central: +49 381 36 600 500<br \/>\nConsultas de soporte: +49 381 36 600 800<\/p>\n<p style=\"text-align: left;\">Correo electr\u00f3nico: <a href=\"mailto:info@oehm-rehbein.de\">info@oehm-rehbein.de<\/a><\/p>\n<h2 style=\"text-align: left;\">Informaci\u00f3n adicional<\/h2>\n<p style=\"text-align: left;\">N.\u00ba de identificaci\u00f3n fiscal (IVA): DE 227731719<br \/>\nDirectores generales: Tim Thurn, Michael Rieger<br \/>\nSede social y registro mercantil:<br \/>\nHRB 8923, Juzgado de Primera Instancia de Rostock<br \/>\nN.\u00ba de registro WEEE: DE 83119876<\/p>\n<h2 style=\"text-align: left;\">Cr\u00e9ditos de im\u00e1genes<\/h2>\n<p style=\"text-align: left;\">Salvo que se indique lo contrario, las im\u00e1genes utilizadas en este sitio web est\u00e1n protegidas por derechos de autor. Los derechos de uso del material gr\u00e1fico procedente de proveedores externos (p. ej. Adobe Stock, iStock, fotolia) han sido adquiridos correctamente.<\/p>\n<p style=\"text-align: left;\">Fotograf\u00eda de producto: Bernd Hagedorn, Rostock \u2013 <a href=\"https:\/\/fotostudio-hagedorn.de\/\" target=\"_blanc\">fotostudio-hagedorn.de<\/a><\/p>\n<p style=\"text-align: left;\">Algunas im\u00e1genes de productos nos han sido proporcionadas por los respectivos fabricantes de los sistemas mostrados y se utilizan con su autorizaci\u00f3n.<\/p>\n            <\/div>\r\n            <div class=\"testimonials_section_inner\">\r\n                <div class=\"row\">\r\n                                    <\/div>\r\n            <\/div>\r\n                    <\/div>\r\n    <\/div>\r\n","protected":false},"excerpt":{"rendered":"<p>Aviso legal Sede social: Rostock OR Technology Neptunallee 7c 18057 Rostock, Alemania Tel\u00e9fono \/ Central: +49 381 36 600 500 Consultas de soporte: +49 381 36 600 800 Correo electr\u00f3nico: &#8230;<\/p>\n","protected":false},"author":4,"featured_media":0,"parent":0,"menu_order":0,"comment_status":"closed","ping_status":"closed","template":"","meta":{"_acf_changed":false,"inline_featured_image":false,"footnotes":""},"class_list":["post-7684","page","type-page","status-publish","hentry"],"acf":[],"yoast_head":"<!-- This site is optimized with the Yoast SEO plugin v27.2 - https:\/\/yoast.com\/product\/yoast-seo-wordpress\/ -->\n<title>OR Technology \u2013 Aviso Legal<\/title>\n<meta name=\"description\" content=\"Informaci\u00f3n legal sobre OR Technology, incluyendo detalles de la empresa, informaci\u00f3n de contacto y cumplimiento normativo.\" \/>\n<meta name=\"robots\" content=\"index, follow, max-snippet:-1, max-image-preview:large, max-video-preview:-1\" \/>\n<link rel=\"canonical\" href=\"https:\/\/or-technology.com\/es\/aviso-legal\/\" \/>\n<meta property=\"og:locale\" content=\"es_ES\" \/>\n<meta property=\"og:type\" content=\"article\" \/>\n<meta property=\"og:title\" content=\"OR Technology \u2013 Aviso Legal\" \/>\n<meta property=\"og:description\" content=\"Informaci\u00f3n legal sobre OR Technology, incluyendo detalles de la empresa, informaci\u00f3n de contacto y cumplimiento normativo.\" \/>\n<meta property=\"og:url\" content=\"https:\/\/or-technology.com\/es\/aviso-legal\/\" \/>\n<meta property=\"og:site_name\" content=\"OR Technology\" \/>\n<meta property=\"article:publisher\" content=\"https:\/\/www.facebook.com\/OehmundRehbein\" \/>\n<meta property=\"article:modified_time\" content=\"2026-03-31T12:20:06+00:00\" \/>\n<meta name=\"twitter:card\" content=\"summary_large_image\" \/>\n<script type=\"application\/ld+json\" class=\"yoast-schema-graph\">{\"@context\":\"https:\/\/schema.org\",\"@graph\":[{\"@type\":\"WebPage\",\"@id\":\"https:\/\/or-technology.com\/es\/aviso-legal\/\",\"url\":\"https:\/\/or-technology.com\/es\/aviso-legal\/\",\"name\":\"OR Technology \u2013 Aviso Legal\",\"isPartOf\":{\"@id\":\"https:\/\/or-technology.com\/es\/#website\"},\"datePublished\":\"2025-06-30T10:35:11+00:00\",\"dateModified\":\"2026-03-31T12:20:06+00:00\",\"description\":\"Informaci\u00f3n legal sobre OR Technology, incluyendo detalles de la empresa, informaci\u00f3n de contacto y cumplimiento normativo.\",\"breadcrumb\":{\"@id\":\"https:\/\/or-technology.com\/es\/aviso-legal\/#breadcrumb\"},\"inLanguage\":\"es\",\"potentialAction\":[{\"@type\":\"ReadAction\",\"target\":[\"https:\/\/or-technology.com\/es\/aviso-legal\/\"]}]},{\"@type\":\"BreadcrumbList\",\"@id\":\"https:\/\/or-technology.com\/es\/aviso-legal\/#breadcrumb\",\"itemListElement\":[{\"@type\":\"ListItem\",\"position\":1,\"name\":\"Home\",\"item\":\"https:\/\/or-technology.com\/es\/\"},{\"@type\":\"ListItem\",\"position\":2,\"name\":\"Aviso legal\"}]},{\"@type\":\"WebSite\",\"@id\":\"https:\/\/or-technology.com\/es\/#website\",\"url\":\"https:\/\/or-technology.com\/es\/\",\"name\":\"OR Technology\",\"description\":\"Instant. Diagnostic. Imaging.\",\"publisher\":{\"@id\":\"https:\/\/or-technology.com\/es\/#organization\"},\"potentialAction\":[{\"@type\":\"SearchAction\",\"target\":{\"@type\":\"EntryPoint\",\"urlTemplate\":\"https:\/\/or-technology.com\/es\/?s={search_term_string}\"},\"query-input\":{\"@type\":\"PropertyValueSpecification\",\"valueRequired\":true,\"valueName\":\"search_term_string\"}}],\"inLanguage\":\"es\"},{\"@type\":\"Organization\",\"@id\":\"https:\/\/or-technology.com\/es\/#organization\",\"name\":\"OR Technology\",\"alternateName\":\"OR Technology\",\"url\":\"https:\/\/or-technology.com\/es\/\",\"logo\":{\"@type\":\"ImageObject\",\"inLanguage\":\"es\",\"@id\":\"https:\/\/or-technology.com\/es\/#\/schema\/logo\/image\/\",\"url\":\"https:\/\/or-technology.com\/wp-content\/uploads\/2026\/03\/Logo-und-Slogan-EN-blau-verkurzt.svg\",\"contentUrl\":\"https:\/\/or-technology.com\/wp-content\/uploads\/2026\/03\/Logo-und-Slogan-EN-blau-verkurzt.svg\",\"width\":\"1024\",\"height\":\"1024\",\"caption\":\"OR Technology\"},\"image\":{\"@id\":\"https:\/\/or-technology.com\/es\/#\/schema\/logo\/image\/\"},\"sameAs\":[\"https:\/\/www.facebook.com\/OehmundRehbein\",\"https:\/\/www.instagram.com\/or.technology\/\",\"https:\/\/de.linkedin.com\/company\/oehm-und-rehbein-gmbh\",\"https:\/\/www.youtube.com\/@ORTechnology\"]}]}<\/script>\n<!-- \/ Yoast SEO plugin. -->","yoast_head_json":{"title":"OR Technology \u2013 Aviso Legal","description":"Informaci\u00f3n legal sobre OR Technology, incluyendo detalles de la empresa, informaci\u00f3n de contacto y cumplimiento normativo.","robots":{"index":"index","follow":"follow","max-snippet":"max-snippet:-1","max-image-preview":"max-image-preview:large","max-video-preview":"max-video-preview:-1"},"canonical":"https:\/\/or-technology.com\/es\/aviso-legal\/","og_locale":"es_ES","og_type":"article","og_title":"OR Technology \u2013 Aviso Legal","og_description":"Informaci\u00f3n legal sobre OR Technology, incluyendo detalles de la empresa, informaci\u00f3n de contacto y cumplimiento normativo.","og_url":"https:\/\/or-technology.com\/es\/aviso-legal\/","og_site_name":"OR Technology","article_publisher":"https:\/\/www.facebook.com\/OehmundRehbein","article_modified_time":"2026-03-31T12:20:06+00:00","twitter_card":"summary_large_image","schema":{"@context":"https:\/\/schema.org","@graph":[{"@type":"WebPage","@id":"https:\/\/or-technology.com\/es\/aviso-legal\/","url":"https:\/\/or-technology.com\/es\/aviso-legal\/","name":"OR Technology \u2013 Aviso Legal","isPartOf":{"@id":"https:\/\/or-technology.com\/es\/#website"},"datePublished":"2025-06-30T10:35:11+00:00","dateModified":"2026-03-31T12:20:06+00:00","description":"Informaci\u00f3n legal sobre OR Technology, incluyendo detalles de la empresa, informaci\u00f3n de contacto y cumplimiento normativo.","breadcrumb":{"@id":"https:\/\/or-technology.com\/es\/aviso-legal\/#breadcrumb"},"inLanguage":"es","potentialAction":[{"@type":"ReadAction","target":["https:\/\/or-technology.com\/es\/aviso-legal\/"]}]},{"@type":"BreadcrumbList","@id":"https:\/\/or-technology.com\/es\/aviso-legal\/#breadcrumb","itemListElement":[{"@type":"ListItem","position":1,"name":"Home","item":"https:\/\/or-technology.com\/es\/"},{"@type":"ListItem","position":2,"name":"Aviso legal"}]},{"@type":"WebSite","@id":"https:\/\/or-technology.com\/es\/#website","url":"https:\/\/or-technology.com\/es\/","name":"OR Technology","description":"Instant. Diagnostic. Imaging.","publisher":{"@id":"https:\/\/or-technology.com\/es\/#organization"},"potentialAction":[{"@type":"SearchAction","target":{"@type":"EntryPoint","urlTemplate":"https:\/\/or-technology.com\/es\/?s={search_term_string}"},"query-input":{"@type":"PropertyValueSpecification","valueRequired":true,"valueName":"search_term_string"}}],"inLanguage":"es"},{"@type":"Organization","@id":"https:\/\/or-technology.com\/es\/#organization","name":"OR Technology","alternateName":"OR Technology","url":"https:\/\/or-technology.com\/es\/","logo":{"@type":"ImageObject","inLanguage":"es","@id":"https:\/\/or-technology.com\/es\/#\/schema\/logo\/image\/","url":"https:\/\/or-technology.com\/wp-content\/uploads\/2026\/03\/Logo-und-Slogan-EN-blau-verkurzt.svg","contentUrl":"https:\/\/or-technology.com\/wp-content\/uploads\/2026\/03\/Logo-und-Slogan-EN-blau-verkurzt.svg","width":"1024","height":"1024","caption":"OR Technology"},"image":{"@id":"https:\/\/or-technology.com\/es\/#\/schema\/logo\/image\/"},"sameAs":["https:\/\/www.facebook.com\/OehmundRehbein","https:\/\/www.instagram.com\/or.technology\/","https:\/\/de.linkedin.com\/company\/oehm-und-rehbein-gmbh","https:\/\/www.youtube.com\/@ORTechnology"]}]}},"_links":{"self":[{"href":"https:\/\/or-technology.com\/es\/wp-json\/wp\/v2\/pages\/7684","targetHints":{"allow":["GET"]}}],"collection":[{"href":"https:\/\/or-technology.com\/es\/wp-json\/wp\/v2\/pages"}],"about":[{"href":"https:\/\/or-technology.com\/es\/wp-json\/wp\/v2\/types\/page"}],"author":[{"embeddable":true,"href":"https:\/\/or-technology.com\/es\/wp-json\/wp\/v2\/users\/4"}],"replies":[{"embeddable":true,"href":"https:\/\/or-technology.com\/es\/wp-json\/wp\/v2\/comments?post=7684"}],"version-history":[{"count":5,"href":"https:\/\/or-technology.com\/es\/wp-json\/wp\/v2\/pages\/7684\/revisions"}],"predecessor-version":[{"id":11676,"href":"https:\/\/or-technology.com\/es\/wp-json\/wp\/v2\/pages\/7684\/revisions\/11676"}],"wp:attachment":[{"href":"https:\/\/or-technology.com\/es\/wp-json\/wp\/v2\/media?parent=7684"}],"curies":[{"name":"wp","href":"https:\/\/api.w.org\/{rel}","templated":true}]}}