{"id":7690,"date":"2025-06-30T11:08:04","date_gmt":"2025-06-30T11:08:04","guid":{"rendered":"https:\/\/wp.azde2.ork1.de\/technical-changes\/"},"modified":"2026-03-30T14:25:58","modified_gmt":"2026-03-30T14:25:58","slug":"technical-changes","status":"publish","type":"page","link":"https:\/\/or-technology.com\/es\/cambios-tecnicos\/","title":{"rendered":"cambios tecnicos"},"content":{"rendered":"    <div class=\"testimonials_section\"  style=\" margin-top:20px;\" >\r\n        <div class=\"container\">\r\n            <div class=\"top_center_info\">\r\n                <h2><\/h2>\r\n                <p style=\"text-align: left;\"><strong>Sujeto a cambios t\u00e9cnicos.<\/strong><br \/>\nEl editor se esfuerza por garantizar que la informaci\u00f3n proporcionada sea precisa y est\u00e9 actualizada. Sin embargo, el contenido t\u00e9cnico se basa en los conocimientos actuales y est\u00e1 sujeto a un desarrollo continuo. Por lo tanto, el editor no asume ninguna responsabilidad por la exactitud, integridad o actualidad de la informaci\u00f3n proporcionada en el sitio web de Oehm y Rehbein basada \u00fanicamente en dicha informaci\u00f3n.<br \/>\nTodos los logotipos, im\u00e1genes y gr\u00e1ficos mostrados son propiedad de las respectivas empresas y est\u00e1n sujetos a los derechos de autor de los respectivos licenciantes. Todas las fotos, logotipos y textos mostrados en estas p\u00e1ginas que hayan sido desarrollados por nosotros o preparados por nosotros no podr\u00e1n copiarse ni utilizarse de ninguna otra manera sin nuestro consentimiento. Todos los derechos reservados.<\/p>\n            <\/div>\r\n            <div class=\"testimonials_section_inner\">\r\n                <div class=\"row\">\r\n                                    <\/div>\r\n            <\/div>\r\n                    <\/div>\r\n    <\/div>\r\n","protected":false},"excerpt":{"rendered":"<p>Sujeto a cambios t\u00e9cnicos. El editor se esfuerza por garantizar que la informaci\u00f3n proporcionada sea precisa y est\u00e9 actualizada. Sin embargo, el contenido t\u00e9cnico se basa en los conocimientos actuales &#8230;<\/p>\n","protected":false},"author":4,"featured_media":0,"parent":0,"menu_order":0,"comment_status":"closed","ping_status":"closed","template":"","meta":{"_acf_changed":false,"inline_featured_image":false,"footnotes":""},"class_list":["post-7690","page","type-page","status-publish","hentry"],"acf":[],"yoast_head":"<!-- This site is optimized with the Yoast SEO plugin v27.2 - https:\/\/yoast.com\/product\/yoast-seo-wordpress\/ -->\n<title>cambios tecnicos - OR Technology<\/title>\n<meta name=\"robots\" content=\"index, follow, max-snippet:-1, max-image-preview:large, max-video-preview:-1\" \/>\n<link rel=\"canonical\" href=\"https:\/\/or-technology.com\/es\/cambios-tecnicos\/\" \/>\n<meta property=\"og:locale\" content=\"es_ES\" \/>\n<meta property=\"og:type\" content=\"article\" \/>\n<meta property=\"og:title\" content=\"cambios tecnicos - OR Technology\" \/>\n<meta property=\"og:description\" content=\"Sujeto a cambios t\u00e9cnicos. El editor se esfuerza por garantizar que la informaci\u00f3n proporcionada sea precisa y est\u00e9 actualizada. Sin embargo, el contenido t\u00e9cnico se basa en los conocimientos actuales ...\" \/>\n<meta property=\"og:url\" content=\"https:\/\/or-technology.com\/es\/cambios-tecnicos\/\" \/>\n<meta property=\"og:site_name\" content=\"OR Technology\" \/>\n<meta property=\"article:publisher\" content=\"https:\/\/www.facebook.com\/OehmundRehbein\" \/>\n<meta property=\"article:modified_time\" content=\"2026-03-30T14:25:58+00:00\" \/>\n<meta name=\"twitter:card\" content=\"summary_large_image\" \/>\n<script type=\"application\/ld+json\" class=\"yoast-schema-graph\">{\"@context\":\"https:\/\/schema.org\",\"@graph\":[{\"@type\":\"WebPage\",\"@id\":\"https:\/\/or-technology.com\/es\/cambios-tecnicos\/\",\"url\":\"https:\/\/or-technology.com\/es\/cambios-tecnicos\/\",\"name\":\"cambios tecnicos - OR Technology\",\"isPartOf\":{\"@id\":\"https:\/\/or-technology.com\/es\/#website\"},\"datePublished\":\"2025-06-30T11:08:04+00:00\",\"dateModified\":\"2026-03-30T14:25:58+00:00\",\"breadcrumb\":{\"@id\":\"https:\/\/or-technology.com\/es\/cambios-tecnicos\/#breadcrumb\"},\"inLanguage\":\"es\",\"potentialAction\":[{\"@type\":\"ReadAction\",\"target\":[\"https:\/\/or-technology.com\/es\/cambios-tecnicos\/\"]}]},{\"@type\":\"BreadcrumbList\",\"@id\":\"https:\/\/or-technology.com\/es\/cambios-tecnicos\/#breadcrumb\",\"itemListElement\":[{\"@type\":\"ListItem\",\"position\":1,\"name\":\"Home\",\"item\":\"https:\/\/or-technology.com\/es\/\"},{\"@type\":\"ListItem\",\"position\":2,\"name\":\"cambios tecnicos\"}]},{\"@type\":\"WebSite\",\"@id\":\"https:\/\/or-technology.com\/es\/#website\",\"url\":\"https:\/\/or-technology.com\/es\/\",\"name\":\"OR Technology\",\"description\":\"Instant. Diagnostic. Imaging.\",\"publisher\":{\"@id\":\"https:\/\/or-technology.com\/es\/#organization\"},\"potentialAction\":[{\"@type\":\"SearchAction\",\"target\":{\"@type\":\"EntryPoint\",\"urlTemplate\":\"https:\/\/or-technology.com\/es\/?s={search_term_string}\"},\"query-input\":{\"@type\":\"PropertyValueSpecification\",\"valueRequired\":true,\"valueName\":\"search_term_string\"}}],\"inLanguage\":\"es\"},{\"@type\":\"Organization\",\"@id\":\"https:\/\/or-technology.com\/es\/#organization\",\"name\":\"OR Technology\",\"alternateName\":\"OR Technology\",\"url\":\"https:\/\/or-technology.com\/es\/\",\"logo\":{\"@type\":\"ImageObject\",\"inLanguage\":\"es\",\"@id\":\"https:\/\/or-technology.com\/es\/#\/schema\/logo\/image\/\",\"url\":\"https:\/\/or-technology.com\/wp-content\/uploads\/2026\/03\/Logo-und-Slogan-EN-blau-verkurzt.svg\",\"contentUrl\":\"https:\/\/or-technology.com\/wp-content\/uploads\/2026\/03\/Logo-und-Slogan-EN-blau-verkurzt.svg\",\"width\":\"1024\",\"height\":\"1024\",\"caption\":\"OR Technology\"},\"image\":{\"@id\":\"https:\/\/or-technology.com\/es\/#\/schema\/logo\/image\/\"},\"sameAs\":[\"https:\/\/www.facebook.com\/OehmundRehbein\",\"https:\/\/www.instagram.com\/or.technology\/\",\"https:\/\/de.linkedin.com\/company\/oehm-und-rehbein-gmbh\",\"https:\/\/www.youtube.com\/@ORTechnology\"]}]}<\/script>\n<!-- \/ Yoast SEO plugin. -->","yoast_head_json":{"title":"cambios tecnicos - OR Technology","robots":{"index":"index","follow":"follow","max-snippet":"max-snippet:-1","max-image-preview":"max-image-preview:large","max-video-preview":"max-video-preview:-1"},"canonical":"https:\/\/or-technology.com\/es\/cambios-tecnicos\/","og_locale":"es_ES","og_type":"article","og_title":"cambios tecnicos - OR Technology","og_description":"Sujeto a cambios t\u00e9cnicos. El editor se esfuerza por garantizar que la informaci\u00f3n proporcionada sea precisa y est\u00e9 actualizada. Sin embargo, el contenido t\u00e9cnico se basa en los conocimientos actuales ...","og_url":"https:\/\/or-technology.com\/es\/cambios-tecnicos\/","og_site_name":"OR Technology","article_publisher":"https:\/\/www.facebook.com\/OehmundRehbein","article_modified_time":"2026-03-30T14:25:58+00:00","twitter_card":"summary_large_image","schema":{"@context":"https:\/\/schema.org","@graph":[{"@type":"WebPage","@id":"https:\/\/or-technology.com\/es\/cambios-tecnicos\/","url":"https:\/\/or-technology.com\/es\/cambios-tecnicos\/","name":"cambios tecnicos - OR Technology","isPartOf":{"@id":"https:\/\/or-technology.com\/es\/#website"},"datePublished":"2025-06-30T11:08:04+00:00","dateModified":"2026-03-30T14:25:58+00:00","breadcrumb":{"@id":"https:\/\/or-technology.com\/es\/cambios-tecnicos\/#breadcrumb"},"inLanguage":"es","potentialAction":[{"@type":"ReadAction","target":["https:\/\/or-technology.com\/es\/cambios-tecnicos\/"]}]},{"@type":"BreadcrumbList","@id":"https:\/\/or-technology.com\/es\/cambios-tecnicos\/#breadcrumb","itemListElement":[{"@type":"ListItem","position":1,"name":"Home","item":"https:\/\/or-technology.com\/es\/"},{"@type":"ListItem","position":2,"name":"cambios tecnicos"}]},{"@type":"WebSite","@id":"https:\/\/or-technology.com\/es\/#website","url":"https:\/\/or-technology.com\/es\/","name":"OR Technology","description":"Instant. Diagnostic. Imaging.","publisher":{"@id":"https:\/\/or-technology.com\/es\/#organization"},"potentialAction":[{"@type":"SearchAction","target":{"@type":"EntryPoint","urlTemplate":"https:\/\/or-technology.com\/es\/?s={search_term_string}"},"query-input":{"@type":"PropertyValueSpecification","valueRequired":true,"valueName":"search_term_string"}}],"inLanguage":"es"},{"@type":"Organization","@id":"https:\/\/or-technology.com\/es\/#organization","name":"OR Technology","alternateName":"OR Technology","url":"https:\/\/or-technology.com\/es\/","logo":{"@type":"ImageObject","inLanguage":"es","@id":"https:\/\/or-technology.com\/es\/#\/schema\/logo\/image\/","url":"https:\/\/or-technology.com\/wp-content\/uploads\/2026\/03\/Logo-und-Slogan-EN-blau-verkurzt.svg","contentUrl":"https:\/\/or-technology.com\/wp-content\/uploads\/2026\/03\/Logo-und-Slogan-EN-blau-verkurzt.svg","width":"1024","height":"1024","caption":"OR Technology"},"image":{"@id":"https:\/\/or-technology.com\/es\/#\/schema\/logo\/image\/"},"sameAs":["https:\/\/www.facebook.com\/OehmundRehbein","https:\/\/www.instagram.com\/or.technology\/","https:\/\/de.linkedin.com\/company\/oehm-und-rehbein-gmbh","https:\/\/www.youtube.com\/@ORTechnology"]}]}},"_links":{"self":[{"href":"https:\/\/or-technology.com\/es\/wp-json\/wp\/v2\/pages\/7690","targetHints":{"allow":["GET"]}}],"collection":[{"href":"https:\/\/or-technology.com\/es\/wp-json\/wp\/v2\/pages"}],"about":[{"href":"https:\/\/or-technology.com\/es\/wp-json\/wp\/v2\/types\/page"}],"author":[{"embeddable":true,"href":"https:\/\/or-technology.com\/es\/wp-json\/wp\/v2\/users\/4"}],"replies":[{"embeddable":true,"href":"https:\/\/or-technology.com\/es\/wp-json\/wp\/v2\/comments?post=7690"}],"version-history":[{"count":3,"href":"https:\/\/or-technology.com\/es\/wp-json\/wp\/v2\/pages\/7690\/revisions"}],"predecessor-version":[{"id":11538,"href":"https:\/\/or-technology.com\/es\/wp-json\/wp\/v2\/pages\/7690\/revisions\/11538"}],"wp:attachment":[{"href":"https:\/\/or-technology.com\/es\/wp-json\/wp\/v2\/media?parent=7690"}],"curies":[{"name":"wp","href":"https:\/\/api.w.org\/{rel}","templated":true}]}}