{"id":11519,"date":"2026-03-02T12:00:02","date_gmt":"2026-03-02T12:00:02","guid":{"rendered":"https:\/\/neu.oehm-rehbein.de\/?page_id=11519"},"modified":"2026-03-02T12:25:17","modified_gmt":"2026-03-02T12:25:17","slug":"cookies","status":"publish","type":"page","link":"https:\/\/or-technology.com\/fr\/cookies\/","title":{"rendered":"Cookies"},"content":{"rendered":"\n<h1 class=\"wp-block-heading\"><\/h1>\n\n\n    <div class=\"testimonials_section\"  >\r\n        <div class=\"container\">\r\n            <div class=\"top_center_info\">\r\n                <h2>Utilisation de cookies<\/h2>\r\n                <p style=\"text-align: left;\">Pour notre site Internet, nous utilisons la technique des cookies. Les cookies sont de petits fichiers texte qui, dans le cadre de votre visite sur nos pages Internet, sont envoy\u00e9s par notre serveur Internet \u00e0 votre navigateur et peuvent \u00eatre conserv\u00e9s par celui-ci sur votre ordinateur pour une consultation ult\u00e9rieure.<\/p>\n<p style=\"text-align: left;\">Nous n&rsquo;utilisons que des cookies de session (\u00e9galement appel\u00e9s cookies temporaires), c&rsquo;est-\u00e0-dire des cookies qui sont stock\u00e9s temporairement exclusivement pour la dur\u00e9e de votre utilisation de l&rsquo;une de nos pages Internet. L&rsquo;objectif de ces cookies est de continuer \u00e0 identifier votre ordinateur pendant une visite de notre site Internet lorsque vous passez d&rsquo;un de nos sites Internet \u00e0 un autre et de pouvoir constater la fin de votre visite.<\/p>\n<p style=\"text-align: left;\">Les cookies sont supprim\u00e9s d\u00e8s que vous quittez votre session de navigation.<\/p>\n<p style=\"text-align: left;\">Vous pouvez d\u00e9terminer vous-m\u00eame si des cookies peuvent \u00eatre install\u00e9s et consult\u00e9s en configurant votre navigateur. Vous pouvez par exemple d\u00e9sactiver compl\u00e8tement l&rsquo;enregistrement des cookies dans votre navigateur, le limiter \u00e0 certaines pages web ou configurer votre navigateur de mani\u00e8re \u00e0 ce qu&rsquo;il vous informe automatiquement d\u00e8s qu&rsquo;un cookie doit \u00eatre plac\u00e9 et vous demande de r\u00e9pondre. Pour des raisons techniques, il est toutefois n\u00e9cessaire d&rsquo;autoriser les cookies de session susmentionn\u00e9s afin de pouvoir profiter pleinement des fonctionnalit\u00e9s de notre site Internet.<\/p>\n<p style=\"text-align: left;\">Dans ce contexte, nous ne proc\u00e9dons pas \u00e0 la collecte ou \u00e0 l&rsquo;enregistrement de donn\u00e9es personnelles dans les cookies. Nous n&rsquo;utilisons pas non plus de techniques qui relient les informations obtenues par les cookies aux donn\u00e9es des utilisateurs<\/p>\n            <\/div>\r\n            <div class=\"testimonials_section_inner\">\r\n                <div class=\"row\">\r\n                                    <\/div>\r\n            <\/div>\r\n                    <\/div>\r\n    <\/div>\r\n","protected":false},"excerpt":{"rendered":"<p>Utilisation de cookies Pour notre site Internet, nous utilisons la technique des cookies. Les cookies sont de petits fichiers texte qui, dans le cadre de votre visite sur nos pages &#8230;<\/p>\n","protected":false},"author":4,"featured_media":0,"parent":0,"menu_order":0,"comment_status":"closed","ping_status":"closed","template":"","meta":{"_acf_changed":false,"inline_featured_image":false,"footnotes":""},"class_list":["post-11519","page","type-page","status-publish","hentry"],"acf":[],"yoast_head":"<!-- This site is optimized with the Yoast SEO plugin v27.2 - https:\/\/yoast.com\/product\/yoast-seo-wordpress\/ -->\n<title>Cookies - OR Technology<\/title>\n<meta name=\"robots\" content=\"index, follow, max-snippet:-1, max-image-preview:large, max-video-preview:-1\" \/>\n<link rel=\"canonical\" href=\"https:\/\/or-technology.com\/fr\/cookies\/\" \/>\n<meta property=\"og:locale\" content=\"fr_FR\" \/>\n<meta property=\"og:type\" content=\"article\" \/>\n<meta property=\"og:title\" content=\"Cookies - OR Technology\" \/>\n<meta property=\"og:description\" content=\"Utilisation de cookies Pour notre site Internet, nous utilisons la technique des cookies. Les cookies sont de petits fichiers texte qui, dans le cadre de votre visite sur nos pages ...\" \/>\n<meta property=\"og:url\" content=\"https:\/\/or-technology.com\/fr\/cookies\/\" \/>\n<meta property=\"og:site_name\" content=\"OR Technology\" \/>\n<meta property=\"article:publisher\" content=\"https:\/\/www.facebook.com\/OehmundRehbein\" \/>\n<meta property=\"article:modified_time\" content=\"2026-03-02T12:25:17+00:00\" \/>\n<meta name=\"twitter:card\" content=\"summary_large_image\" \/>\n<script type=\"application\/ld+json\" class=\"yoast-schema-graph\">{\"@context\":\"https:\/\/schema.org\",\"@graph\":[{\"@type\":\"WebPage\",\"@id\":\"https:\/\/or-technology.com\/fr\/cookies\/\",\"url\":\"https:\/\/or-technology.com\/fr\/cookies\/\",\"name\":\"Cookies - OR Technology\",\"isPartOf\":{\"@id\":\"https:\/\/or-technology.com\/fr\/#website\"},\"datePublished\":\"2026-03-02T12:00:02+00:00\",\"dateModified\":\"2026-03-02T12:25:17+00:00\",\"breadcrumb\":{\"@id\":\"https:\/\/or-technology.com\/fr\/cookies\/#breadcrumb\"},\"inLanguage\":\"fr-FR\",\"potentialAction\":[{\"@type\":\"ReadAction\",\"target\":[\"https:\/\/or-technology.com\/fr\/cookies\/\"]}]},{\"@type\":\"BreadcrumbList\",\"@id\":\"https:\/\/or-technology.com\/fr\/cookies\/#breadcrumb\",\"itemListElement\":[{\"@type\":\"ListItem\",\"position\":1,\"name\":\"Home\",\"item\":\"https:\/\/or-technology.com\/fr\/\"},{\"@type\":\"ListItem\",\"position\":2,\"name\":\"Cookies\"}]},{\"@type\":\"WebSite\",\"@id\":\"https:\/\/or-technology.com\/fr\/#website\",\"url\":\"https:\/\/or-technology.com\/fr\/\",\"name\":\"OR Technology\",\"description\":\"Instant. Diagnostic. Imaging.\",\"publisher\":{\"@id\":\"https:\/\/or-technology.com\/fr\/#organization\"},\"potentialAction\":[{\"@type\":\"SearchAction\",\"target\":{\"@type\":\"EntryPoint\",\"urlTemplate\":\"https:\/\/or-technology.com\/fr\/?s={search_term_string}\"},\"query-input\":{\"@type\":\"PropertyValueSpecification\",\"valueRequired\":true,\"valueName\":\"search_term_string\"}}],\"inLanguage\":\"fr-FR\"},{\"@type\":\"Organization\",\"@id\":\"https:\/\/or-technology.com\/fr\/#organization\",\"name\":\"OR Technology\",\"alternateName\":\"OR Technology\",\"url\":\"https:\/\/or-technology.com\/fr\/\",\"logo\":{\"@type\":\"ImageObject\",\"inLanguage\":\"fr-FR\",\"@id\":\"https:\/\/or-technology.com\/fr\/#\/schema\/logo\/image\/\",\"url\":\"https:\/\/or-technology.com\/wp-content\/uploads\/2026\/03\/Logo-und-Slogan-EN-blau-verkurzt.svg\",\"contentUrl\":\"https:\/\/or-technology.com\/wp-content\/uploads\/2026\/03\/Logo-und-Slogan-EN-blau-verkurzt.svg\",\"width\":\"1024\",\"height\":\"1024\",\"caption\":\"OR Technology\"},\"image\":{\"@id\":\"https:\/\/or-technology.com\/fr\/#\/schema\/logo\/image\/\"},\"sameAs\":[\"https:\/\/www.facebook.com\/OehmundRehbein\",\"https:\/\/www.instagram.com\/or.technology\/\",\"https:\/\/de.linkedin.com\/company\/oehm-und-rehbein-gmbh\",\"https:\/\/www.youtube.com\/@ORTechnology\"]}]}<\/script>\n<!-- \/ Yoast SEO plugin. -->","yoast_head_json":{"title":"Cookies - OR Technology","robots":{"index":"index","follow":"follow","max-snippet":"max-snippet:-1","max-image-preview":"max-image-preview:large","max-video-preview":"max-video-preview:-1"},"canonical":"https:\/\/or-technology.com\/fr\/cookies\/","og_locale":"fr_FR","og_type":"article","og_title":"Cookies - OR Technology","og_description":"Utilisation de cookies Pour notre site Internet, nous utilisons la technique des cookies. Les cookies sont de petits fichiers texte qui, dans le cadre de votre visite sur nos pages ...","og_url":"https:\/\/or-technology.com\/fr\/cookies\/","og_site_name":"OR Technology","article_publisher":"https:\/\/www.facebook.com\/OehmundRehbein","article_modified_time":"2026-03-02T12:25:17+00:00","twitter_card":"summary_large_image","schema":{"@context":"https:\/\/schema.org","@graph":[{"@type":"WebPage","@id":"https:\/\/or-technology.com\/fr\/cookies\/","url":"https:\/\/or-technology.com\/fr\/cookies\/","name":"Cookies - OR Technology","isPartOf":{"@id":"https:\/\/or-technology.com\/fr\/#website"},"datePublished":"2026-03-02T12:00:02+00:00","dateModified":"2026-03-02T12:25:17+00:00","breadcrumb":{"@id":"https:\/\/or-technology.com\/fr\/cookies\/#breadcrumb"},"inLanguage":"fr-FR","potentialAction":[{"@type":"ReadAction","target":["https:\/\/or-technology.com\/fr\/cookies\/"]}]},{"@type":"BreadcrumbList","@id":"https:\/\/or-technology.com\/fr\/cookies\/#breadcrumb","itemListElement":[{"@type":"ListItem","position":1,"name":"Home","item":"https:\/\/or-technology.com\/fr\/"},{"@type":"ListItem","position":2,"name":"Cookies"}]},{"@type":"WebSite","@id":"https:\/\/or-technology.com\/fr\/#website","url":"https:\/\/or-technology.com\/fr\/","name":"OR Technology","description":"Instant. Diagnostic. Imaging.","publisher":{"@id":"https:\/\/or-technology.com\/fr\/#organization"},"potentialAction":[{"@type":"SearchAction","target":{"@type":"EntryPoint","urlTemplate":"https:\/\/or-technology.com\/fr\/?s={search_term_string}"},"query-input":{"@type":"PropertyValueSpecification","valueRequired":true,"valueName":"search_term_string"}}],"inLanguage":"fr-FR"},{"@type":"Organization","@id":"https:\/\/or-technology.com\/fr\/#organization","name":"OR Technology","alternateName":"OR Technology","url":"https:\/\/or-technology.com\/fr\/","logo":{"@type":"ImageObject","inLanguage":"fr-FR","@id":"https:\/\/or-technology.com\/fr\/#\/schema\/logo\/image\/","url":"https:\/\/or-technology.com\/wp-content\/uploads\/2026\/03\/Logo-und-Slogan-EN-blau-verkurzt.svg","contentUrl":"https:\/\/or-technology.com\/wp-content\/uploads\/2026\/03\/Logo-und-Slogan-EN-blau-verkurzt.svg","width":"1024","height":"1024","caption":"OR Technology"},"image":{"@id":"https:\/\/or-technology.com\/fr\/#\/schema\/logo\/image\/"},"sameAs":["https:\/\/www.facebook.com\/OehmundRehbein","https:\/\/www.instagram.com\/or.technology\/","https:\/\/de.linkedin.com\/company\/oehm-und-rehbein-gmbh","https:\/\/www.youtube.com\/@ORTechnology"]}]}},"_links":{"self":[{"href":"https:\/\/or-technology.com\/fr\/wp-json\/wp\/v2\/pages\/11519","targetHints":{"allow":["GET"]}}],"collection":[{"href":"https:\/\/or-technology.com\/fr\/wp-json\/wp\/v2\/pages"}],"about":[{"href":"https:\/\/or-technology.com\/fr\/wp-json\/wp\/v2\/types\/page"}],"author":[{"embeddable":true,"href":"https:\/\/or-technology.com\/fr\/wp-json\/wp\/v2\/users\/4"}],"replies":[{"embeddable":true,"href":"https:\/\/or-technology.com\/fr\/wp-json\/wp\/v2\/comments?post=11519"}],"version-history":[{"count":2,"href":"https:\/\/or-technology.com\/fr\/wp-json\/wp\/v2\/pages\/11519\/revisions"}],"predecessor-version":[{"id":11531,"href":"https:\/\/or-technology.com\/fr\/wp-json\/wp\/v2\/pages\/11519\/revisions\/11531"}],"wp:attachment":[{"href":"https:\/\/or-technology.com\/fr\/wp-json\/wp\/v2\/media?parent=11519"}],"curies":[{"name":"wp","href":"https:\/\/api.w.org\/{rel}","templated":true}]}}