{"id":2631,"date":"2025-05-16T10:34:01","date_gmt":"2025-05-16T10:34:01","guid":{"rendered":"https:\/\/wp.azde2.ork1.de\/?page_id=2631"},"modified":"2026-03-31T09:51:33","modified_gmt":"2026-03-31T09:51:33","slug":"salle-de-presse","status":"publish","type":"page","link":"https:\/\/or-technology.com\/fr\/salle-de-presse\/","title":{"rendered":"Salle de presse"},"content":{"rendered":"\r\n<div id=\"news_banner\" >\r\n    <div class=\"img\"><img decoding=\"async\" width=\"741\" height=\"556\" data-src=\"https:\/\/or-technology.com\/wp-content\/uploads\/2025\/05\/news_banner_img.png\" class=\"attachment- size- lazyload\" alt=\"\" data-srcset=\"https:\/\/or-technology.com\/wp-content\/uploads\/2025\/05\/news_banner_img.png 741w, https:\/\/or-technology.com\/wp-content\/uploads\/2025\/05\/news_banner_img-300x225.png 300w, https:\/\/or-technology.com\/wp-content\/uploads\/2025\/05\/news_banner_img-24x18.png 24w, https:\/\/or-technology.com\/wp-content\/uploads\/2025\/05\/news_banner_img-36x27.png 36w, https:\/\/or-technology.com\/wp-content\/uploads\/2025\/05\/news_banner_img-48x36.png 48w\" data-sizes=\"(max-width: 741px) 100vw, 741px\" src=\"data:image\/svg+xml;base64,PHN2ZyB3aWR0aD0iMSIgaGVpZ2h0PSIxIiB4bWxucz0iaHR0cDovL3d3dy53My5vcmcvMjAwMC9zdmciPjwvc3ZnPg==\" style=\"--smush-placeholder-width: 741px; --smush-placeholder-aspect-ratio: 741\/556;\" \/><\/div>\r\n    <div class=\"logo_img\"><img decoding=\"async\" width=\"1\" height=\"1\" data-src=\"https:\/\/or-technology.com\/wp-content\/uploads\/2025\/11\/or-technology-logo-slogan-w-en.svg\" class=\"attachment- size- lazyload\" alt=\"Logo OR Technology\" src=\"data:image\/svg+xml;base64,PHN2ZyB3aWR0aD0iMSIgaGVpZ2h0PSIxIiB4bWxucz0iaHR0cDovL3d3dy53My5vcmcvMjAwMC9zdmciPjwvc3ZnPg==\" style=\"--smush-placeholder-width: 1px; --smush-placeholder-aspect-ratio: 1\/1;\" \/><\/div>\r\n    <div class=\"high_to_low\"><\/div>\r\n<\/div>\r\n\n\n\r\n<div class=\"news_section\"  >\r\n    <div class=\"container\">\r\n        <h1>Salle de presse<\/h1>\r\n\r\n        \r\n        <div class=\"news_block\">\r\n                            <div class=\"img\"><img decoding=\"async\" width=\"1000\" height=\"655\" data-src=\"https:\/\/or-technology.com\/wp-content\/uploads\/2026\/02\/PM-Hallmarq-Join-Forces-DE.jpg\" class=\"attachment-post-thumbnail size-post-thumbnail wp-post-image lazyload\" alt=\"\" data-srcset=\"https:\/\/or-technology.com\/wp-content\/uploads\/2026\/02\/PM-Hallmarq-Join-Forces-DE.jpg 1000w, https:\/\/or-technology.com\/wp-content\/uploads\/2026\/02\/PM-Hallmarq-Join-Forces-DE-300x197.jpg 300w, https:\/\/or-technology.com\/wp-content\/uploads\/2026\/02\/PM-Hallmarq-Join-Forces-DE-768x503.jpg 768w, https:\/\/or-technology.com\/wp-content\/uploads\/2026\/02\/PM-Hallmarq-Join-Forces-DE-24x16.jpg 24w, https:\/\/or-technology.com\/wp-content\/uploads\/2026\/02\/PM-Hallmarq-Join-Forces-DE-36x24.jpg 36w, https:\/\/or-technology.com\/wp-content\/uploads\/2026\/02\/PM-Hallmarq-Join-Forces-DE-48x31.jpg 48w\" data-sizes=\"(max-width: 1000px) 100vw, 1000px\" src=\"data:image\/svg+xml;base64,PHN2ZyB3aWR0aD0iMSIgaGVpZ2h0PSIxIiB4bWxucz0iaHR0cDovL3d3dy53My5vcmcvMjAwMC9zdmciPjwvc3ZnPg==\" style=\"--smush-placeholder-width: 1000px; --smush-placeholder-aspect-ratio: 1000\/655;\" \/><\/div>\r\n                        \r\n            <div class=\"desc\">\r\n                <p class=\"heading-5\">12.02.2026<\/p>\r\n                \r\n                <p class=\"heading-4\">\r\n                    <a href=\"https:\/\/or-technology.com\/fr\/news\/or-technology-und-hallmarq-buendeln-ihre-kraefte-zum-aufbau-einer-globalen-multimodalitaets-bildgebungsgruppe\/\">\r\n                        OR Technology et Hallmarq unissent leurs forces pour cr\u00e9er un groupe mondial d\u2019imagerie multimodale                    <\/a>\r\n                <\/p>\r\n\r\n                <p>OR Technology et Hallmarq Veterinary Imaging ont uni leurs forces pour former un nouveau groupe international avec l\u2019ambition de devenir un acteur mondial de l\u2019imagerie multimodale. Le groupe nouvellement constitu\u00e9 &#8230;<\/p>\n\t\t\t\t<br \/>\r\n\t\t\t\t<a href=\"https:\/\/or-technology.com\/fr\/news\/or-technology-und-hallmarq-buendeln-ihre-kraefte-zum-aufbau-einer-globalen-multimodalitaets-bildgebungsgruppe\/\" class=\"btn\">Read more<\/a>\r\n            <\/div>\r\n        <\/div>\r\n\r\n\t        \r\n        <div class=\"news_block\">\r\n                        \r\n            <div class=\"desc\">\r\n                <p class=\"heading-5\">01.02.2026<\/p>\r\n                \r\n                <p class=\"heading-4\">\r\n                    <a href=\"https:\/\/or-technology.com\/fr\/news\/world-health-expo-whx-dubai-2026-nous-y-participons\/\">\r\n                        World Health Expo (WHX) Dubai 2026 \u2013 Nous y participons                    <\/a>\r\n                <\/p>\r\n\r\n                <p>Du 9 au 12 f\u00e9vrier 2026, notre \u00e9quipe sera pr\u00e9sente au World Health Expo (WHX) Dubai, anciennement Arab Health, aux \u00c9mirats arabes unis. Nous invitons chaleureusement nos clients et partenaires &#8230;<\/p>\n\t\t\t\t<br \/>\r\n\t\t\t\t<a href=\"https:\/\/or-technology.com\/fr\/news\/world-health-expo-whx-dubai-2026-nous-y-participons\/\" class=\"btn\">Read more<\/a>\r\n            <\/div>\r\n        <\/div>\r\n\r\n\t        \r\n        <div class=\"news_block\">\r\n                        \r\n            <div class=\"desc\">\r\n                <p class=\"heading-5\">07.01.2026<\/p>\r\n                \r\n                <p class=\"heading-4\">\r\n                    <a href=\"https:\/\/or-technology.com\/fr\/news\/13-leipziger-tieraerztekongresses\/\">\r\n                        13e Congr\u00e8s v\u00e9t\u00e9rinaire de Leipzig                    <\/a>\r\n                <\/p>\r\n\r\n                <p>Du 15 au 17 janvier, Vetexpo se tiendra dans le cadre du 13e Congr\u00e8s v\u00e9t\u00e9rinaire de Leipzig au parc des expositions de Leipzig. Nous vous invitons cordialement \u00e0 d\u00e9couvrir les &#8230;<\/p>\n\t\t\t\t<br \/>\r\n\t\t\t\t<a href=\"https:\/\/or-technology.com\/fr\/news\/13-leipziger-tieraerztekongresses\/\" class=\"btn\">Read more<\/a>\r\n            <\/div>\r\n        <\/div>\r\n\r\n\t        \r\n        <div class=\"news_block\">\r\n                        \r\n            <div class=\"desc\">\r\n                <p class=\"heading-5\">19.12.2025<\/p>\r\n                \r\n                <p class=\"heading-4\">\r\n                    <a href=\"https:\/\/or-technology.com\/fr\/news\/pour-la-fin-de-lannee\/\">\r\n                        Pour la fin de l\u2019ann\u00e9e                    <\/a>\r\n                <\/p>\r\n\r\n                <p>Le groupe OR Technology revient sur une ann\u00e9e 2025 couronn\u00e9e de succ\u00e8s. Malgr\u00e9 un environnement de march\u00e9 exigeant, nous avons pu poursuivre l\u2019expansion de notre pr\u00e9sence internationale \u2013 notamment gr\u00e2ce &#8230;<\/p>\n\t\t\t\t<br \/>\r\n\t\t\t\t<a href=\"https:\/\/or-technology.com\/fr\/news\/pour-la-fin-de-lannee\/\" class=\"btn\">Read more<\/a>\r\n            <\/div>\r\n        <\/div>\r\n\r\n\t        \r\n        <div class=\"news_block\">\r\n                            <div class=\"img\"><img decoding=\"async\" width=\"1000\" height=\"655\" data-src=\"https:\/\/or-technology.com\/wp-content\/uploads\/2025\/10\/pm-leoIII-compact.webp\" class=\"attachment-post-thumbnail size-post-thumbnail wp-post-image lazyload\" alt=\"\" data-srcset=\"https:\/\/or-technology.com\/wp-content\/uploads\/2025\/10\/pm-leoIII-compact.webp 1000w, https:\/\/or-technology.com\/wp-content\/uploads\/2025\/10\/pm-leoIII-compact-300x197.webp 300w, https:\/\/or-technology.com\/wp-content\/uploads\/2025\/10\/pm-leoIII-compact-768x503.webp 768w, https:\/\/or-technology.com\/wp-content\/uploads\/2025\/10\/pm-leoIII-compact-24x16.webp 24w, https:\/\/or-technology.com\/wp-content\/uploads\/2025\/10\/pm-leoIII-compact-36x24.webp 36w, https:\/\/or-technology.com\/wp-content\/uploads\/2025\/10\/pm-leoIII-compact-48x31.webp 48w\" data-sizes=\"(max-width: 1000px) 100vw, 1000px\" src=\"data:image\/svg+xml;base64,PHN2ZyB3aWR0aD0iMSIgaGVpZ2h0PSIxIiB4bWxucz0iaHR0cDovL3d3dy53My5vcmcvMjAwMC9zdmciPjwvc3ZnPg==\" style=\"--smush-placeholder-width: 1000px; --smush-placeholder-aspect-ratio: 1000\/655;\" \/><\/div>\r\n                        \r\n            <div class=\"desc\">\r\n                <p class=\"heading-5\">15.10.2025<\/p>\r\n                \r\n                <p class=\"heading-4\">\r\n                    <a href=\"https:\/\/or-technology.com\/fr\/news\/neue-mobile-rontgenlosung-fur-die-pferdemedizin\/\">\r\n                        Nouvelle solution mobile de radiographie pour la m\u00e9decine \u00e9quine                    <\/a>\r\n                <\/p>\r\n\r\n                <p>Avec le nouveau Leonardo DR compact III, Oehm und Rehbein \u00e9largit son portefeuille de solutions de radiographie mobile pour la m\u00e9decine \u00e9quine. Le syst\u00e8me en valise est facile \u00e0 transporter &#8230;<\/p>\n\t\t\t\t<br \/>\r\n\t\t\t\t<a href=\"https:\/\/or-technology.com\/fr\/news\/neue-mobile-rontgenlosung-fur-die-pferdemedizin\/\" class=\"btn\">Read more<\/a>\r\n            <\/div>\r\n        <\/div>\r\n\r\n\t        \r\n        <div class=\"news_block\">\r\n                            <div class=\"img\"><img decoding=\"async\" width=\"1000\" height=\"655\" data-src=\"https:\/\/or-technology.com\/wp-content\/uploads\/2025\/10\/pm-vetEquip-Ltd-now-part-of-the-or-group.webp\" class=\"attachment-post-thumbnail size-post-thumbnail wp-post-image lazyload\" alt=\"\" data-srcset=\"https:\/\/or-technology.com\/wp-content\/uploads\/2025\/10\/pm-vetEquip-Ltd-now-part-of-the-or-group.webp 1000w, https:\/\/or-technology.com\/wp-content\/uploads\/2025\/10\/pm-vetEquip-Ltd-now-part-of-the-or-group-300x197.webp 300w, https:\/\/or-technology.com\/wp-content\/uploads\/2025\/10\/pm-vetEquip-Ltd-now-part-of-the-or-group-768x503.webp 768w, https:\/\/or-technology.com\/wp-content\/uploads\/2025\/10\/pm-vetEquip-Ltd-now-part-of-the-or-group-24x16.webp 24w, https:\/\/or-technology.com\/wp-content\/uploads\/2025\/10\/pm-vetEquip-Ltd-now-part-of-the-or-group-36x24.webp 36w, https:\/\/or-technology.com\/wp-content\/uploads\/2025\/10\/pm-vetEquip-Ltd-now-part-of-the-or-group-48x31.webp 48w\" data-sizes=\"(max-width: 1000px) 100vw, 1000px\" src=\"data:image\/svg+xml;base64,PHN2ZyB3aWR0aD0iMSIgaGVpZ2h0PSIxIiB4bWxucz0iaHR0cDovL3d3dy53My5vcmcvMjAwMC9zdmciPjwvc3ZnPg==\" style=\"--smush-placeholder-width: 1000px; --smush-placeholder-aspect-ratio: 1000\/655;\" \/><\/div>\r\n                        \r\n            <div class=\"desc\">\r\n                <p class=\"heading-5\">13.10.2025<\/p>\r\n                \r\n                <p class=\"heading-4\">\r\n                    <a href=\"https:\/\/or-technology.com\/fr\/news\/or-technology-group-starkt-prasenz-in-europa-durch-ubernahme-von-vetequip-ltd\/\">\r\n                        OR Technology Group renforce sa pr\u00e9sence en Europe gr\u00e2ce \u00e0 l\u2019acquisition de VetEquip Ltd.                    <\/a>\r\n                <\/p>\r\n\r\n                <p>OR Technology Group renforce sa pr\u00e9sence sur le march\u00e9 OR Technology Group annonce l\u2019acquisition de VetEquip Ltd., l\u2019un des principaux fournisseurs irlandais d\u2019\u00e9quipements, de services et de support pour la &#8230;<\/p>\n\t\t\t\t<br \/>\r\n\t\t\t\t<a href=\"https:\/\/or-technology.com\/fr\/news\/or-technology-group-starkt-prasenz-in-europa-durch-ubernahme-von-vetequip-ltd\/\" class=\"btn\">Read more<\/a>\r\n            <\/div>\r\n        <\/div>\r\n\r\n\t        \r\n        <div class=\"news_block\">\r\n                        \r\n            <div class=\"desc\">\r\n                <p class=\"heading-5\">01.10.2025<\/p>\r\n                \r\n                <p class=\"heading-4\">\r\n                    <a href=\"https:\/\/or-technology.com\/fr\/news\/or-4vet-feiert-einjahriges-jubilaum-mit-geburtstagsaktion-fur-praxisteams\/\">\r\n                        OR 4Vet c\u00e9l\u00e8bre son premier anniversaire avec une action anniversaire d\u00e9di\u00e9e aux \u00e9quipes de cabinet                    <\/a>\r\n                <\/p>\r\n\r\n                <p>1 an d\u2019OR 4Vet : c\u00e9l\u00e9brez avec nous et participez ! OR 4Vet, la marque v\u00e9t\u00e9rinaire d\u2019Oehm und Rehbein GmbH, c\u00e9l\u00e8bre son premier anniversaire.Depuis son lancement \u00e0 l\u2019automne 2024, OR &#8230;<\/p>\n\t\t\t\t<br \/>\r\n\t\t\t\t<a href=\"https:\/\/or-technology.com\/fr\/news\/or-4vet-feiert-einjahriges-jubilaum-mit-geburtstagsaktion-fur-praxisteams\/\" class=\"btn\">Read more<\/a>\r\n            <\/div>\r\n        <\/div>\r\n\r\n\t        \r\n        <div class=\"news_block\">\r\n                            <div class=\"img\"><img decoding=\"async\" width=\"1000\" height=\"655\" data-src=\"https:\/\/or-technology.com\/wp-content\/uploads\/2025\/10\/pm-Leo-Compact-Part-1-Pferd-auf-Tisch2.webp\" class=\"attachment-post-thumbnail size-post-thumbnail wp-post-image lazyload\" alt=\"\" data-srcset=\"https:\/\/or-technology.com\/wp-content\/uploads\/2025\/10\/pm-Leo-Compact-Part-1-Pferd-auf-Tisch2.webp 1000w, https:\/\/or-technology.com\/wp-content\/uploads\/2025\/10\/pm-Leo-Compact-Part-1-Pferd-auf-Tisch2-300x197.webp 300w, https:\/\/or-technology.com\/wp-content\/uploads\/2025\/10\/pm-Leo-Compact-Part-1-Pferd-auf-Tisch2-768x503.webp 768w, https:\/\/or-technology.com\/wp-content\/uploads\/2025\/10\/pm-Leo-Compact-Part-1-Pferd-auf-Tisch2-24x16.webp 24w, https:\/\/or-technology.com\/wp-content\/uploads\/2025\/10\/pm-Leo-Compact-Part-1-Pferd-auf-Tisch2-36x24.webp 36w, https:\/\/or-technology.com\/wp-content\/uploads\/2025\/10\/pm-Leo-Compact-Part-1-Pferd-auf-Tisch2-48x31.webp 48w\" data-sizes=\"(max-width: 1000px) 100vw, 1000px\" src=\"data:image\/svg+xml;base64,PHN2ZyB3aWR0aD0iMSIgaGVpZ2h0PSIxIiB4bWxucz0iaHR0cDovL3d3dy53My5vcmcvMjAwMC9zdmciPjwvc3ZnPg==\" style=\"--smush-placeholder-width: 1000px; --smush-placeholder-aspect-ratio: 1000\/655;\" \/><\/div>\r\n                        \r\n            <div class=\"desc\">\r\n                <p class=\"heading-5\">01.10.2025<\/p>\r\n                \r\n                <p class=\"heading-4\">\r\n                    <a href=\"https:\/\/or-technology.com\/fr\/news\/etwas-neues-fur-die-pferdebildgebung-kommt\/\">\r\n                        Quelque chose de nouveau arrive pour l\u2019imagerie \u00e9quine \u2026                    <\/a>\r\n                <\/p>\r\n\r\n                <p>Plus de fluidit\u00e9. Plus de qualit\u00e9 d\u2019image \u2013 la prochaine \u00e9tape de la m\u00e9decine \u00e9quine. Restez \u00e0 l\u2019\u00e9coute ! Un cheval sur une table de radiographie ? Cela ne semble &#8230;<\/p>\n\t\t\t\t<br \/>\r\n\t\t\t\t<a href=\"https:\/\/or-technology.com\/fr\/news\/etwas-neues-fur-die-pferdebildgebung-kommt\/\" class=\"btn\">Read more<\/a>\r\n            <\/div>\r\n        <\/div>\r\n\r\n\t        \r\n        <div class=\"news_block\">\r\n                        \r\n            <div class=\"desc\">\r\n                <p class=\"heading-5\">13.05.2025<\/p>\r\n                \r\n                <p class=\"heading-4\">\r\n                    <a href=\"https:\/\/or-technology.com\/fr\/news\/neuer-investor-der-oehm-und-rehbein-gruppe\/\">\r\n                        Nouvel investisseur au sein du groupe Oehm et Rehbein                    <\/a>\r\n                <\/p>\r\n\r\n                <p>Le groupe Oehm et Rehbein a le plaisir d\u2019annoncer un changement important dans sa structure d\u2019actionnariat : l\u2019ancien actionnaire principal Rigeto a transf\u00e9r\u00e9 l\u2019int\u00e9gralit\u00e9 de ses parts \u00e0 NORD Holding.Avec &#8230;<\/p>\n\t\t\t\t<br \/>\r\n\t\t\t\t<a href=\"https:\/\/or-technology.com\/fr\/news\/neuer-investor-der-oehm-und-rehbein-gruppe\/\" class=\"btn\">Read more<\/a>\r\n            <\/div>\r\n        <\/div>\r\n\r\n\t        \r\n        <div class=\"news_block\">\r\n                        \r\n            <div class=\"desc\">\r\n                <p class=\"heading-5\">05.05.2025<\/p>\r\n                \r\n                <p class=\"heading-4\">\r\n                    <a href=\"https:\/\/or-technology.com\/fr\/news\/orsono-portable-v11-mobiler-ultraschall-auf-high-end-niveau\/\">\r\n                        ORsono portable V11 \u2013 \u00c9chographie mobile haut de gamme                    <\/a>\r\n                <\/p>\r\n\r\n                <p>D\u00e9sormais disponible dans notre portefeuille OR 4Vet : l\u2019ORsono portable V11, le premier syst\u00e8me d\u2019\u00e9chographie portable dot\u00e9 de la technologie C-Field+.Il offre une qualit\u00e9 d\u2019image exceptionnelle, un traitement rapide du &#8230;<\/p>\n\t\t\t\t<br \/>\r\n\t\t\t\t<a href=\"https:\/\/or-technology.com\/fr\/news\/orsono-portable-v11-mobiler-ultraschall-auf-high-end-niveau\/\" class=\"btn\">Read more<\/a>\r\n            <\/div>\r\n        <\/div>\r\n\r\n\t<div class=\"pagination\"><span aria-current=\"page\" class=\"page-numbers current\">1<\/span>\n<a class=\"page-numbers\" href=\"https:\/\/or-technology.com\/fr\/wp-json\/wp\/v2\/pages\/2631\/page\/2\/\">2<\/a>\n<a class=\"next page-numbers\" href=\"https:\/\/or-technology.com\/fr\/wp-json\/wp\/v2\/pages\/2631\/page\/2\/\">Suivant\u00a0\u00bb<\/a><\/div>\t\t\r\n    <\/div>\r\n<\/div>\r\n","protected":false},"excerpt":{"rendered":"<p>D\u00e9sormais disponible dans notre portefeuille OR 4Vet : l\u2019ORsono portable V11, le premier syst\u00e8me d\u2019\u00e9chographie portable dot\u00e9 de la technologie C-Field+.Il offre une qualit\u00e9 d\u2019image exceptionnelle, un traitement rapide du &#8230;<\/p>\n","protected":false},"author":2,"featured_media":0,"parent":0,"menu_order":0,"comment_status":"closed","ping_status":"closed","template":"","meta":{"_acf_changed":false,"inline_featured_image":false,"footnotes":""},"class_list":["post-2631","page","type-page","status-publish","hentry"],"acf":[],"yoast_head":"<!-- This site is optimized with the Yoast SEO plugin v27.2 - https:\/\/yoast.com\/product\/yoast-seo-wordpress\/ -->\n<title>Actualit\u00e9s OR Technology \u2013 Nouvelles, innovations et temps forts<\/title>\n<meta name=\"description\" content=\"Restez inform\u00e9 des derni\u00e8res actualit\u00e9s, innovations et r\u00e9ussites internationales d\u2019OR Technology \u2013 des solutions d\u2019imagerie aux projets internationaux passionnants.\" \/>\n<meta name=\"robots\" content=\"index, follow, max-snippet:-1, max-image-preview:large, max-video-preview:-1\" \/>\n<link rel=\"canonical\" href=\"https:\/\/or-technology.com\/fr\/salle-de-presse\/\" \/>\n<meta property=\"og:locale\" content=\"fr_FR\" \/>\n<meta property=\"og:type\" content=\"article\" \/>\n<meta property=\"og:title\" content=\"Actualit\u00e9s OR Technology \u2013 Nouvelles, innovations et temps forts\" \/>\n<meta property=\"og:description\" content=\"Restez inform\u00e9 des derni\u00e8res actualit\u00e9s, innovations et r\u00e9ussites internationales d\u2019OR Technology \u2013 des solutions d\u2019imagerie aux projets internationaux passionnants.\" \/>\n<meta property=\"og:url\" content=\"https:\/\/or-technology.com\/fr\/salle-de-presse\/\" \/>\n<meta property=\"og:site_name\" content=\"OR Technology\" \/>\n<meta property=\"article:publisher\" content=\"https:\/\/www.facebook.com\/OehmundRehbein\" \/>\n<meta property=\"article:modified_time\" content=\"2026-03-31T09:51:33+00:00\" \/>\n<meta name=\"twitter:card\" content=\"summary_large_image\" \/>\n<script type=\"application\/ld+json\" class=\"yoast-schema-graph\">{\"@context\":\"https:\/\/schema.org\",\"@graph\":[{\"@type\":\"WebPage\",\"@id\":\"https:\/\/or-technology.com\/fr\/salle-de-presse\/\",\"url\":\"https:\/\/or-technology.com\/fr\/salle-de-presse\/\",\"name\":\"Actualit\u00e9s OR Technology \u2013 Nouvelles, innovations et temps forts\",\"isPartOf\":{\"@id\":\"https:\/\/or-technology.com\/fr\/#website\"},\"datePublished\":\"2025-05-16T10:34:01+00:00\",\"dateModified\":\"2026-03-31T09:51:33+00:00\",\"description\":\"Restez inform\u00e9 des derni\u00e8res actualit\u00e9s, innovations et r\u00e9ussites internationales d\u2019OR Technology \u2013 des solutions d\u2019imagerie aux projets internationaux passionnants.\",\"breadcrumb\":{\"@id\":\"https:\/\/or-technology.com\/fr\/salle-de-presse\/#breadcrumb\"},\"inLanguage\":\"fr-FR\",\"potentialAction\":[{\"@type\":\"ReadAction\",\"target\":[\"https:\/\/or-technology.com\/fr\/salle-de-presse\/\"]}]},{\"@type\":\"BreadcrumbList\",\"@id\":\"https:\/\/or-technology.com\/fr\/salle-de-presse\/#breadcrumb\",\"itemListElement\":[{\"@type\":\"ListItem\",\"position\":1,\"name\":\"Home\",\"item\":\"https:\/\/or-technology.com\/fr\/\"},{\"@type\":\"ListItem\",\"position\":2,\"name\":\"Salle de presse\"}]},{\"@type\":\"WebSite\",\"@id\":\"https:\/\/or-technology.com\/fr\/#website\",\"url\":\"https:\/\/or-technology.com\/fr\/\",\"name\":\"OR Technology\",\"description\":\"Instant. Diagnostic. Imaging.\",\"publisher\":{\"@id\":\"https:\/\/or-technology.com\/fr\/#organization\"},\"potentialAction\":[{\"@type\":\"SearchAction\",\"target\":{\"@type\":\"EntryPoint\",\"urlTemplate\":\"https:\/\/or-technology.com\/fr\/?s={search_term_string}\"},\"query-input\":{\"@type\":\"PropertyValueSpecification\",\"valueRequired\":true,\"valueName\":\"search_term_string\"}}],\"inLanguage\":\"fr-FR\"},{\"@type\":\"Organization\",\"@id\":\"https:\/\/or-technology.com\/fr\/#organization\",\"name\":\"OR Technology\",\"alternateName\":\"OR Technology\",\"url\":\"https:\/\/or-technology.com\/fr\/\",\"logo\":{\"@type\":\"ImageObject\",\"inLanguage\":\"fr-FR\",\"@id\":\"https:\/\/or-technology.com\/fr\/#\/schema\/logo\/image\/\",\"url\":\"https:\/\/or-technology.com\/wp-content\/uploads\/2026\/03\/Logo-und-Slogan-EN-blau-verkurzt.svg\",\"contentUrl\":\"https:\/\/or-technology.com\/wp-content\/uploads\/2026\/03\/Logo-und-Slogan-EN-blau-verkurzt.svg\",\"width\":\"1024\",\"height\":\"1024\",\"caption\":\"OR Technology\"},\"image\":{\"@id\":\"https:\/\/or-technology.com\/fr\/#\/schema\/logo\/image\/\"},\"sameAs\":[\"https:\/\/www.facebook.com\/OehmundRehbein\",\"https:\/\/www.instagram.com\/or.technology\/\",\"https:\/\/de.linkedin.com\/company\/oehm-und-rehbein-gmbh\",\"https:\/\/www.youtube.com\/@ORTechnology\"]}]}<\/script>\n<!-- \/ Yoast SEO plugin. -->","yoast_head_json":{"title":"Actualit\u00e9s OR Technology \u2013 Nouvelles, innovations et temps forts","description":"Restez inform\u00e9 des derni\u00e8res actualit\u00e9s, innovations et r\u00e9ussites internationales d\u2019OR Technology \u2013 des solutions d\u2019imagerie aux projets internationaux passionnants.","robots":{"index":"index","follow":"follow","max-snippet":"max-snippet:-1","max-image-preview":"max-image-preview:large","max-video-preview":"max-video-preview:-1"},"canonical":"https:\/\/or-technology.com\/fr\/salle-de-presse\/","og_locale":"fr_FR","og_type":"article","og_title":"Actualit\u00e9s OR Technology \u2013 Nouvelles, innovations et temps forts","og_description":"Restez inform\u00e9 des derni\u00e8res actualit\u00e9s, innovations et r\u00e9ussites internationales d\u2019OR Technology \u2013 des solutions d\u2019imagerie aux projets internationaux passionnants.","og_url":"https:\/\/or-technology.com\/fr\/salle-de-presse\/","og_site_name":"OR Technology","article_publisher":"https:\/\/www.facebook.com\/OehmundRehbein","article_modified_time":"2026-03-31T09:51:33+00:00","twitter_card":"summary_large_image","schema":{"@context":"https:\/\/schema.org","@graph":[{"@type":"WebPage","@id":"https:\/\/or-technology.com\/fr\/salle-de-presse\/","url":"https:\/\/or-technology.com\/fr\/salle-de-presse\/","name":"Actualit\u00e9s OR Technology \u2013 Nouvelles, innovations et temps forts","isPartOf":{"@id":"https:\/\/or-technology.com\/fr\/#website"},"datePublished":"2025-05-16T10:34:01+00:00","dateModified":"2026-03-31T09:51:33+00:00","description":"Restez inform\u00e9 des derni\u00e8res actualit\u00e9s, innovations et r\u00e9ussites internationales d\u2019OR Technology \u2013 des solutions d\u2019imagerie aux projets internationaux passionnants.","breadcrumb":{"@id":"https:\/\/or-technology.com\/fr\/salle-de-presse\/#breadcrumb"},"inLanguage":"fr-FR","potentialAction":[{"@type":"ReadAction","target":["https:\/\/or-technology.com\/fr\/salle-de-presse\/"]}]},{"@type":"BreadcrumbList","@id":"https:\/\/or-technology.com\/fr\/salle-de-presse\/#breadcrumb","itemListElement":[{"@type":"ListItem","position":1,"name":"Home","item":"https:\/\/or-technology.com\/fr\/"},{"@type":"ListItem","position":2,"name":"Salle de presse"}]},{"@type":"WebSite","@id":"https:\/\/or-technology.com\/fr\/#website","url":"https:\/\/or-technology.com\/fr\/","name":"OR Technology","description":"Instant. Diagnostic. Imaging.","publisher":{"@id":"https:\/\/or-technology.com\/fr\/#organization"},"potentialAction":[{"@type":"SearchAction","target":{"@type":"EntryPoint","urlTemplate":"https:\/\/or-technology.com\/fr\/?s={search_term_string}"},"query-input":{"@type":"PropertyValueSpecification","valueRequired":true,"valueName":"search_term_string"}}],"inLanguage":"fr-FR"},{"@type":"Organization","@id":"https:\/\/or-technology.com\/fr\/#organization","name":"OR Technology","alternateName":"OR Technology","url":"https:\/\/or-technology.com\/fr\/","logo":{"@type":"ImageObject","inLanguage":"fr-FR","@id":"https:\/\/or-technology.com\/fr\/#\/schema\/logo\/image\/","url":"https:\/\/or-technology.com\/wp-content\/uploads\/2026\/03\/Logo-und-Slogan-EN-blau-verkurzt.svg","contentUrl":"https:\/\/or-technology.com\/wp-content\/uploads\/2026\/03\/Logo-und-Slogan-EN-blau-verkurzt.svg","width":"1024","height":"1024","caption":"OR Technology"},"image":{"@id":"https:\/\/or-technology.com\/fr\/#\/schema\/logo\/image\/"},"sameAs":["https:\/\/www.facebook.com\/OehmundRehbein","https:\/\/www.instagram.com\/or.technology\/","https:\/\/de.linkedin.com\/company\/oehm-und-rehbein-gmbh","https:\/\/www.youtube.com\/@ORTechnology"]}]}},"_links":{"self":[{"href":"https:\/\/or-technology.com\/fr\/wp-json\/wp\/v2\/pages\/2631","targetHints":{"allow":["GET"]}}],"collection":[{"href":"https:\/\/or-technology.com\/fr\/wp-json\/wp\/v2\/pages"}],"about":[{"href":"https:\/\/or-technology.com\/fr\/wp-json\/wp\/v2\/types\/page"}],"author":[{"embeddable":true,"href":"https:\/\/or-technology.com\/fr\/wp-json\/wp\/v2\/users\/2"}],"replies":[{"embeddable":true,"href":"https:\/\/or-technology.com\/fr\/wp-json\/wp\/v2\/comments?post=2631"}],"version-history":[{"count":9,"href":"https:\/\/or-technology.com\/fr\/wp-json\/wp\/v2\/pages\/2631\/revisions"}],"predecessor-version":[{"id":11308,"href":"https:\/\/or-technology.com\/fr\/wp-json\/wp\/v2\/pages\/2631\/revisions\/11308"}],"wp:attachment":[{"href":"https:\/\/or-technology.com\/fr\/wp-json\/wp\/v2\/media?parent=2631"}],"curies":[{"name":"wp","href":"https:\/\/api.w.org\/{rel}","templated":true}]}}