{"id":7714,"date":"2025-06-30T10:35:11","date_gmt":"2025-06-30T10:35:11","guid":{"rendered":"https:\/\/wp.azde2.ork1.de\/impressum\/"},"modified":"2026-03-31T12:19:49","modified_gmt":"2026-03-31T12:19:49","slug":"mentions-legales","status":"publish","type":"page","link":"https:\/\/or-technology.com\/fr\/mentions-legales\/","title":{"rendered":"Mentions l\u00e9gales"},"content":{"rendered":"    <div class=\"testimonials_section\"  style=\" margin-top:20px;\" >\r\n        <div class=\"container\">\r\n            <div class=\"top_center_info\">\r\n                <h2><\/h2>\r\n                <h1 style=\"text-align: left;\">Mentions l\u00e9gales<\/h1>\n<h2 style=\"text-align: left;\">Si\u00e8ge social : Rostock<\/h2>\n<p style=\"text-align: left;\">Oehm und Rehbein GmbH<br \/>\nNeptunallee 7c<br \/>\n18057 Rostock, Allemagne<\/p>\n<p style=\"text-align: left;\">T\u00e9l\u00e9phone \/ Standard : +49 381 36 600 500<br \/>\nDemandes de support : +49 381 36 600 800<\/p>\n<p style=\"text-align: left;\">E-Mail: <a href=\"mailto:info@oehm-rehbein.de\">info@oehm-rehbein.de<\/a><\/p>\n<h2 style=\"text-align: left;\">Informations compl\u00e9mentaires<\/h2>\n<p style=\"text-align: left;\">N\u00b0 de TVA intracommunautaire : DE 227731719<br \/>\nG\u00e9rants : Tim Thurn, Michael Rieger<br \/>\nSi\u00e8ge social et registre du commerce :<br \/>\nHRB 8923, tribunal d\u2019instance de Rostock<br \/>\nNum\u00e9ro d\u2019enregistrement WEEE : DE 83119876<\/p>\n<h2 style=\"text-align: left;\">Cr\u00e9dits photos<\/h2>\n<p style=\"text-align: left;\">Sauf indication contraire, les images utilis\u00e9es sur ce site web sont prot\u00e9g\u00e9es par le droit d\u2019auteur. Les droits d\u2019utilisation des images provenant de fournisseurs externes (par ex. Adobe Stock, iStock, fotolia) ont \u00e9t\u00e9 d\u00fbment acquis.<\/p>\n<p style=\"text-align: left;\">Photographie des produits : Bernd Hagedorn, Rostock \u2013 <a href=\"https:\/\/fotostudio-hagedorn.de\/\" target=\"_blanc\">fotostudio-hagedorn.de<\/a><\/p>\n<p style=\"text-align: left;\">Certaines images de produits nous ont \u00e9t\u00e9 fournies par les fabricants respectifs des syst\u00e8mes pr\u00e9sent\u00e9s et sont utilis\u00e9es avec leur autorisation.<\/p>\n            <\/div>\r\n            <div class=\"testimonials_section_inner\">\r\n                <div class=\"row\">\r\n                                    <\/div>\r\n            <\/div>\r\n                    <\/div>\r\n    <\/div>\r\n","protected":false},"excerpt":{"rendered":"<p>Mentions l\u00e9gales Si\u00e8ge social : Rostock Oehm und Rehbein GmbH Neptunallee 7c 18057 Rostock, Allemagne T\u00e9l\u00e9phone \/ Standard : +49 381 36 600 500 Demandes de support : +49 381 &#8230;<\/p>\n","protected":false},"author":4,"featured_media":0,"parent":0,"menu_order":0,"comment_status":"closed","ping_status":"closed","template":"","meta":{"_acf_changed":false,"inline_featured_image":false,"footnotes":""},"class_list":["post-7714","page","type-page","status-publish","hentry"],"acf":[],"yoast_head":"<!-- This site is optimized with the Yoast SEO plugin v27.2 - https:\/\/yoast.com\/product\/yoast-seo-wordpress\/ -->\n<title>OR Technology \u2013 Mentions l\u00e9gales<\/title>\n<meta name=\"description\" content=\"Informations l\u00e9gales sur OR Technology, y compris les d\u00e9tails de l\u2019entreprise, les coordonn\u00e9es et la conformit\u00e9 r\u00e9glementaire.\" \/>\n<meta name=\"robots\" content=\"index, follow, max-snippet:-1, max-image-preview:large, max-video-preview:-1\" \/>\n<link rel=\"canonical\" href=\"https:\/\/or-technology.com\/fr\/mentions-legales\/\" \/>\n<meta property=\"og:locale\" content=\"fr_FR\" \/>\n<meta property=\"og:type\" content=\"article\" \/>\n<meta property=\"og:title\" content=\"OR Technology \u2013 Mentions l\u00e9gales\" \/>\n<meta property=\"og:description\" content=\"Informations l\u00e9gales sur OR Technology, y compris les d\u00e9tails de l\u2019entreprise, les coordonn\u00e9es et la conformit\u00e9 r\u00e9glementaire.\" \/>\n<meta property=\"og:url\" content=\"https:\/\/or-technology.com\/fr\/mentions-legales\/\" \/>\n<meta property=\"og:site_name\" content=\"OR Technology\" \/>\n<meta property=\"article:publisher\" content=\"https:\/\/www.facebook.com\/OehmundRehbein\" \/>\n<meta property=\"article:modified_time\" content=\"2026-03-31T12:19:49+00:00\" \/>\n<meta name=\"twitter:card\" content=\"summary_large_image\" \/>\n<script type=\"application\/ld+json\" class=\"yoast-schema-graph\">{\"@context\":\"https:\/\/schema.org\",\"@graph\":[{\"@type\":\"WebPage\",\"@id\":\"https:\/\/or-technology.com\/fr\/mentions-legales\/\",\"url\":\"https:\/\/or-technology.com\/fr\/mentions-legales\/\",\"name\":\"OR Technology \u2013 Mentions l\u00e9gales\",\"isPartOf\":{\"@id\":\"https:\/\/or-technology.com\/fr\/#website\"},\"datePublished\":\"2025-06-30T10:35:11+00:00\",\"dateModified\":\"2026-03-31T12:19:49+00:00\",\"description\":\"Informations l\u00e9gales sur OR Technology, y compris les d\u00e9tails de l\u2019entreprise, les coordonn\u00e9es et la conformit\u00e9 r\u00e9glementaire.\",\"breadcrumb\":{\"@id\":\"https:\/\/or-technology.com\/fr\/mentions-legales\/#breadcrumb\"},\"inLanguage\":\"fr-FR\",\"potentialAction\":[{\"@type\":\"ReadAction\",\"target\":[\"https:\/\/or-technology.com\/fr\/mentions-legales\/\"]}]},{\"@type\":\"BreadcrumbList\",\"@id\":\"https:\/\/or-technology.com\/fr\/mentions-legales\/#breadcrumb\",\"itemListElement\":[{\"@type\":\"ListItem\",\"position\":1,\"name\":\"Home\",\"item\":\"https:\/\/or-technology.com\/fr\/\"},{\"@type\":\"ListItem\",\"position\":2,\"name\":\"Mentions l\u00e9gales\"}]},{\"@type\":\"WebSite\",\"@id\":\"https:\/\/or-technology.com\/fr\/#website\",\"url\":\"https:\/\/or-technology.com\/fr\/\",\"name\":\"OR Technology\",\"description\":\"Instant. Diagnostic. Imaging.\",\"publisher\":{\"@id\":\"https:\/\/or-technology.com\/fr\/#organization\"},\"potentialAction\":[{\"@type\":\"SearchAction\",\"target\":{\"@type\":\"EntryPoint\",\"urlTemplate\":\"https:\/\/or-technology.com\/fr\/?s={search_term_string}\"},\"query-input\":{\"@type\":\"PropertyValueSpecification\",\"valueRequired\":true,\"valueName\":\"search_term_string\"}}],\"inLanguage\":\"fr-FR\"},{\"@type\":\"Organization\",\"@id\":\"https:\/\/or-technology.com\/fr\/#organization\",\"name\":\"OR Technology\",\"alternateName\":\"OR Technology\",\"url\":\"https:\/\/or-technology.com\/fr\/\",\"logo\":{\"@type\":\"ImageObject\",\"inLanguage\":\"fr-FR\",\"@id\":\"https:\/\/or-technology.com\/fr\/#\/schema\/logo\/image\/\",\"url\":\"https:\/\/or-technology.com\/wp-content\/uploads\/2026\/03\/Logo-und-Slogan-EN-blau-verkurzt.svg\",\"contentUrl\":\"https:\/\/or-technology.com\/wp-content\/uploads\/2026\/03\/Logo-und-Slogan-EN-blau-verkurzt.svg\",\"width\":\"1024\",\"height\":\"1024\",\"caption\":\"OR Technology\"},\"image\":{\"@id\":\"https:\/\/or-technology.com\/fr\/#\/schema\/logo\/image\/\"},\"sameAs\":[\"https:\/\/www.facebook.com\/OehmundRehbein\",\"https:\/\/www.instagram.com\/or.technology\/\",\"https:\/\/de.linkedin.com\/company\/oehm-und-rehbein-gmbh\",\"https:\/\/www.youtube.com\/@ORTechnology\"]}]}<\/script>\n<!-- \/ Yoast SEO plugin. -->","yoast_head_json":{"title":"OR Technology \u2013 Mentions l\u00e9gales","description":"Informations l\u00e9gales sur OR Technology, y compris les d\u00e9tails de l\u2019entreprise, les coordonn\u00e9es et la conformit\u00e9 r\u00e9glementaire.","robots":{"index":"index","follow":"follow","max-snippet":"max-snippet:-1","max-image-preview":"max-image-preview:large","max-video-preview":"max-video-preview:-1"},"canonical":"https:\/\/or-technology.com\/fr\/mentions-legales\/","og_locale":"fr_FR","og_type":"article","og_title":"OR Technology \u2013 Mentions l\u00e9gales","og_description":"Informations l\u00e9gales sur OR Technology, y compris les d\u00e9tails de l\u2019entreprise, les coordonn\u00e9es et la conformit\u00e9 r\u00e9glementaire.","og_url":"https:\/\/or-technology.com\/fr\/mentions-legales\/","og_site_name":"OR Technology","article_publisher":"https:\/\/www.facebook.com\/OehmundRehbein","article_modified_time":"2026-03-31T12:19:49+00:00","twitter_card":"summary_large_image","schema":{"@context":"https:\/\/schema.org","@graph":[{"@type":"WebPage","@id":"https:\/\/or-technology.com\/fr\/mentions-legales\/","url":"https:\/\/or-technology.com\/fr\/mentions-legales\/","name":"OR Technology \u2013 Mentions l\u00e9gales","isPartOf":{"@id":"https:\/\/or-technology.com\/fr\/#website"},"datePublished":"2025-06-30T10:35:11+00:00","dateModified":"2026-03-31T12:19:49+00:00","description":"Informations l\u00e9gales sur OR Technology, y compris les d\u00e9tails de l\u2019entreprise, les coordonn\u00e9es et la conformit\u00e9 r\u00e9glementaire.","breadcrumb":{"@id":"https:\/\/or-technology.com\/fr\/mentions-legales\/#breadcrumb"},"inLanguage":"fr-FR","potentialAction":[{"@type":"ReadAction","target":["https:\/\/or-technology.com\/fr\/mentions-legales\/"]}]},{"@type":"BreadcrumbList","@id":"https:\/\/or-technology.com\/fr\/mentions-legales\/#breadcrumb","itemListElement":[{"@type":"ListItem","position":1,"name":"Home","item":"https:\/\/or-technology.com\/fr\/"},{"@type":"ListItem","position":2,"name":"Mentions l\u00e9gales"}]},{"@type":"WebSite","@id":"https:\/\/or-technology.com\/fr\/#website","url":"https:\/\/or-technology.com\/fr\/","name":"OR Technology","description":"Instant. Diagnostic. Imaging.","publisher":{"@id":"https:\/\/or-technology.com\/fr\/#organization"},"potentialAction":[{"@type":"SearchAction","target":{"@type":"EntryPoint","urlTemplate":"https:\/\/or-technology.com\/fr\/?s={search_term_string}"},"query-input":{"@type":"PropertyValueSpecification","valueRequired":true,"valueName":"search_term_string"}}],"inLanguage":"fr-FR"},{"@type":"Organization","@id":"https:\/\/or-technology.com\/fr\/#organization","name":"OR Technology","alternateName":"OR Technology","url":"https:\/\/or-technology.com\/fr\/","logo":{"@type":"ImageObject","inLanguage":"fr-FR","@id":"https:\/\/or-technology.com\/fr\/#\/schema\/logo\/image\/","url":"https:\/\/or-technology.com\/wp-content\/uploads\/2026\/03\/Logo-und-Slogan-EN-blau-verkurzt.svg","contentUrl":"https:\/\/or-technology.com\/wp-content\/uploads\/2026\/03\/Logo-und-Slogan-EN-blau-verkurzt.svg","width":"1024","height":"1024","caption":"OR Technology"},"image":{"@id":"https:\/\/or-technology.com\/fr\/#\/schema\/logo\/image\/"},"sameAs":["https:\/\/www.facebook.com\/OehmundRehbein","https:\/\/www.instagram.com\/or.technology\/","https:\/\/de.linkedin.com\/company\/oehm-und-rehbein-gmbh","https:\/\/www.youtube.com\/@ORTechnology"]}]}},"_links":{"self":[{"href":"https:\/\/or-technology.com\/fr\/wp-json\/wp\/v2\/pages\/7714","targetHints":{"allow":["GET"]}}],"collection":[{"href":"https:\/\/or-technology.com\/fr\/wp-json\/wp\/v2\/pages"}],"about":[{"href":"https:\/\/or-technology.com\/fr\/wp-json\/wp\/v2\/types\/page"}],"author":[{"embeddable":true,"href":"https:\/\/or-technology.com\/fr\/wp-json\/wp\/v2\/users\/4"}],"replies":[{"embeddable":true,"href":"https:\/\/or-technology.com\/fr\/wp-json\/wp\/v2\/comments?post=7714"}],"version-history":[{"count":4,"href":"https:\/\/or-technology.com\/fr\/wp-json\/wp\/v2\/pages\/7714\/revisions"}],"predecessor-version":[{"id":11675,"href":"https:\/\/or-technology.com\/fr\/wp-json\/wp\/v2\/pages\/7714\/revisions\/11675"}],"wp:attachment":[{"href":"https:\/\/or-technology.com\/fr\/wp-json\/wp\/v2\/media?parent=7714"}],"curies":[{"name":"wp","href":"https:\/\/api.w.org\/{rel}","templated":true}]}}