{"id":7720,"date":"2025-06-30T11:08:04","date_gmt":"2025-06-30T11:08:04","guid":{"rendered":"https:\/\/wp.azde2.ork1.de\/technical-changes\/"},"modified":"2026-03-30T14:28:01","modified_gmt":"2026-03-30T14:28:01","slug":"technical-changes","status":"publish","type":"page","link":"https:\/\/or-technology.com\/fr\/sous-reserve-de-modifications-techniques\/","title":{"rendered":"Sous r\u00e9serve de modifications techniques"},"content":{"rendered":"    <div class=\"testimonials_section\"  >\r\n        <div class=\"container\">\r\n            <div class=\"top_center_info\">\r\n                <h2><\/h2>\r\n                <p style=\"text-align: left;\"><strong>Sous r\u00e9serve de modifications techniques.<\/strong><br \/>\nL\u2019\u00e9diteur s\u2019efforce d\u2019assurer l\u2019exactitude et l\u2019actualit\u00e9 des informations mises \u00e0 disposition. Les indications relatives aux contenus techniques reposent toutefois sur l\u2019\u00e9tat actuel des connaissances et sont soumises \u00e0 une \u00e9volution constante. L\u2019\u00e9diteur n\u2019assume donc aucune garantie quant \u00e0 l\u2019actualit\u00e9, l\u2019exactitude et l\u2019exhaustivit\u00e9 des informations fournies sur le site web d\u2019Oehm und Rehbein sur la seule base de ces indications.<br \/>\nTous les logos, images et graphiques pr\u00e9sent\u00e9s sont la propri\u00e9t\u00e9 des entreprises concern\u00e9es et sont prot\u00e9g\u00e9s par le droit d\u2019auteur des titulaires de licence correspondants. Toutes les photos, logos et textes pr\u00e9sent\u00e9s sur ces pages, qui sont des d\u00e9veloppements propres ou ont \u00e9t\u00e9 pr\u00e9par\u00e9s par nos soins, ne peuvent \u00eatre copi\u00e9s ou utilis\u00e9s d\u2019une autre mani\u00e8re sans notre consentement. Tous droits r\u00e9serv\u00e9s.<\/p>\n            <\/div>\r\n            <div class=\"testimonials_section_inner\">\r\n                <div class=\"row\">\r\n                                    <\/div>\r\n            <\/div>\r\n                    <\/div>\r\n    <\/div>\r\n","protected":false},"excerpt":{"rendered":"<p>Sous r\u00e9serve de modifications techniques. L\u2019\u00e9diteur s\u2019efforce d\u2019assurer l\u2019exactitude et l\u2019actualit\u00e9 des informations mises \u00e0 disposition. Les indications relatives aux contenus techniques reposent toutefois sur l\u2019\u00e9tat actuel des connaissances et &#8230;<\/p>\n","protected":false},"author":4,"featured_media":0,"parent":0,"menu_order":0,"comment_status":"closed","ping_status":"closed","template":"","meta":{"_acf_changed":false,"inline_featured_image":false,"footnotes":""},"class_list":["post-7720","page","type-page","status-publish","hentry"],"acf":[],"yoast_head":"<!-- This site is optimized with the Yoast SEO plugin v27.2 - https:\/\/yoast.com\/product\/yoast-seo-wordpress\/ -->\n<title>Sous r\u00e9serve de modifications techniques - OR Technology<\/title>\n<meta name=\"robots\" content=\"index, follow, max-snippet:-1, max-image-preview:large, max-video-preview:-1\" \/>\n<link rel=\"canonical\" href=\"https:\/\/or-technology.com\/fr\/sous-reserve-de-modifications-techniques\/\" \/>\n<meta property=\"og:locale\" content=\"fr_FR\" \/>\n<meta property=\"og:type\" content=\"article\" \/>\n<meta property=\"og:title\" content=\"Sous r\u00e9serve de modifications techniques - OR Technology\" \/>\n<meta property=\"og:description\" content=\"Sous r\u00e9serve de modifications techniques. L\u2019\u00e9diteur s\u2019efforce d\u2019assurer l\u2019exactitude et l\u2019actualit\u00e9 des informations mises \u00e0 disposition. Les indications relatives aux contenus techniques reposent toutefois sur l\u2019\u00e9tat actuel des connaissances et ...\" \/>\n<meta property=\"og:url\" content=\"https:\/\/or-technology.com\/fr\/sous-reserve-de-modifications-techniques\/\" \/>\n<meta property=\"og:site_name\" content=\"OR Technology\" \/>\n<meta property=\"article:publisher\" content=\"https:\/\/www.facebook.com\/OehmundRehbein\" \/>\n<meta property=\"article:modified_time\" content=\"2026-03-30T14:28:01+00:00\" \/>\n<meta name=\"twitter:card\" content=\"summary_large_image\" \/>\n<script type=\"application\/ld+json\" class=\"yoast-schema-graph\">{\"@context\":\"https:\/\/schema.org\",\"@graph\":[{\"@type\":\"WebPage\",\"@id\":\"https:\/\/or-technology.com\/fr\/sous-reserve-de-modifications-techniques\/\",\"url\":\"https:\/\/or-technology.com\/fr\/sous-reserve-de-modifications-techniques\/\",\"name\":\"Sous r\u00e9serve de modifications techniques - OR Technology\",\"isPartOf\":{\"@id\":\"https:\/\/or-technology.com\/fr\/#website\"},\"datePublished\":\"2025-06-30T11:08:04+00:00\",\"dateModified\":\"2026-03-30T14:28:01+00:00\",\"breadcrumb\":{\"@id\":\"https:\/\/or-technology.com\/fr\/sous-reserve-de-modifications-techniques\/#breadcrumb\"},\"inLanguage\":\"fr-FR\",\"potentialAction\":[{\"@type\":\"ReadAction\",\"target\":[\"https:\/\/or-technology.com\/fr\/sous-reserve-de-modifications-techniques\/\"]}]},{\"@type\":\"BreadcrumbList\",\"@id\":\"https:\/\/or-technology.com\/fr\/sous-reserve-de-modifications-techniques\/#breadcrumb\",\"itemListElement\":[{\"@type\":\"ListItem\",\"position\":1,\"name\":\"Home\",\"item\":\"https:\/\/or-technology.com\/fr\/\"},{\"@type\":\"ListItem\",\"position\":2,\"name\":\"Sous r\u00e9serve de modifications techniques\"}]},{\"@type\":\"WebSite\",\"@id\":\"https:\/\/or-technology.com\/fr\/#website\",\"url\":\"https:\/\/or-technology.com\/fr\/\",\"name\":\"OR Technology\",\"description\":\"Instant. Diagnostic. Imaging.\",\"publisher\":{\"@id\":\"https:\/\/or-technology.com\/fr\/#organization\"},\"potentialAction\":[{\"@type\":\"SearchAction\",\"target\":{\"@type\":\"EntryPoint\",\"urlTemplate\":\"https:\/\/or-technology.com\/fr\/?s={search_term_string}\"},\"query-input\":{\"@type\":\"PropertyValueSpecification\",\"valueRequired\":true,\"valueName\":\"search_term_string\"}}],\"inLanguage\":\"fr-FR\"},{\"@type\":\"Organization\",\"@id\":\"https:\/\/or-technology.com\/fr\/#organization\",\"name\":\"OR Technology\",\"alternateName\":\"OR Technology\",\"url\":\"https:\/\/or-technology.com\/fr\/\",\"logo\":{\"@type\":\"ImageObject\",\"inLanguage\":\"fr-FR\",\"@id\":\"https:\/\/or-technology.com\/fr\/#\/schema\/logo\/image\/\",\"url\":\"https:\/\/or-technology.com\/wp-content\/uploads\/2026\/03\/Logo-und-Slogan-EN-blau-verkurzt.svg\",\"contentUrl\":\"https:\/\/or-technology.com\/wp-content\/uploads\/2026\/03\/Logo-und-Slogan-EN-blau-verkurzt.svg\",\"width\":\"1024\",\"height\":\"1024\",\"caption\":\"OR Technology\"},\"image\":{\"@id\":\"https:\/\/or-technology.com\/fr\/#\/schema\/logo\/image\/\"},\"sameAs\":[\"https:\/\/www.facebook.com\/OehmundRehbein\",\"https:\/\/www.instagram.com\/or.technology\/\",\"https:\/\/de.linkedin.com\/company\/oehm-und-rehbein-gmbh\",\"https:\/\/www.youtube.com\/@ORTechnology\"]}]}<\/script>\n<!-- \/ Yoast SEO plugin. -->","yoast_head_json":{"title":"Sous r\u00e9serve de modifications techniques - OR Technology","robots":{"index":"index","follow":"follow","max-snippet":"max-snippet:-1","max-image-preview":"max-image-preview:large","max-video-preview":"max-video-preview:-1"},"canonical":"https:\/\/or-technology.com\/fr\/sous-reserve-de-modifications-techniques\/","og_locale":"fr_FR","og_type":"article","og_title":"Sous r\u00e9serve de modifications techniques - OR Technology","og_description":"Sous r\u00e9serve de modifications techniques. L\u2019\u00e9diteur s\u2019efforce d\u2019assurer l\u2019exactitude et l\u2019actualit\u00e9 des informations mises \u00e0 disposition. Les indications relatives aux contenus techniques reposent toutefois sur l\u2019\u00e9tat actuel des connaissances et ...","og_url":"https:\/\/or-technology.com\/fr\/sous-reserve-de-modifications-techniques\/","og_site_name":"OR Technology","article_publisher":"https:\/\/www.facebook.com\/OehmundRehbein","article_modified_time":"2026-03-30T14:28:01+00:00","twitter_card":"summary_large_image","schema":{"@context":"https:\/\/schema.org","@graph":[{"@type":"WebPage","@id":"https:\/\/or-technology.com\/fr\/sous-reserve-de-modifications-techniques\/","url":"https:\/\/or-technology.com\/fr\/sous-reserve-de-modifications-techniques\/","name":"Sous r\u00e9serve de modifications techniques - OR Technology","isPartOf":{"@id":"https:\/\/or-technology.com\/fr\/#website"},"datePublished":"2025-06-30T11:08:04+00:00","dateModified":"2026-03-30T14:28:01+00:00","breadcrumb":{"@id":"https:\/\/or-technology.com\/fr\/sous-reserve-de-modifications-techniques\/#breadcrumb"},"inLanguage":"fr-FR","potentialAction":[{"@type":"ReadAction","target":["https:\/\/or-technology.com\/fr\/sous-reserve-de-modifications-techniques\/"]}]},{"@type":"BreadcrumbList","@id":"https:\/\/or-technology.com\/fr\/sous-reserve-de-modifications-techniques\/#breadcrumb","itemListElement":[{"@type":"ListItem","position":1,"name":"Home","item":"https:\/\/or-technology.com\/fr\/"},{"@type":"ListItem","position":2,"name":"Sous r\u00e9serve de modifications techniques"}]},{"@type":"WebSite","@id":"https:\/\/or-technology.com\/fr\/#website","url":"https:\/\/or-technology.com\/fr\/","name":"OR Technology","description":"Instant. Diagnostic. Imaging.","publisher":{"@id":"https:\/\/or-technology.com\/fr\/#organization"},"potentialAction":[{"@type":"SearchAction","target":{"@type":"EntryPoint","urlTemplate":"https:\/\/or-technology.com\/fr\/?s={search_term_string}"},"query-input":{"@type":"PropertyValueSpecification","valueRequired":true,"valueName":"search_term_string"}}],"inLanguage":"fr-FR"},{"@type":"Organization","@id":"https:\/\/or-technology.com\/fr\/#organization","name":"OR Technology","alternateName":"OR Technology","url":"https:\/\/or-technology.com\/fr\/","logo":{"@type":"ImageObject","inLanguage":"fr-FR","@id":"https:\/\/or-technology.com\/fr\/#\/schema\/logo\/image\/","url":"https:\/\/or-technology.com\/wp-content\/uploads\/2026\/03\/Logo-und-Slogan-EN-blau-verkurzt.svg","contentUrl":"https:\/\/or-technology.com\/wp-content\/uploads\/2026\/03\/Logo-und-Slogan-EN-blau-verkurzt.svg","width":"1024","height":"1024","caption":"OR Technology"},"image":{"@id":"https:\/\/or-technology.com\/fr\/#\/schema\/logo\/image\/"},"sameAs":["https:\/\/www.facebook.com\/OehmundRehbein","https:\/\/www.instagram.com\/or.technology\/","https:\/\/de.linkedin.com\/company\/oehm-und-rehbein-gmbh","https:\/\/www.youtube.com\/@ORTechnology"]}]}},"_links":{"self":[{"href":"https:\/\/or-technology.com\/fr\/wp-json\/wp\/v2\/pages\/7720","targetHints":{"allow":["GET"]}}],"collection":[{"href":"https:\/\/or-technology.com\/fr\/wp-json\/wp\/v2\/pages"}],"about":[{"href":"https:\/\/or-technology.com\/fr\/wp-json\/wp\/v2\/types\/page"}],"author":[{"embeddable":true,"href":"https:\/\/or-technology.com\/fr\/wp-json\/wp\/v2\/users\/4"}],"replies":[{"embeddable":true,"href":"https:\/\/or-technology.com\/fr\/wp-json\/wp\/v2\/comments?post=7720"}],"version-history":[{"count":5,"href":"https:\/\/or-technology.com\/fr\/wp-json\/wp\/v2\/pages\/7720\/revisions"}],"predecessor-version":[{"id":12783,"href":"https:\/\/or-technology.com\/fr\/wp-json\/wp\/v2\/pages\/7720\/revisions\/12783"}],"wp:attachment":[{"href":"https:\/\/or-technology.com\/fr\/wp-json\/wp\/v2\/media?parent=7720"}],"curies":[{"name":"wp","href":"https:\/\/api.w.org\/{rel}","templated":true}]}}